{"id":2493,"date":"2019-08-13T14:52:22","date_gmt":"2019-08-13T18:52:22","guid":{"rendered":"https:\/\/www.groupesomavrac.com\/health-safety-and-environment\/"},"modified":"2024-01-22T11:38:18","modified_gmt":"2024-01-22T16:38:18","slug":"health-safety-and-environment","status":"publish","type":"page","link":"https:\/\/www.groupesomavrac.com\/en\/subsidiaries\/uba\/health-safety-and-environment\/","title":{"rendered":"Health, Safety and Environment"},"content":{"rendered":"\t\t<div data-elementor-type=\"wp-post\" data-elementor-id=\"2493\" class=\"elementor elementor-2493 elementor-1213\" data-elementor-post-type=\"page\">\n\t\t\t\t\t\t<section class=\"elementor-section elementor-top-section elementor-element elementor-element-6977b6f elementor-section-stretched elementor-section-full_width elementor-section-height-default elementor-section-height-default\" data-id=\"6977b6f\" data-element_type=\"section\" data-e-type=\"section\" data-settings=\"{&quot;stretch_section&quot;:&quot;section-stretched&quot;,&quot;background_background&quot;:&quot;classic&quot;}\">\n\t\t\t\t\t\t<div class=\"elementor-container elementor-column-gap-no\">\n\t\t\t\t\t<div class=\"elementor-column elementor-col-100 elementor-top-column elementor-element elementor-element-cb52ca0\" data-id=\"cb52ca0\" data-element_type=\"column\" data-e-type=\"column\">\n\t\t\t<div class=\"elementor-widget-wrap elementor-element-populated\">\n\t\t\t\t\t\t<div class=\"elementor-element elementor-element-3ac1a10 breadcrumbs elementor-widget elementor-widget-shortcode\" data-id=\"3ac1a10\" data-element_type=\"widget\" data-e-type=\"widget\" data-widget_type=\"shortcode.default\">\n\t\t\t\t\t\t\t<div class=\"elementor-shortcode\"><\/div>\n\t\t\t\t\t\t<\/div>\n\t\t\t\t<div class=\"elementor-element elementor-element-1049fde page-header elementor-widget elementor-widget-text-editor\" data-id=\"1049fde\" data-element_type=\"widget\" data-e-type=\"widget\" data-widget_type=\"text-editor.default\">\n\t\t\t\t\t\t\t\t\t<div class=\"header-wrapper\">\n<p class=\"pageTitle\">Trusted solutions<\/p>\n<\/div>\n\t\t\t\t\t\t\t\t<\/div>\n\t\t\t\t\t<\/div>\n\t\t<\/div>\n\t\t\t\t\t<\/div>\n\t\t<\/section>\n\t\t\t\t<section class=\"elementor-section elementor-top-section elementor-element elementor-element-ef285c9 elementor-section-stretched elementor-reverse-tablet elementor-reverse-mobile elementor-section-boxed elementor-section-height-default elementor-section-height-default\" data-id=\"ef285c9\" data-element_type=\"section\" data-e-type=\"section\" data-settings=\"{&quot;stretch_section&quot;:&quot;section-stretched&quot;}\">\n\t\t\t\t\t\t<div class=\"elementor-container elementor-column-gap-default\">\n\t\t\t\t\t<div class=\"elementor-column elementor-col-100 elementor-top-column elementor-element elementor-element-6ab1f7b\" data-id=\"6ab1f7b\" data-element_type=\"column\" data-e-type=\"column\">\n\t\t\t<div class=\"elementor-widget-wrap elementor-element-populated\">\n\t\t\t\t\t\t<div class=\"elementor-element elementor-element-abbc965 elementor-widget elementor-widget-heading\" data-id=\"abbc965\" data-element_type=\"widget\" data-e-type=\"widget\" data-widget_type=\"heading.default\">\n\t\t\t\t\t<h1 class=\"elementor-heading-title elementor-size-default\">UBA: Health, Safety and Environment<\/h1>\t\t\t\t<\/div>\n\t\t\t\t<div class=\"elementor-element elementor-element-03d2927 elementor-widget elementor-widget-image\" data-id=\"03d2927\" data-element_type=\"widget\" data-e-type=\"widget\" data-widget_type=\"image.default\">\n\t\t\t\t\t\t\t\t\t\t\t\t\t\t\t<img fetchpriority=\"high\" decoding=\"async\" width=\"851\" height=\"567\" src=\"https:\/\/www.groupesomavrac.com\/wp-content\/uploads\/2019\/07\/sante-securite-uba.jpg\" class=\"attachment-full size-full wp-image-1218\" alt=\"Sant\u00e9, s\u00e9curit\u00e9 et environnement, UBA\" srcset=\"https:\/\/www.groupesomavrac.com\/wp-content\/uploads\/2019\/07\/sante-securite-uba.jpg 851w, https:\/\/www.groupesomavrac.com\/wp-content\/uploads\/2019\/07\/sante-securite-uba-600x400.jpg 600w, https:\/\/www.groupesomavrac.com\/wp-content\/uploads\/2019\/07\/sante-securite-uba-300x200.jpg 300w, https:\/\/www.groupesomavrac.com\/wp-content\/uploads\/2019\/07\/sante-securite-uba-768x512.jpg 768w\" sizes=\"(max-width: 851px) 100vw, 851px\" \/>\t\t\t\t\t\t\t\t\t\t\t\t\t\t\t<\/div>\n\t\t\t\t<div class=\"elementor-element elementor-element-d876947 elementor-widget elementor-widget-text-editor\" data-id=\"d876947\" data-element_type=\"widget\" data-e-type=\"widget\" data-widget_type=\"text-editor.default\">\n\t\t\t\t\t\t\t\t\t<p>Providing a safe and healthy workplace for employees by controlling hazards with quality processes, equipment and training, in accordance with legislative requirements and safe work procedures is at the heart of UBA\u2019s health, safety and environment policy. Being a chemical supplier that meets and exceeds customer requirements in an ethical, professional and diligent manner is part of the company employees\u2019 day-to-day work.<\/p>\n\t\t\t\t\t\t\t\t<\/div>\n\t\t\t\t<section class=\"elementor-section elementor-inner-section elementor-element elementor-element-06392a0 elementor-section-boxed elementor-section-height-default elementor-section-height-default\" data-id=\"06392a0\" data-element_type=\"section\" data-e-type=\"section\">\n\t\t\t\t\t\t<div class=\"elementor-container elementor-column-gap-default\">\n\t\t\t\t\t<div class=\"elementor-column elementor-col-50 elementor-inner-column elementor-element elementor-element-3fa3115\" data-id=\"3fa3115\" data-element_type=\"column\" data-e-type=\"column\">\n\t\t\t<div class=\"elementor-widget-wrap elementor-element-populated\">\n\t\t\t\t\t\t<div class=\"elementor-element elementor-element-53d4fe5 elementor-widget elementor-widget-text-editor\" data-id=\"53d4fe5\" data-element_type=\"widget\" data-e-type=\"widget\" data-widget_type=\"text-editor.default\">\n\t\t\t\t\t\t\t\t\t<p>We also hold CTPAT (Customs-Trade Partnership Against Terrorism) certification, through which all supply chain participants cooperate with U.S. Customs to develop security methods for every phase of their operations.<\/p>\t\t\t\t\t\t\t\t<\/div>\n\t\t\t\t\t<\/div>\n\t\t<\/div>\n\t\t\t\t<div class=\"elementor-column elementor-col-50 elementor-inner-column elementor-element elementor-element-be08973\" data-id=\"be08973\" data-element_type=\"column\" data-e-type=\"column\">\n\t\t\t<div class=\"elementor-widget-wrap elementor-element-populated\">\n\t\t\t\t\t\t<div class=\"elementor-element elementor-element-2c4404b elementor-widget elementor-widget-image\" data-id=\"2c4404b\" data-element_type=\"widget\" data-e-type=\"widget\" data-widget_type=\"image.default\">\n\t\t\t\t\t\t\t\t\t\t\t\t\t\t\t<img decoding=\"async\" width=\"1024\" height=\"257\" src=\"https:\/\/www.groupesomavrac.com\/wp-content\/uploads\/2024\/01\/CTPAT-tm-cm-1024x257.png\" class=\"attachment-large size-large wp-image-20921\" alt=\"\" srcset=\"https:\/\/www.groupesomavrac.com\/wp-content\/uploads\/2024\/01\/CTPAT-tm-cm-1024x257.png 1024w, https:\/\/www.groupesomavrac.com\/wp-content\/uploads\/2024\/01\/CTPAT-tm-cm-300x75.png 300w, https:\/\/www.groupesomavrac.com\/wp-content\/uploads\/2024\/01\/CTPAT-tm-cm-768x193.png 768w, https:\/\/www.groupesomavrac.com\/wp-content\/uploads\/2024\/01\/CTPAT-tm-cm-600x150.png 600w, https:\/\/www.groupesomavrac.com\/wp-content\/uploads\/2024\/01\/CTPAT-tm-cm.png 1113w\" sizes=\"(max-width: 1024px) 100vw, 1024px\" \/>\t\t\t\t\t\t\t\t\t\t\t\t\t\t\t<\/div>\n\t\t\t\t\t<\/div>\n\t\t<\/div>\n\t\t\t\t\t<\/div>\n\t\t<\/section>\n\t\t\t\t<div class=\"elementor-element elementor-element-a90edd0 elementor-widget elementor-widget-spacer\" data-id=\"a90edd0\" data-element_type=\"widget\" data-e-type=\"widget\" data-widget_type=\"spacer.default\">\n\t\t\t\t\t\t\t<div class=\"elementor-spacer\">\n\t\t\t<div class=\"elementor-spacer-inner\"><\/div>\n\t\t<\/div>\n\t\t\t\t\t\t<\/div>\n\t\t\t\t<div class=\"elementor-element elementor-element-8b536f5 boutton elementor-widget elementor-widget-button\" data-id=\"8b536f5\" data-element_type=\"widget\" data-e-type=\"widget\" data-widget_type=\"button.default\">\n\t\t\t\t\t\t\t\t\t\t<a class=\"elementor-button elementor-button-link elementor-size-sm\" href=\"\/en\/product-category\/uba-en\/all-products-uba\/\">\n\t\t\t\t\t\t<span class=\"elementor-button-content-wrapper\">\n\t\t\t\t\t\t\t\t\t<span class=\"elementor-button-text\">Our chemical products<\/span>\n\t\t\t\t\t<\/span>\n\t\t\t\t\t<\/a>\n\t\t\t\t\t\t\t\t<\/div>\n\t\t\t\t<div class=\"elementor-element elementor-element-dc2f846 elementor-widget elementor-widget-heading\" data-id=\"dc2f846\" data-element_type=\"widget\" data-e-type=\"widget\" data-widget_type=\"heading.default\">\n\t\t\t\t\t<h2 class=\"elementor-heading-title elementor-size-default\">Qualified personnel trained for every event<\/h2>\t\t\t\t<\/div>\n\t\t\t\t<div class=\"elementor-element elementor-element-60c4130 elementor-widget elementor-widget-text-editor\" data-id=\"60c4130\" data-element_type=\"widget\" data-e-type=\"widget\" data-widget_type=\"text-editor.default\">\n\t\t\t\t\t\t\t\t\t<p>UBA is proud to have highly qualified drivers who have the technical expertise and training to distribute each product. With a strong focus on customers and health, safety and the environment, courtesy and proactivity about their time management, UBA drivers perform partial load deliveries using a pump, rather than compressed air as several other distribution companies do. This method ensures precise delivery of ordered quantities and safe transfers, because trailers don\u2019t have to be depressurized after unloading.<\/p>\n<p>Prior to the founding of UBA, two distribution methods were available to customers: products could be received in bulk or in boilers, drums or other small tote formats. Handling was laborious, increased the risk of accidents, led to significant investments in storage systems, and, in some cases, called for additional storage space.<\/p>\n<p>UBA\u2019s solution: install tanks sized to customer demand directly on-site. Handling totes is no longer necessary. Tanks are directly connected to customers\u2019 manufacturing processes. Deliveries are carried out by trained employees and warehousing systems are systematically maintained and inspected.<\/p>\n\t\t\t\t\t\t\t\t<\/div>\n\t\t\t\t<div class=\"elementor-element elementor-element-13d966d elementor-widget elementor-widget-heading\" data-id=\"13d966d\" data-element_type=\"widget\" data-e-type=\"widget\" data-widget_type=\"heading.default\">\n\t\t\t\t\t<h2 class=\"elementor-heading-title elementor-size-default\">Founding Member of Responsible distribution Canada (RDC)<\/h2>\t\t\t\t<\/div>\n\t\t\t\t<div class=\"elementor-element elementor-element-b1e2b66 elementor-widget elementor-widget-text-editor\" data-id=\"b1e2b66\" data-element_type=\"widget\" data-e-type=\"widget\" data-widget_type=\"text-editor.default\">\n\t\t\t\t\t\t\t\t\t<p>UBA is a founding member of Responsible Distribution Canada, formally CACD (Canadian Association of Chemical Distributors) which was created in 1988. The Responsible Distribution Canada program is based on various ISO standards, which ensures that members conduct rigorous and independent third party verification audits.&nbsp;<\/p>\t\t\t\t\t\t\t\t<\/div>\n\t\t\t\t<div class=\"elementor-element elementor-element-f879c8b elementor-widget elementor-widget-heading\" data-id=\"f879c8b\" data-element_type=\"widget\" data-e-type=\"widget\" data-widget_type=\"heading.default\">\n\t\t\t\t\t<h2 class=\"elementor-heading-title elementor-size-default\">Services and benefits<\/h2>\t\t\t\t<\/div>\n\t\t\t\t<div class=\"elementor-element elementor-element-af62a5c elementor-widget elementor-widget-text-editor\" data-id=\"af62a5c\" data-element_type=\"widget\" data-e-type=\"widget\" data-widget_type=\"text-editor.default\">\n\t\t\t\t\t\t\t\t\t<ul>\n<li>24\/7 emergency service<\/li>\n<li>Subscription to a liability insurance policy<\/li>\n<\/ul>\n\t\t\t\t\t\t\t\t<\/div>\n\t\t\t\t<div class=\"elementor-element elementor-element-075cdb5 boutton elementor-widget elementor-widget-button\" data-id=\"075cdb5\" data-element_type=\"widget\" data-e-type=\"widget\" data-widget_type=\"button.default\">\n\t\t\t\t\t\t\t\t\t\t<a class=\"elementor-button elementor-button-link elementor-size-sm\" href=\"\/en\/subsidiaries\/uba\/\">\n\t\t\t\t\t\t<span class=\"elementor-button-content-wrapper\">\n\t\t\t\t\t\t\t\t\t<span class=\"elementor-button-text\">Return<\/span>\n\t\t\t\t\t<\/span>\n\t\t\t\t\t<\/a>\n\t\t\t\t\t\t\t\t<\/div>\n\t\t\t\t\t<\/div>\n\t\t<\/div>\n\t\t\t\t\t<\/div>\n\t\t<\/section>\n\t\t\t\t<\/div>\n\t\t","protected":false},"excerpt":{"rendered":"<p>Trusted solutions UBA: Health, Safety and Environment Providing a safe and healthy workplace for employees by controlling hazards with quality processes, equipment and training, in accordance with legislative requirements and safe work procedures is at the heart of UBA\u2019s health, safety and environment policy. Being a chemical supplier that meets and exceeds customer requirements in [&hellip;]<\/p>\n","protected":false},"author":1,"featured_media":0,"parent":2506,"menu_order":0,"comment_status":"closed","ping_status":"closed","template":"","meta":{"_acf_changed":false,"inline_featured_image":false,"footnotes":""},"class_list":["post-2493","page","type-page","status-publish","hentry"],"acf":[],"yoast_head":"<!-- This site is optimized with the Yoast SEO plugin v26.9 - https:\/\/yoast.com\/product\/yoast-seo-wordpress\/ -->\n<title>Health, Safety and Environment | UBA inc | Trusted Chemical Distributor<\/title>\n<meta name=\"description\" content=\"UBA ensures health safety and environmental compliance. We conduct our business in a responsible way in order to protect the environment.\" \/>\n<meta name=\"robots\" content=\"index, follow, max-snippet:-1, max-image-preview:large, max-video-preview:-1\" \/>\n<link rel=\"canonical\" href=\"https:\/\/www.groupesomavrac.com\/en\/subsidiaries\/uba\/health-safety-and-environment\/\" \/>\n<meta property=\"og:locale\" content=\"en_US\" \/>\n<meta property=\"og:type\" content=\"article\" \/>\n<meta property=\"og:title\" content=\"Health, Safety and Environment | UBA inc | Trusted Chemical Distributor\" \/>\n<meta property=\"og:description\" content=\"UBA ensures health safety and environmental compliance. We conduct our business in a responsible way in order to protect the environment.\" \/>\n<meta property=\"og:url\" content=\"https:\/\/www.groupesomavrac.com\/en\/subsidiaries\/uba\/health-safety-and-environment\/\" \/>\n<meta property=\"og:site_name\" content=\"Groupe Somavrac\" \/>\n<meta property=\"article:modified_time\" content=\"2024-01-22T16:38:18+00:00\" \/>\n<meta property=\"og:image\" content=\"https:\/\/www.groupesomavrac.com\/wp-content\/uploads\/2019\/07\/sante-securite-uba.jpg\" \/>\n<meta name=\"twitter:card\" content=\"summary_large_image\" \/>\n<meta name=\"twitter:label1\" content=\"Est. reading time\" \/>\n\t<meta name=\"twitter:data1\" content=\"2 minutes\" \/>\n<script type=\"application\/ld+json\" class=\"yoast-schema-graph\">{\"@context\":\"https:\/\/schema.org\",\"@graph\":[{\"@type\":\"WebPage\",\"@id\":\"https:\/\/www.groupesomavrac.com\/en\/subsidiaries\/uba\/health-safety-and-environment\/\",\"url\":\"https:\/\/www.groupesomavrac.com\/en\/subsidiaries\/uba\/health-safety-and-environment\/\",\"name\":\"Health, Safety and Environment | UBA inc | Trusted Chemical Distributor\",\"isPartOf\":{\"@id\":\"https:\/\/www.groupesomavrac.com\/en\/#website\"},\"primaryImageOfPage\":{\"@id\":\"https:\/\/www.groupesomavrac.com\/en\/subsidiaries\/uba\/health-safety-and-environment\/#primaryimage\"},\"image\":{\"@id\":\"https:\/\/www.groupesomavrac.com\/en\/subsidiaries\/uba\/health-safety-and-environment\/#primaryimage\"},\"thumbnailUrl\":\"https:\/\/www.groupesomavrac.com\/wp-content\/uploads\/2019\/07\/sante-securite-uba.jpg\",\"datePublished\":\"2019-08-13T18:52:22+00:00\",\"dateModified\":\"2024-01-22T16:38:18+00:00\",\"description\":\"UBA ensures health safety and environmental compliance. We conduct our business in a responsible way in order to protect the environment.\",\"breadcrumb\":{\"@id\":\"https:\/\/www.groupesomavrac.com\/en\/subsidiaries\/uba\/health-safety-and-environment\/#breadcrumb\"},\"inLanguage\":\"en-CA\",\"potentialAction\":[{\"@type\":\"ReadAction\",\"target\":[\"https:\/\/www.groupesomavrac.com\/en\/subsidiaries\/uba\/health-safety-and-environment\/\"]}]},{\"@type\":\"ImageObject\",\"inLanguage\":\"en-CA\",\"@id\":\"https:\/\/www.groupesomavrac.com\/en\/subsidiaries\/uba\/health-safety-and-environment\/#primaryimage\",\"url\":\"https:\/\/www.groupesomavrac.com\/wp-content\/uploads\/2019\/07\/sante-securite-uba.jpg\",\"contentUrl\":\"https:\/\/www.groupesomavrac.com\/wp-content\/uploads\/2019\/07\/sante-securite-uba.jpg\"},{\"@type\":\"BreadcrumbList\",\"@id\":\"https:\/\/www.groupesomavrac.com\/en\/subsidiaries\/uba\/health-safety-and-environment\/#breadcrumb\",\"itemListElement\":[{\"@type\":\"ListItem\",\"position\":1,\"name\":\"Subsidiaries\",\"item\":\"https:\/\/www.groupesomavrac.com\/en\/subsidiaries\/\"},{\"@type\":\"ListItem\",\"position\":2,\"name\":\"UBA\",\"item\":\"https:\/\/www.groupesomavrac.com\/en\/filiales\/uba\/\"},{\"@type\":\"ListItem\",\"position\":3,\"name\":\"Health, Safety and Environment\"}]},{\"@type\":\"WebSite\",\"@id\":\"https:\/\/www.groupesomavrac.com\/en\/#website\",\"url\":\"https:\/\/www.groupesomavrac.com\/en\/\",\"name\":\"Groupe Somavrac\",\"description\":\"Partenaire de votre cha\u00eene logistique\",\"potentialAction\":[{\"@type\":\"SearchAction\",\"target\":{\"@type\":\"EntryPoint\",\"urlTemplate\":\"https:\/\/www.groupesomavrac.com\/en\/?s={search_term_string}\"},\"query-input\":{\"@type\":\"PropertyValueSpecification\",\"valueRequired\":true,\"valueName\":\"search_term_string\"}}],\"inLanguage\":\"en-CA\"}]}<\/script>\n<!-- \/ Yoast SEO plugin. -->","yoast_head_json":{"title":"Health, Safety and Environment | UBA inc | Trusted Chemical Distributor","description":"UBA ensures health safety and environmental compliance. We conduct our business in a responsible way in order to protect the environment.","robots":{"index":"index","follow":"follow","max-snippet":"max-snippet:-1","max-image-preview":"max-image-preview:large","max-video-preview":"max-video-preview:-1"},"canonical":"https:\/\/www.groupesomavrac.com\/en\/subsidiaries\/uba\/health-safety-and-environment\/","og_locale":"en_US","og_type":"article","og_title":"Health, Safety and Environment | UBA inc | Trusted Chemical Distributor","og_description":"UBA ensures health safety and environmental compliance. We conduct our business in a responsible way in order to protect the environment.","og_url":"https:\/\/www.groupesomavrac.com\/en\/subsidiaries\/uba\/health-safety-and-environment\/","og_site_name":"Groupe Somavrac","article_modified_time":"2024-01-22T16:38:18+00:00","og_image":[{"url":"https:\/\/www.groupesomavrac.com\/wp-content\/uploads\/2019\/07\/sante-securite-uba.jpg","type":"","width":"","height":""}],"twitter_card":"summary_large_image","twitter_misc":{"Est. reading time":"2 minutes"},"schema":{"@context":"https:\/\/schema.org","@graph":[{"@type":"WebPage","@id":"https:\/\/www.groupesomavrac.com\/en\/subsidiaries\/uba\/health-safety-and-environment\/","url":"https:\/\/www.groupesomavrac.com\/en\/subsidiaries\/uba\/health-safety-and-environment\/","name":"Health, Safety and Environment | UBA inc | Trusted Chemical Distributor","isPartOf":{"@id":"https:\/\/www.groupesomavrac.com\/en\/#website"},"primaryImageOfPage":{"@id":"https:\/\/www.groupesomavrac.com\/en\/subsidiaries\/uba\/health-safety-and-environment\/#primaryimage"},"image":{"@id":"https:\/\/www.groupesomavrac.com\/en\/subsidiaries\/uba\/health-safety-and-environment\/#primaryimage"},"thumbnailUrl":"https:\/\/www.groupesomavrac.com\/wp-content\/uploads\/2019\/07\/sante-securite-uba.jpg","datePublished":"2019-08-13T18:52:22+00:00","dateModified":"2024-01-22T16:38:18+00:00","description":"UBA ensures health safety and environmental compliance. We conduct our business in a responsible way in order to protect the environment.","breadcrumb":{"@id":"https:\/\/www.groupesomavrac.com\/en\/subsidiaries\/uba\/health-safety-and-environment\/#breadcrumb"},"inLanguage":"en-CA","potentialAction":[{"@type":"ReadAction","target":["https:\/\/www.groupesomavrac.com\/en\/subsidiaries\/uba\/health-safety-and-environment\/"]}]},{"@type":"ImageObject","inLanguage":"en-CA","@id":"https:\/\/www.groupesomavrac.com\/en\/subsidiaries\/uba\/health-safety-and-environment\/#primaryimage","url":"https:\/\/www.groupesomavrac.com\/wp-content\/uploads\/2019\/07\/sante-securite-uba.jpg","contentUrl":"https:\/\/www.groupesomavrac.com\/wp-content\/uploads\/2019\/07\/sante-securite-uba.jpg"},{"@type":"BreadcrumbList","@id":"https:\/\/www.groupesomavrac.com\/en\/subsidiaries\/uba\/health-safety-and-environment\/#breadcrumb","itemListElement":[{"@type":"ListItem","position":1,"name":"Subsidiaries","item":"https:\/\/www.groupesomavrac.com\/en\/subsidiaries\/"},{"@type":"ListItem","position":2,"name":"UBA","item":"https:\/\/www.groupesomavrac.com\/en\/filiales\/uba\/"},{"@type":"ListItem","position":3,"name":"Health, Safety and Environment"}]},{"@type":"WebSite","@id":"https:\/\/www.groupesomavrac.com\/en\/#website","url":"https:\/\/www.groupesomavrac.com\/en\/","name":"Groupe Somavrac","description":"Partenaire de votre cha\u00eene logistique","potentialAction":[{"@type":"SearchAction","target":{"@type":"EntryPoint","urlTemplate":"https:\/\/www.groupesomavrac.com\/en\/?s={search_term_string}"},"query-input":{"@type":"PropertyValueSpecification","valueRequired":true,"valueName":"search_term_string"}}],"inLanguage":"en-CA"}]}},"_links":{"self":[{"href":"https:\/\/www.groupesomavrac.com\/en\/wp-json\/wp\/v2\/pages\/2493","targetHints":{"allow":["GET"]}}],"collection":[{"href":"https:\/\/www.groupesomavrac.com\/en\/wp-json\/wp\/v2\/pages"}],"about":[{"href":"https:\/\/www.groupesomavrac.com\/en\/wp-json\/wp\/v2\/types\/page"}],"author":[{"embeddable":true,"href":"https:\/\/www.groupesomavrac.com\/en\/wp-json\/wp\/v2\/users\/1"}],"replies":[{"embeddable":true,"href":"https:\/\/www.groupesomavrac.com\/en\/wp-json\/wp\/v2\/comments?post=2493"}],"version-history":[{"count":19,"href":"https:\/\/www.groupesomavrac.com\/en\/wp-json\/wp\/v2\/pages\/2493\/revisions"}],"predecessor-version":[{"id":20946,"href":"https:\/\/www.groupesomavrac.com\/en\/wp-json\/wp\/v2\/pages\/2493\/revisions\/20946"}],"up":[{"embeddable":true,"href":"https:\/\/www.groupesomavrac.com\/en\/wp-json\/wp\/v2\/pages\/2506"}],"wp:attachment":[{"href":"https:\/\/www.groupesomavrac.com\/en\/wp-json\/wp\/v2\/media?parent=2493"}],"curies":[{"name":"wp","href":"https:\/\/api.w.org\/{rel}","templated":true}]}}