{"id":1066,"date":"2019-07-29T15:24:09","date_gmt":"2019-07-29T19:24:09","guid":{"rendered":"https:\/\/www.groupesomavrac.com\/?page_id=1066"},"modified":"2024-01-22T11:02:39","modified_gmt":"2024-01-22T16:02:39","slug":"filiales","status":"publish","type":"page","link":"https:\/\/www.groupesomavrac.com\/fr\/filiales\/","title":{"rendered":"Nos Filiales"},"content":{"rendered":"","protected":false},"excerpt":{"rendered":"","protected":false},"author":1,"featured_media":0,"parent":0,"menu_order":0,"comment_status":"closed","ping_status":"closed","template":"","meta":{"_acf_changed":false,"inline_featured_image":false,"footnotes":""},"class_list":["post-1066","page","type-page","status-publish","hentry"],"acf":[],"yoast_head":"<!-- This site is optimized with the Yoast SEO plugin v26.9 - https:\/\/yoast.com\/product\/yoast-seo-wordpress\/ -->\n<title>Groupe Somavrac - Nos Filiales - Synergie et compl\u00e9mentarit\u00e9<\/title>\n<meta name=\"description\" content=\"Les filiales du Groupe Somavrac prennent en charge une partie ou l\u2019ensemble des activit\u00e9s logistiques au b\u00e9n\u00e9fice de sa client\u00e8le\" \/>\n<meta name=\"robots\" content=\"noindex, follow\" \/>\n<meta property=\"og:locale\" content=\"fr_CA\" \/>\n<meta property=\"og:type\" content=\"article\" \/>\n<meta property=\"og:title\" content=\"Groupe Somavrac - Nos Filiales - Synergie et compl\u00e9mentarit\u00e9\" \/>\n<meta property=\"og:description\" content=\"Les filiales du Groupe Somavrac prennent en charge une partie ou l\u2019ensemble des activit\u00e9s logistiques au b\u00e9n\u00e9fice de sa client\u00e8le\" \/>\n<meta property=\"og:url\" content=\"https:\/\/www.groupesomavrac.com\/fr\/filiales\/\" \/>\n<meta property=\"og:site_name\" content=\"Groupe Somavrac\" \/>\n<meta property=\"article:modified_time\" content=\"2024-01-22T16:02:39+00:00\" \/>\n<meta name=\"twitter:card\" content=\"summary_large_image\" \/>\n<script type=\"application\/ld+json\" class=\"yoast-schema-graph\">{\"@context\":\"https:\/\/schema.org\",\"@graph\":[{\"@type\":\"WebPage\",\"@id\":\"https:\/\/www.groupesomavrac.com\/fr\/filiales\/\",\"url\":\"https:\/\/www.groupesomavrac.com\/fr\/filiales\/\",\"name\":\"Groupe Somavrac - Nos Filiales - Synergie et compl\u00e9mentarit\u00e9\",\"isPartOf\":{\"@id\":\"https:\/\/www.groupesomavrac.com\/fr\/#website\"},\"datePublished\":\"2019-07-29T19:24:09+00:00\",\"dateModified\":\"2024-01-22T16:02:39+00:00\",\"description\":\"Les filiales du Groupe Somavrac prennent en charge une partie ou l\u2019ensemble des activit\u00e9s logistiques au b\u00e9n\u00e9fice de sa client\u00e8le\",\"inLanguage\":\"fr-CA\",\"potentialAction\":[{\"@type\":\"ReadAction\",\"target\":[\"https:\/\/www.groupesomavrac.com\/fr\/filiales\/\"]}]},{\"@type\":\"WebSite\",\"@id\":\"https:\/\/www.groupesomavrac.com\/fr\/#website\",\"url\":\"https:\/\/www.groupesomavrac.com\/fr\/\",\"name\":\"Groupe Somavrac\",\"description\":\"Partenaire de votre cha\u00eene logistique\",\"potentialAction\":[{\"@type\":\"SearchAction\",\"target\":{\"@type\":\"EntryPoint\",\"urlTemplate\":\"https:\/\/www.groupesomavrac.com\/fr\/?s={search_term_string}\"},\"query-input\":{\"@type\":\"PropertyValueSpecification\",\"valueRequired\":true,\"valueName\":\"search_term_string\"}}],\"inLanguage\":\"fr-CA\"}]}<\/script>\n<!-- \/ Yoast SEO plugin. -->","yoast_head_json":{"title":"Groupe Somavrac - Nos Filiales - Synergie et compl\u00e9mentarit\u00e9","description":"Les filiales du Groupe Somavrac prennent en charge une partie ou l\u2019ensemble des activit\u00e9s logistiques au b\u00e9n\u00e9fice de sa client\u00e8le","robots":{"index":"noindex","follow":"follow"},"og_locale":"fr_CA","og_type":"article","og_title":"Groupe Somavrac - Nos Filiales - Synergie et compl\u00e9mentarit\u00e9","og_description":"Les filiales du Groupe Somavrac prennent en charge une partie ou l\u2019ensemble des activit\u00e9s logistiques au b\u00e9n\u00e9fice de sa client\u00e8le","og_url":"https:\/\/www.groupesomavrac.com\/fr\/filiales\/","og_site_name":"Groupe Somavrac","article_modified_time":"2024-01-22T16:02:39+00:00","twitter_card":"summary_large_image","schema":{"@context":"https:\/\/schema.org","@graph":[{"@type":"WebPage","@id":"https:\/\/www.groupesomavrac.com\/fr\/filiales\/","url":"https:\/\/www.groupesomavrac.com\/fr\/filiales\/","name":"Groupe Somavrac - Nos Filiales - Synergie et compl\u00e9mentarit\u00e9","isPartOf":{"@id":"https:\/\/www.groupesomavrac.com\/fr\/#website"},"datePublished":"2019-07-29T19:24:09+00:00","dateModified":"2024-01-22T16:02:39+00:00","description":"Les filiales du Groupe Somavrac prennent en charge une partie ou l\u2019ensemble des activit\u00e9s logistiques au b\u00e9n\u00e9fice de sa client\u00e8le","inLanguage":"fr-CA","potentialAction":[{"@type":"ReadAction","target":["https:\/\/www.groupesomavrac.com\/fr\/filiales\/"]}]},{"@type":"WebSite","@id":"https:\/\/www.groupesomavrac.com\/fr\/#website","url":"https:\/\/www.groupesomavrac.com\/fr\/","name":"Groupe Somavrac","description":"Partenaire de votre cha\u00eene logistique","potentialAction":[{"@type":"SearchAction","target":{"@type":"EntryPoint","urlTemplate":"https:\/\/www.groupesomavrac.com\/fr\/?s={search_term_string}"},"query-input":{"@type":"PropertyValueSpecification","valueRequired":true,"valueName":"search_term_string"}}],"inLanguage":"fr-CA"}]}},"_links":{"self":[{"href":"https:\/\/www.groupesomavrac.com\/fr\/wp-json\/wp\/v2\/pages\/1066","targetHints":{"allow":["GET"]}}],"collection":[{"href":"https:\/\/www.groupesomavrac.com\/fr\/wp-json\/wp\/v2\/pages"}],"about":[{"href":"https:\/\/www.groupesomavrac.com\/fr\/wp-json\/wp\/v2\/types\/page"}],"author":[{"embeddable":true,"href":"https:\/\/www.groupesomavrac.com\/fr\/wp-json\/wp\/v2\/users\/1"}],"replies":[{"embeddable":true,"href":"https:\/\/www.groupesomavrac.com\/fr\/wp-json\/wp\/v2\/comments?post=1066"}],"version-history":[{"count":5,"href":"https:\/\/www.groupesomavrac.com\/fr\/wp-json\/wp\/v2\/pages\/1066\/revisions"}],"predecessor-version":[{"id":20936,"href":"https:\/\/www.groupesomavrac.com\/fr\/wp-json\/wp\/v2\/pages\/1066\/revisions\/20936"}],"wp:attachment":[{"href":"https:\/\/www.groupesomavrac.com\/fr\/wp-json\/wp\/v2\/media?parent=1066"}],"curies":[{"name":"wp","href":"https:\/\/api.w.org\/{rel}","templated":true}]}}