{"id":1213,"date":"2019-07-30T09:15:59","date_gmt":"2019-07-30T13:15:59","guid":{"rendered":"https:\/\/www.groupesomavrac.com\/?page_id=1213"},"modified":"2025-01-09T15:11:21","modified_gmt":"2025-01-09T20:11:21","slug":"sante-securite-environnement","status":"publish","type":"page","link":"https:\/\/www.groupesomavrac.com\/fr\/filiales\/uba\/sante-securite-environnement\/","title":{"rendered":"Sant\u00e9-S\u00e9curit\u00e9 et Environnement"},"content":{"rendered":"\t\t<div data-elementor-type=\"wp-post\" data-elementor-id=\"1213\" class=\"elementor elementor-1213\" data-elementor-post-type=\"page\">\n\t\t\t\t\t\t<section class=\"elementor-section elementor-top-section elementor-element elementor-element-6977b6f elementor-section-stretched elementor-section-full_width elementor-section-height-default elementor-section-height-default\" data-id=\"6977b6f\" data-element_type=\"section\" data-e-type=\"section\" data-settings=\"{&quot;stretch_section&quot;:&quot;section-stretched&quot;,&quot;background_background&quot;:&quot;classic&quot;}\">\n\t\t\t\t\t\t<div class=\"elementor-container elementor-column-gap-no\">\n\t\t\t\t\t<div class=\"elementor-column elementor-col-100 elementor-top-column elementor-element elementor-element-cb52ca0\" data-id=\"cb52ca0\" data-element_type=\"column\" data-e-type=\"column\">\n\t\t\t<div class=\"elementor-widget-wrap elementor-element-populated\">\n\t\t\t\t\t\t<div class=\"elementor-element elementor-element-1049fde page-header elementor-widget elementor-widget-text-editor\" data-id=\"1049fde\" data-element_type=\"widget\" data-e-type=\"widget\" data-widget_type=\"text-editor.default\">\n\t\t\t\t\t\t\t\t\t<div class=\"header-wrapper\"><p class=\"pageTitle\">Solutions fiables<\/p><\/div>\t\t\t\t\t\t\t\t<\/div>\n\t\t\t\t\t<\/div>\n\t\t<\/div>\n\t\t\t\t\t<\/div>\n\t\t<\/section>\n\t\t\t\t<section class=\"elementor-section elementor-top-section elementor-element elementor-element-ef285c9 elementor-section-stretched elementor-reverse-tablet elementor-reverse-mobile elementor-section-boxed elementor-section-height-default elementor-section-height-default\" data-id=\"ef285c9\" data-element_type=\"section\" data-e-type=\"section\" data-settings=\"{&quot;stretch_section&quot;:&quot;section-stretched&quot;}\">\n\t\t\t\t\t\t<div class=\"elementor-container elementor-column-gap-default\">\n\t\t\t\t\t<div class=\"elementor-column elementor-col-100 elementor-top-column elementor-element elementor-element-6ab1f7b\" data-id=\"6ab1f7b\" data-element_type=\"column\" data-e-type=\"column\">\n\t\t\t<div class=\"elementor-widget-wrap elementor-element-populated\">\n\t\t\t\t\t\t<div class=\"elementor-element elementor-element-abbc965 elementor-widget elementor-widget-heading\" data-id=\"abbc965\" data-element_type=\"widget\" data-e-type=\"widget\" data-widget_type=\"heading.default\">\n\t\t\t\t\t<h1 class=\"elementor-heading-title elementor-size-default\">UBA : distribution s\u00e9curitaire de produits chimiques<\/h1>\t\t\t\t<\/div>\n\t\t\t\t<div class=\"elementor-element elementor-element-0de7abe elementor-widget elementor-widget-text-editor\" data-id=\"0de7abe\" data-element_type=\"widget\" data-e-type=\"widget\" data-widget_type=\"text-editor.default\">\n\t\t\t\t\t\t\t\t\t<p style=\"text-align: left;\">Autant en mati\u00e8re de sant\u00e9 et s\u00e9curit\u00e9 au travail que de respect de l\u2019environnement,\u00a0<a href=\"https:\/\/www.groupesomavrac.com\/fr\/entreprise\/uba\">UBA<\/a>\u00a0fait figure de leader au sein du secteur de la distribution de produits chimiques.<\/p>\t\t\t\t\t\t\t\t<\/div>\n\t\t\t\t<div class=\"elementor-element elementor-element-03d2927 elementor-widget elementor-widget-image\" data-id=\"03d2927\" data-element_type=\"widget\" data-e-type=\"widget\" data-widget_type=\"image.default\">\n\t\t\t\t\t\t\t\t\t\t\t\t\t\t\t<img fetchpriority=\"high\" decoding=\"async\" width=\"851\" height=\"567\" src=\"https:\/\/www.groupesomavrac.com\/wp-content\/uploads\/2019\/07\/sante-securite-uba.jpg\" class=\"attachment-full size-full wp-image-1217\" alt=\"Sant\u00e9, s\u00e9curit\u00e9 et environnement, UBA\" srcset=\"https:\/\/www.groupesomavrac.com\/wp-content\/uploads\/2019\/07\/sante-securite-uba.jpg 851w, https:\/\/www.groupesomavrac.com\/wp-content\/uploads\/2019\/07\/sante-securite-uba-600x400.jpg 600w, https:\/\/www.groupesomavrac.com\/wp-content\/uploads\/2019\/07\/sante-securite-uba-300x200.jpg 300w, https:\/\/www.groupesomavrac.com\/wp-content\/uploads\/2019\/07\/sante-securite-uba-768x512.jpg 768w\" sizes=\"(max-width: 851px) 100vw, 851px\" \/>\t\t\t\t\t\t\t\t\t\t\t\t\t\t\t<\/div>\n\t\t\t\t<div class=\"elementor-element elementor-element-814e828 elementor-widget elementor-widget-heading\" data-id=\"814e828\" data-element_type=\"widget\" data-e-type=\"widget\" data-widget_type=\"heading.default\">\n\t\t\t\t\t<h2 class=\"elementor-heading-title elementor-size-default\">Des processus de transport et de distribution s\u00e9curitaires<\/h2>\t\t\t\t<\/div>\n\t\t\t\t<div class=\"elementor-element elementor-element-d876947 elementor-widget elementor-widget-text-editor\" data-id=\"d876947\" data-element_type=\"widget\" data-e-type=\"widget\" data-widget_type=\"text-editor.default\">\n\t\t\t\t\t\t\t\t\t<p>Fournir un environnement de travail s\u00e9curitaire et sain aux\u00a0<a href=\"https:\/\/www.groupesomavrac.com\/fr\/carrieres\">employ\u00e9s<\/a>\u00a0en contr\u00f4lant les dangers gr\u00e2ce \u00e0 l\u2019utilisation de processus, d\u2019\u00e9quipements et de formation de qualit\u00e9, conform\u00e9ment aux exigences l\u00e9gislatives et aux proc\u00e9dures de travail s\u00e9curitaires, est au c\u0153ur de la politique sant\u00e9, s\u00e9curit\u00e9 et environnement d\u2019UBA.\u00a0<\/p><p>\u00catre un fournisseur de produits chimiques qui non seulement comble, mais d\u00e9passe les exigences de ses clients en mati\u00e8re d\u2019\u00e9thique, de professionnalisme et de rigueur, fait partie des mandats quotidiens des employ\u00e9s de l\u2019entreprise.<\/p>\t\t\t\t\t\t\t\t<\/div>\n\t\t\t\t<section class=\"elementor-section elementor-inner-section elementor-element elementor-element-a8ab72e elementor-section-boxed elementor-section-height-default elementor-section-height-default\" data-id=\"a8ab72e\" data-element_type=\"section\" data-e-type=\"section\">\n\t\t\t\t\t\t<div class=\"elementor-container elementor-column-gap-default\">\n\t\t\t\t\t<div class=\"elementor-column elementor-col-50 elementor-inner-column elementor-element elementor-element-e828935\" data-id=\"e828935\" data-element_type=\"column\" data-e-type=\"column\">\n\t\t\t<div class=\"elementor-widget-wrap elementor-element-populated\">\n\t\t\t\t\t\t<div class=\"elementor-element elementor-element-9fb4f82 elementor-widget__width-initial elementor-widget elementor-widget-text-editor\" data-id=\"9fb4f82\" data-element_type=\"widget\" data-e-type=\"widget\" data-widget_type=\"text-editor.default\">\n\t\t\t\t\t\t\t\t\t<p>Nous d\u00e9tenons \u00e9galement la certification CTPAT (Customs-Trade Partnership Against Terrorism), par laquelle tous les participants de la cha\u00eene d&rsquo;approvisionnement coop\u00e8rent avec la douane am\u00e9ricaine \u00e0 l&rsquo;\u00e9laboration des m\u00e9thodes s\u00e9curitaires pour chacune des phases de leurs op\u00e9rations.<\/p>\t\t\t\t\t\t\t\t<\/div>\n\t\t\t\t\t<\/div>\n\t\t<\/div>\n\t\t\t\t<div class=\"elementor-column elementor-col-50 elementor-inner-column elementor-element elementor-element-d835708\" data-id=\"d835708\" data-element_type=\"column\" data-e-type=\"column\">\n\t\t\t<div class=\"elementor-widget-wrap elementor-element-populated\">\n\t\t\t\t\t\t<div class=\"elementor-element elementor-element-c813dab elementor-widget elementor-widget-image\" data-id=\"c813dab\" data-element_type=\"widget\" data-e-type=\"widget\" data-widget_type=\"image.default\">\n\t\t\t\t\t\t\t\t\t\t\t\t\t\t\t<img decoding=\"async\" width=\"1024\" height=\"257\" src=\"https:\/\/www.groupesomavrac.com\/wp-content\/uploads\/2024\/01\/CTPAT-tm-cm-1024x257.png\" class=\"attachment-large size-large wp-image-20920\" alt=\"\" srcset=\"https:\/\/www.groupesomavrac.com\/wp-content\/uploads\/2024\/01\/CTPAT-tm-cm-1024x257.png 1024w, https:\/\/www.groupesomavrac.com\/wp-content\/uploads\/2024\/01\/CTPAT-tm-cm-300x75.png 300w, https:\/\/www.groupesomavrac.com\/wp-content\/uploads\/2024\/01\/CTPAT-tm-cm-768x193.png 768w, https:\/\/www.groupesomavrac.com\/wp-content\/uploads\/2024\/01\/CTPAT-tm-cm-600x150.png 600w, https:\/\/www.groupesomavrac.com\/wp-content\/uploads\/2024\/01\/CTPAT-tm-cm.png 1113w\" sizes=\"(max-width: 1024px) 100vw, 1024px\" \/>\t\t\t\t\t\t\t\t\t\t\t\t\t\t\t<\/div>\n\t\t\t\t\t<\/div>\n\t\t<\/div>\n\t\t\t\t\t<\/div>\n\t\t<\/section>\n\t\t\t\t<div class=\"elementor-element elementor-element-246d4df elementor-widget elementor-widget-spacer\" data-id=\"246d4df\" data-element_type=\"widget\" data-e-type=\"widget\" data-widget_type=\"spacer.default\">\n\t\t\t\t\t\t\t<div class=\"elementor-spacer\">\n\t\t\t<div class=\"elementor-spacer-inner\"><\/div>\n\t\t<\/div>\n\t\t\t\t\t\t<\/div>\n\t\t\t\t<div class=\"elementor-element elementor-element-dc2f846 elementor-widget elementor-widget-heading\" data-id=\"dc2f846\" data-element_type=\"widget\" data-e-type=\"widget\" data-widget_type=\"heading.default\">\n\t\t\t\t\t<h2 class=\"elementor-heading-title elementor-size-default\">Personnel qualifi\u00e9 et form\u00e9 pour r\u00e9agir de mani\u00e8re s\u00e9curitaire \u00e0 toute \u00e9ventualit\u00e9<\/h2>\t\t\t\t<\/div>\n\t\t\t\t<div class=\"elementor-element elementor-element-60c4130 elementor-widget elementor-widget-text-editor\" data-id=\"60c4130\" data-element_type=\"widget\" data-e-type=\"widget\" data-widget_type=\"text-editor.default\">\n\t\t\t\t\t\t\t\t\t<p>UBA est fi\u00e8re de pouvoir compter sur des chauffeurs hautement qualifi\u00e9s qui poss\u00e8dent l\u2019expertise technique et les formations n\u00e9cessaires pour distribuer chacun des produits.\u00a0<\/p><p>Soucieux des clients, de la sant\u00e9, s\u00e9curit\u00e9 et de l\u2019environnement, courtois et orient\u00e9s sur la gestion proactive de leur temps, les chauffeurs d&rsquo;UBA effectuent la distribution de chargements partiels \u00e0 l\u2019aide d\u2019une pompe, au lieu d\u2019utiliser de l\u2019air comprim\u00e9, comme c\u2019est le cas dans plusieurs compagnies de distribution. Cette m\u00e9thode assure une\u00a0<a href=\"https:\/\/www.groupesomavrac.com\/fr\/nos-services\/transport\">livraison pr\u00e9cise<\/a>\u00a0des quantit\u00e9s command\u00e9es et une ex\u00e9cution en toute s\u00e9curit\u00e9, puisqu\u2019il n\u2019est pas n\u00e9cessaire de d\u00e9pressuriser la remorque \u00e0 la suite du d\u00e9chargement.<\/p>\t\t\t\t\t\t\t\t<\/div>\n\t\t\t\t<div class=\"elementor-element elementor-element-eb30b4c elementor-widget elementor-widget-heading\" data-id=\"eb30b4c\" data-element_type=\"widget\" data-e-type=\"widget\" data-widget_type=\"heading.default\">\n\t\t\t\t\t<h2 class=\"elementor-heading-title elementor-size-default\">Gestion s\u00e9curitaire des produits chimiques, inspections et entretien pr\u00e9ventif des syst\u00e8mes d\u2019entreposage<\/h2>\t\t\t\t<\/div>\n\t\t\t\t<div class=\"elementor-element elementor-element-9140d64 elementor-widget elementor-widget-text-editor\" data-id=\"9140d64\" data-element_type=\"widget\" data-e-type=\"widget\" data-widget_type=\"text-editor.default\">\n\t\t\t\t\t\t\t\t\t<p>Avant la cr\u00e9ation d\u2019UBA, deux m\u00e9thodes de distribution s\u2019offraient \u00e0 la client\u00e8le : recevoir les produits en vrac ou dans des seaux, barils ou autres petits formats (totes). Ces manipulations laborieuses augmentaient le risque d\u2019accident et engendraient des investissements consid\u00e9rables pour des syst\u00e8mes d\u2019entreposage. Des espaces d\u2019entreposage suppl\u00e9mentaires \u00e9taient m\u00eame \u00e0 pr\u00e9voir dans certains cas. La solution propos\u00e9e par UBA : installer des r\u00e9servoirs de dimensions adapt\u00e9es \u00e0 la demande de la client\u00e8le, directement \u00e0 leur usine. La manipulation de contenants de type \u00ab\u2009tote\u2009\u00bb n\u2019est plus n\u00e9cessaire. Le r\u00e9servoir est directement raccord\u00e9 aux proc\u00e9d\u00e9s de fabrication du client. Les livraisons sont r\u00e9alis\u00e9es par des employ\u00e9s form\u00e9s \u00e0 cet effet et les\u00a0<a href=\"https:\/\/www.groupesomavrac.com\/fr\/nos-services\/entreposage\" data-mce-tmp=\"1\">syst\u00e8mes d\u2019entreposage<\/a>\u00a0sont entretenus et inspect\u00e9s syst\u00e9matiquement \u00e0 des fins pr\u00e9ventives.<\/p>\t\t\t\t\t\t\t\t<\/div>\n\t\t\t\t<div class=\"elementor-element elementor-element-13d966d elementor-widget elementor-widget-heading\" data-id=\"13d966d\" data-element_type=\"widget\" data-e-type=\"widget\" data-widget_type=\"heading.default\">\n\t\t\t\t\t<h2 class=\"elementor-heading-title elementor-size-default\">UBA : un membre fondateur de Distribution Responsable Canada (DRC)<\/h2>\t\t\t\t<\/div>\n\t\t\t\t<div class=\"elementor-element elementor-element-b1e2b66 elementor-widget elementor-widget-text-editor\" data-id=\"b1e2b66\" data-element_type=\"widget\" data-e-type=\"widget\" data-widget_type=\"text-editor.default\">\n\t\t\t\t\t\t\t\t\t<p>UBA est un membre fondateur de l\u2019Association canadienne des distributeurs de produits chimiques, qui a vu le jour en 1988. La norme ISO se fonde sur le programme \u00ab\u2009Distribution Responsable\u2009\u00bb qui assure que les membres effectuent des audits de mani\u00e8re rigoureuse et ind\u00e9pendante.&nbsp;<\/p>\t\t\t\t\t\t\t\t<\/div>\n\t\t\t\t<div class=\"elementor-element elementor-element-f879c8b elementor-widget elementor-widget-heading\" data-id=\"f879c8b\" data-element_type=\"widget\" data-e-type=\"widget\" data-widget_type=\"heading.default\">\n\t\t\t\t\t<h2 class=\"elementor-heading-title elementor-size-default\">Services et avantages<\/h2>\t\t\t\t<\/div>\n\t\t\t\t<div class=\"elementor-element elementor-element-af62a5c elementor-widget elementor-widget-text-editor\" data-id=\"af62a5c\" data-element_type=\"widget\" data-e-type=\"widget\" data-widget_type=\"text-editor.default\">\n\t\t\t\t\t\t\t\t\t<ul><li>Service d\u2019urgence 24\/7<\/li><li>Souscription \u00e0 une police d\u2019assurance responsabilit\u00e9<\/li><\/ul>\t\t\t\t\t\t\t\t<\/div>\n\t\t\t\t<div class=\"elementor-element elementor-element-075cdb5 boutton elementor-widget elementor-widget-button\" data-id=\"075cdb5\" data-element_type=\"widget\" data-e-type=\"widget\" data-widget_type=\"button.default\">\n\t\t\t\t\t\t\t\t\t\t<a class=\"elementor-button elementor-button-link elementor-size-sm\" href=\"https:\/\/www.groupesomavrac.com\/filiales\/uba\/\">\n\t\t\t\t\t\t<span class=\"elementor-button-content-wrapper\">\n\t\t\t\t\t\t\t\t\t<span class=\"elementor-button-text\">Retour<\/span>\n\t\t\t\t\t<\/span>\n\t\t\t\t\t<\/a>\n\t\t\t\t\t\t\t\t<\/div>\n\t\t\t\t<div class=\"elementor-element elementor-element-eb82137 elementor-widget elementor-widget-text-editor\" data-id=\"eb82137\" data-element_type=\"widget\" data-e-type=\"widget\" data-widget_type=\"text-editor.default\">\n\t\t\t\t\t\t\t\t\t<p><small><span style=\"font-weight: 400;\">Autant en mati\u00e8re de sant\u00e9 et s\u00e9curit\u00e9 au travail que de respect de l\u2019environnement,\u00a0<a href=\"https:\/\/www.groupesomavrac.com\/fr\/entreprise\/uba\">UBA<\/a> fait figure de leader au sein du secteur de la distribution de produits chimiques.<\/span><\/small><\/p>\t\t\t\t\t\t\t\t<\/div>\n\t\t\t\t\t<\/div>\n\t\t<\/div>\n\t\t\t\t\t<\/div>\n\t\t<\/section>\n\t\t\t\t<\/div>\n\t\t","protected":false},"excerpt":{"rendered":"<p>Solutions fiables UBA : distribution s\u00e9curitaire de produits chimiques Autant en mati\u00e8re de sant\u00e9 et s\u00e9curit\u00e9 au travail que de respect de l\u2019environnement,\u00a0UBA\u00a0fait figure de leader au sein du secteur de la distribution de produits chimiques. Des processus de transport et de distribution s\u00e9curitaires Fournir un environnement de travail s\u00e9curitaire et sain aux\u00a0employ\u00e9s\u00a0en contr\u00f4lant les [&hellip;]<\/p>\n","protected":false},"author":1,"featured_media":0,"parent":1492,"menu_order":0,"comment_status":"closed","ping_status":"closed","template":"","meta":{"_acf_changed":false,"inline_featured_image":false,"footnotes":""},"class_list":["post-1213","page","type-page","status-publish","hentry"],"acf":[],"yoast_head":"<!-- This site is optimized with the Yoast SEO plugin v26.9 - https:\/\/yoast.com\/product\/yoast-seo-wordpress\/ -->\n<title>Sant\u00e9, s\u00e9curit\u00e9 et environnement | UBA | Distributeur fiable<\/title>\n<meta name=\"description\" content=\"UBA garantit la s\u00e9curit\u00e9 sanitaire et la conformit\u00e9 environnementale lors de la gestion ou la livraison de produits chimiques.\" \/>\n<meta name=\"robots\" content=\"index, follow, max-snippet:-1, max-image-preview:large, max-video-preview:-1\" \/>\n<link rel=\"canonical\" href=\"https:\/\/www.groupesomavrac.com\/fr\/filiales\/uba\/sante-securite-environnement\/\" \/>\n<meta property=\"og:locale\" content=\"fr_CA\" \/>\n<meta property=\"og:type\" content=\"article\" \/>\n<meta property=\"og:title\" content=\"Sant\u00e9, s\u00e9curit\u00e9 et environnement | UBA | Distributeur fiable\" \/>\n<meta property=\"og:description\" content=\"UBA garantit la s\u00e9curit\u00e9 sanitaire et la conformit\u00e9 environnementale lors de la gestion ou la livraison de produits chimiques.\" \/>\n<meta property=\"og:url\" content=\"https:\/\/www.groupesomavrac.com\/fr\/filiales\/uba\/sante-securite-environnement\/\" \/>\n<meta property=\"og:site_name\" content=\"Groupe Somavrac\" \/>\n<meta property=\"article:modified_time\" content=\"2025-01-09T20:11:21+00:00\" \/>\n<meta property=\"og:image\" content=\"https:\/\/www.groupesomavrac.com\/wp-content\/uploads\/2019\/07\/sante-securite-uba.jpg\" \/>\n<meta name=\"twitter:card\" content=\"summary_large_image\" \/>\n<meta name=\"twitter:label1\" content=\"Estimation du temps de lecture\" \/>\n\t<meta name=\"twitter:data1\" content=\"3 minutes\" \/>\n<script type=\"application\/ld+json\" class=\"yoast-schema-graph\">{\"@context\":\"https:\/\/schema.org\",\"@graph\":[{\"@type\":\"WebPage\",\"@id\":\"https:\/\/www.groupesomavrac.com\/fr\/filiales\/uba\/sante-securite-environnement\/\",\"url\":\"https:\/\/www.groupesomavrac.com\/fr\/filiales\/uba\/sante-securite-environnement\/\",\"name\":\"Sant\u00e9, s\u00e9curit\u00e9 et environnement | UBA | Distributeur fiable\",\"isPartOf\":{\"@id\":\"https:\/\/www.groupesomavrac.com\/fr\/#website\"},\"primaryImageOfPage\":{\"@id\":\"https:\/\/www.groupesomavrac.com\/fr\/filiales\/uba\/sante-securite-environnement\/#primaryimage\"},\"image\":{\"@id\":\"https:\/\/www.groupesomavrac.com\/fr\/filiales\/uba\/sante-securite-environnement\/#primaryimage\"},\"thumbnailUrl\":\"https:\/\/www.groupesomavrac.com\/wp-content\/uploads\/2019\/07\/sante-securite-uba.jpg\",\"datePublished\":\"2019-07-30T13:15:59+00:00\",\"dateModified\":\"2025-01-09T20:11:21+00:00\",\"description\":\"UBA garantit la s\u00e9curit\u00e9 sanitaire et la conformit\u00e9 environnementale lors de la gestion ou la livraison de produits chimiques.\",\"breadcrumb\":{\"@id\":\"https:\/\/www.groupesomavrac.com\/fr\/filiales\/uba\/sante-securite-environnement\/#breadcrumb\"},\"inLanguage\":\"fr-CA\",\"potentialAction\":[{\"@type\":\"ReadAction\",\"target\":[\"https:\/\/www.groupesomavrac.com\/fr\/filiales\/uba\/sante-securite-environnement\/\"]}]},{\"@type\":\"ImageObject\",\"inLanguage\":\"fr-CA\",\"@id\":\"https:\/\/www.groupesomavrac.com\/fr\/filiales\/uba\/sante-securite-environnement\/#primaryimage\",\"url\":\"https:\/\/www.groupesomavrac.com\/wp-content\/uploads\/2019\/07\/sante-securite-uba.jpg\",\"contentUrl\":\"https:\/\/www.groupesomavrac.com\/wp-content\/uploads\/2019\/07\/sante-securite-uba.jpg\"},{\"@type\":\"BreadcrumbList\",\"@id\":\"https:\/\/www.groupesomavrac.com\/fr\/filiales\/uba\/sante-securite-environnement\/#breadcrumb\",\"itemListElement\":[{\"@type\":\"ListItem\",\"position\":1,\"name\":\"Nos Filiales\",\"item\":\"https:\/\/www.groupesomavrac.com\/fr\/filiales\/\"},{\"@type\":\"ListItem\",\"position\":2,\"name\":\"UBA\",\"item\":\"https:\/\/www.groupesomavrac.com\/fr\/filiales\/uba\/\"},{\"@type\":\"ListItem\",\"position\":3,\"name\":\"Sant\u00e9-S\u00e9curit\u00e9 et Environnement\"}]},{\"@type\":\"WebSite\",\"@id\":\"https:\/\/www.groupesomavrac.com\/fr\/#website\",\"url\":\"https:\/\/www.groupesomavrac.com\/fr\/\",\"name\":\"Groupe Somavrac\",\"description\":\"Partenaire de votre cha\u00eene logistique\",\"potentialAction\":[{\"@type\":\"SearchAction\",\"target\":{\"@type\":\"EntryPoint\",\"urlTemplate\":\"https:\/\/www.groupesomavrac.com\/fr\/?s={search_term_string}\"},\"query-input\":{\"@type\":\"PropertyValueSpecification\",\"valueRequired\":true,\"valueName\":\"search_term_string\"}}],\"inLanguage\":\"fr-CA\"}]}<\/script>\n<!-- \/ Yoast SEO plugin. -->","yoast_head_json":{"title":"Sant\u00e9, s\u00e9curit\u00e9 et environnement | UBA | Distributeur fiable","description":"UBA garantit la s\u00e9curit\u00e9 sanitaire et la conformit\u00e9 environnementale lors de la gestion ou la livraison de produits chimiques.","robots":{"index":"index","follow":"follow","max-snippet":"max-snippet:-1","max-image-preview":"max-image-preview:large","max-video-preview":"max-video-preview:-1"},"canonical":"https:\/\/www.groupesomavrac.com\/fr\/filiales\/uba\/sante-securite-environnement\/","og_locale":"fr_CA","og_type":"article","og_title":"Sant\u00e9, s\u00e9curit\u00e9 et environnement | UBA | Distributeur fiable","og_description":"UBA garantit la s\u00e9curit\u00e9 sanitaire et la conformit\u00e9 environnementale lors de la gestion ou la livraison de produits chimiques.","og_url":"https:\/\/www.groupesomavrac.com\/fr\/filiales\/uba\/sante-securite-environnement\/","og_site_name":"Groupe Somavrac","article_modified_time":"2025-01-09T20:11:21+00:00","og_image":[{"url":"https:\/\/www.groupesomavrac.com\/wp-content\/uploads\/2019\/07\/sante-securite-uba.jpg","type":"","width":"","height":""}],"twitter_card":"summary_large_image","twitter_misc":{"Estimation du temps de lecture":"3 minutes"},"schema":{"@context":"https:\/\/schema.org","@graph":[{"@type":"WebPage","@id":"https:\/\/www.groupesomavrac.com\/fr\/filiales\/uba\/sante-securite-environnement\/","url":"https:\/\/www.groupesomavrac.com\/fr\/filiales\/uba\/sante-securite-environnement\/","name":"Sant\u00e9, s\u00e9curit\u00e9 et environnement | UBA | Distributeur fiable","isPartOf":{"@id":"https:\/\/www.groupesomavrac.com\/fr\/#website"},"primaryImageOfPage":{"@id":"https:\/\/www.groupesomavrac.com\/fr\/filiales\/uba\/sante-securite-environnement\/#primaryimage"},"image":{"@id":"https:\/\/www.groupesomavrac.com\/fr\/filiales\/uba\/sante-securite-environnement\/#primaryimage"},"thumbnailUrl":"https:\/\/www.groupesomavrac.com\/wp-content\/uploads\/2019\/07\/sante-securite-uba.jpg","datePublished":"2019-07-30T13:15:59+00:00","dateModified":"2025-01-09T20:11:21+00:00","description":"UBA garantit la s\u00e9curit\u00e9 sanitaire et la conformit\u00e9 environnementale lors de la gestion ou la livraison de produits chimiques.","breadcrumb":{"@id":"https:\/\/www.groupesomavrac.com\/fr\/filiales\/uba\/sante-securite-environnement\/#breadcrumb"},"inLanguage":"fr-CA","potentialAction":[{"@type":"ReadAction","target":["https:\/\/www.groupesomavrac.com\/fr\/filiales\/uba\/sante-securite-environnement\/"]}]},{"@type":"ImageObject","inLanguage":"fr-CA","@id":"https:\/\/www.groupesomavrac.com\/fr\/filiales\/uba\/sante-securite-environnement\/#primaryimage","url":"https:\/\/www.groupesomavrac.com\/wp-content\/uploads\/2019\/07\/sante-securite-uba.jpg","contentUrl":"https:\/\/www.groupesomavrac.com\/wp-content\/uploads\/2019\/07\/sante-securite-uba.jpg"},{"@type":"BreadcrumbList","@id":"https:\/\/www.groupesomavrac.com\/fr\/filiales\/uba\/sante-securite-environnement\/#breadcrumb","itemListElement":[{"@type":"ListItem","position":1,"name":"Nos Filiales","item":"https:\/\/www.groupesomavrac.com\/fr\/filiales\/"},{"@type":"ListItem","position":2,"name":"UBA","item":"https:\/\/www.groupesomavrac.com\/fr\/filiales\/uba\/"},{"@type":"ListItem","position":3,"name":"Sant\u00e9-S\u00e9curit\u00e9 et Environnement"}]},{"@type":"WebSite","@id":"https:\/\/www.groupesomavrac.com\/fr\/#website","url":"https:\/\/www.groupesomavrac.com\/fr\/","name":"Groupe Somavrac","description":"Partenaire de votre cha\u00eene logistique","potentialAction":[{"@type":"SearchAction","target":{"@type":"EntryPoint","urlTemplate":"https:\/\/www.groupesomavrac.com\/fr\/?s={search_term_string}"},"query-input":{"@type":"PropertyValueSpecification","valueRequired":true,"valueName":"search_term_string"}}],"inLanguage":"fr-CA"}]}},"_links":{"self":[{"href":"https:\/\/www.groupesomavrac.com\/fr\/wp-json\/wp\/v2\/pages\/1213","targetHints":{"allow":["GET"]}}],"collection":[{"href":"https:\/\/www.groupesomavrac.com\/fr\/wp-json\/wp\/v2\/pages"}],"about":[{"href":"https:\/\/www.groupesomavrac.com\/fr\/wp-json\/wp\/v2\/types\/page"}],"author":[{"embeddable":true,"href":"https:\/\/www.groupesomavrac.com\/fr\/wp-json\/wp\/v2\/users\/1"}],"replies":[{"embeddable":true,"href":"https:\/\/www.groupesomavrac.com\/fr\/wp-json\/wp\/v2\/comments?post=1213"}],"version-history":[{"count":29,"href":"https:\/\/www.groupesomavrac.com\/fr\/wp-json\/wp\/v2\/pages\/1213\/revisions"}],"predecessor-version":[{"id":23337,"href":"https:\/\/www.groupesomavrac.com\/fr\/wp-json\/wp\/v2\/pages\/1213\/revisions\/23337"}],"up":[{"embeddable":true,"href":"https:\/\/www.groupesomavrac.com\/fr\/wp-json\/wp\/v2\/pages\/1492"}],"wp:attachment":[{"href":"https:\/\/www.groupesomavrac.com\/fr\/wp-json\/wp\/v2\/media?parent=1213"}],"curies":[{"name":"wp","href":"https:\/\/api.w.org\/{rel}","templated":true}]}}