{"id":12533,"date":"2022-04-06T08:14:53","date_gmt":"2022-04-06T12:14:53","guid":{"rendered":"https:\/\/www.groupesomavrac.com\/?page_id=12533"},"modified":"2023-03-07T11:53:05","modified_gmt":"2023-03-07T16:53:05","slug":"blogue-jbf","status":"publish","type":"page","link":"https:\/\/www.groupesomavrac.com\/fr\/filiales\/jbf\/blogue-jbf\/","title":{"rendered":"Blogue JBF"},"content":{"rendered":"\t\t<div data-elementor-type=\"wp-page\" data-elementor-id=\"12533\" class=\"elementor elementor-12533\" data-elementor-post-type=\"page\">\n\t\t\t\t\t\t<section class=\"elementor-section elementor-top-section elementor-element elementor-element-5134100b elementor-section-boxed elementor-section-height-default elementor-section-height-default\" data-id=\"5134100b\" data-element_type=\"section\" data-e-type=\"section\">\n\t\t\t\t\t\t<div class=\"elementor-container elementor-column-gap-default\">\n\t\t\t\t\t<div class=\"elementor-column elementor-col-100 elementor-top-column elementor-element elementor-element-4a397200\" data-id=\"4a397200\" data-element_type=\"column\" data-e-type=\"column\">\n\t\t\t<div class=\"elementor-widget-wrap elementor-element-populated\">\n\t\t\t\t\t\t<div class=\"elementor-element elementor-element-70403472 elementor-widget elementor-widget-text-editor\" data-id=\"70403472\" data-element_type=\"widget\" data-e-type=\"widget\" data-widget_type=\"text-editor.default\">\n\t\t\t\t\t\t\t\t\t&nbsp;\r\n<h1>Blogue<\/h1>\r\n&nbsp;\t\t\t\t\t\t\t\t<\/div>\n\t\t\t\t\t<\/div>\n\t\t<\/div>\n\t\t\t\t\t<\/div>\n\t\t<\/section>\n\t\t\t\t<section class=\"elementor-section elementor-top-section elementor-element elementor-element-fb627f5 elementor-section-boxed elementor-section-height-default elementor-section-height-default\" data-id=\"fb627f5\" data-element_type=\"section\" data-e-type=\"section\">\n\t\t\t\t\t\t<div class=\"elementor-container elementor-column-gap-default\">\n\t\t\t\t\t<div class=\"elementor-column elementor-col-100 elementor-top-column elementor-element elementor-element-67b0361\" data-id=\"67b0361\" data-element_type=\"column\" data-e-type=\"column\">\n\t\t\t<div class=\"elementor-widget-wrap elementor-element-populated\">\n\t\t\t\t\t\t<div class=\"elementor-element elementor-element-ae20a54 elementor-widget elementor-widget-raven-posts\" data-id=\"ae20a54\" data-element_type=\"widget\" data-e-type=\"widget\" data-settings=\"{&quot;query_posts_per_page&quot;:9,&quot;classic_show_pagination&quot;:&quot;yes&quot;,&quot;_skin&quot;:&quot;classic&quot;,&quot;classic_layout&quot;:&quot;grid&quot;,&quot;classic_columns&quot;:&quot;3&quot;,&quot;classic_columns_tablet&quot;:&quot;2&quot;,&quot;classic_columns_mobile&quot;:&quot;1&quot;,&quot;classic_pagination_type&quot;:&quot;page_based&quot;,&quot;query_offset&quot;:0}\" data-widget_type=\"raven-posts.classic\">\n\t\t\t\t<div class=\"elementor-widget-container\">\n\t\t\t\t\t\t\t<div class=\"raven-posts raven-grid raven-grid-3 raven-grid-mobile-1 raven-grid-tablet-2\" data-post-id=\"12533\" data-archive-query=\"\" data-lang=\"\">\n\t\t\t\t<div class=\"raven-grid-item raven-post-item post-18468 post type-post status-publish format-standard has-post-thumbnail hentry category-jbf\">\n\t\t\t<div class=\"raven-post\">\n\t\t\t\t\t\t<div class=\"raven-post-image-wrap\">\n\t\t\t<a class=\"raven-post-image raven-image-fit\" href=\"https:\/\/www.groupesomavrac.com\/fr\/plusieurs-utilisations-au-liquide-de-chloration\/\"><img fetchpriority=\"high\" decoding=\"async\" width=\"1654\" height=\"1654\" src=\"https:\/\/www.groupesomavrac.com\/wp-content\/uploads\/2023\/07\/Design-sans-titre-2.png\" class=\"attachment-full size-full wp-image-18471\" alt=\"\" srcset=\"https:\/\/www.groupesomavrac.com\/wp-content\/uploads\/2023\/07\/Design-sans-titre-2.png 1654w, https:\/\/www.groupesomavrac.com\/wp-content\/uploads\/2023\/07\/Design-sans-titre-2-300x300.png 300w, https:\/\/www.groupesomavrac.com\/wp-content\/uploads\/2023\/07\/Design-sans-titre-2-1024x1024.png 1024w, https:\/\/www.groupesomavrac.com\/wp-content\/uploads\/2023\/07\/Design-sans-titre-2-150x150.png 150w, https:\/\/www.groupesomavrac.com\/wp-content\/uploads\/2023\/07\/Design-sans-titre-2-768x768.png 768w, https:\/\/www.groupesomavrac.com\/wp-content\/uploads\/2023\/07\/Design-sans-titre-2-101x101.png 101w, https:\/\/www.groupesomavrac.com\/wp-content\/uploads\/2023\/07\/Design-sans-titre-2-202x202.png 202w, https:\/\/www.groupesomavrac.com\/wp-content\/uploads\/2023\/07\/Design-sans-titre-2-116x116.png 116w, https:\/\/www.groupesomavrac.com\/wp-content\/uploads\/2023\/07\/Design-sans-titre-2-232x232.png 232w, https:\/\/www.groupesomavrac.com\/wp-content\/uploads\/2023\/07\/Design-sans-titre-2-1536x1536.png 1536w, https:\/\/www.groupesomavrac.com\/wp-content\/uploads\/2023\/07\/Design-sans-titre-2-500x500.png 500w, https:\/\/www.groupesomavrac.com\/wp-content\/uploads\/2023\/07\/Design-sans-titre-2-600x600.png 600w, https:\/\/www.groupesomavrac.com\/wp-content\/uploads\/2023\/07\/Design-sans-titre-2-100x100.png 100w\" sizes=\"(max-width: 1654px) 100vw, 1654px\" \/> <span class=\"raven-post-image-overlay\"><\/span><\/a>\t\t<\/div>\n\t\t\t\t\t\t<div class=\"raven-post-content\">\n\t\t\t\t\t\t\t<div class=\"raven-post-meta\"><a class=\"raven-post-meta-item raven-post-date\" href=\"https:\/\/www.groupesomavrac.com\/fr\/2023\/07\/\" rel=\"bookmark\">26 juillet 2023<\/a><\/div>\n\t\t<h4 class=\"raven-post-title\"><a class=\"raven-post-title-link\" href=\"https:\/\/www.groupesomavrac.com\/fr\/plusieurs-utilisations-au-liquide-de-chloration\/\">Plusieurs utilisations au liquide de chloration<\/a><\/h4><div class=\"raven-post-excerpt\">JBF distribue les produits ACG-12 et JAVEL BF-12 en tant que liquide de chloration pour le contr\u00f4le des bact\u00e9ries et des algues. &nbsp; \u00c0 travers<\/div>\t\t<div class=\"raven-post-read-more\">\n\t\t\t<a class=\"raven-post-button\" href=\"https:\/\/www.groupesomavrac.com\/fr\/plusieurs-utilisations-au-liquide-de-chloration\/\"><span class=\"raven-post-button-text\">Lire la suite<\/span><\/a>\n\t\t<\/div>\n\t\t\t\t\t\t<\/div>\n\t\t\t<\/div>\n\t\t<\/div>\n\t\t\t\t<div class=\"raven-grid-item raven-post-item post-18078 post type-post status-publish format-standard has-post-thumbnail hentry category-jbf\">\n\t\t\t<div class=\"raven-post\">\n\t\t\t\t\t\t<div class=\"raven-post-image-wrap\">\n\t\t\t<a class=\"raven-post-image raven-image-fit\" href=\"https:\/\/www.groupesomavrac.com\/fr\/lutilisation-du-liquide-de-chloration-pour-piscine\/\"><img decoding=\"async\" width=\"2560\" height=\"1340\" src=\"https:\/\/www.groupesomavrac.com\/wp-content\/uploads\/2023\/05\/shutterstock_1677965284-scaled.jpg\" class=\"attachment-full size-full wp-image-18079\" alt=\"\" srcset=\"https:\/\/www.groupesomavrac.com\/wp-content\/uploads\/2023\/05\/shutterstock_1677965284-scaled.jpg 2560w, https:\/\/www.groupesomavrac.com\/wp-content\/uploads\/2023\/05\/shutterstock_1677965284-300x157.jpg 300w, https:\/\/www.groupesomavrac.com\/wp-content\/uploads\/2023\/05\/shutterstock_1677965284-1024x536.jpg 1024w, https:\/\/www.groupesomavrac.com\/wp-content\/uploads\/2023\/05\/shutterstock_1677965284-768x402.jpg 768w, https:\/\/www.groupesomavrac.com\/wp-content\/uploads\/2023\/05\/shutterstock_1677965284-1536x804.jpg 1536w, https:\/\/www.groupesomavrac.com\/wp-content\/uploads\/2023\/05\/shutterstock_1677965284-2048x1072.jpg 2048w, https:\/\/www.groupesomavrac.com\/wp-content\/uploads\/2023\/05\/shutterstock_1677965284-600x314.jpg 600w\" sizes=\"(max-width: 2560px) 100vw, 2560px\" \/> <span class=\"raven-post-image-overlay\"><\/span><\/a>\t\t<\/div>\n\t\t\t\t\t\t<div class=\"raven-post-content\">\n\t\t\t\t\t\t\t<div class=\"raven-post-meta\"><a class=\"raven-post-meta-item raven-post-date\" href=\"https:\/\/www.groupesomavrac.com\/fr\/2023\/05\/\" rel=\"bookmark\">25 mai 2023<\/a><\/div>\n\t\t<h4 class=\"raven-post-title\"><a class=\"raven-post-title-link\" href=\"https:\/\/www.groupesomavrac.com\/fr\/lutilisation-du-liquide-de-chloration-pour-piscine\/\">L\u2019utilisation du liquide de chloration pour piscine<\/a><\/h4><div class=\"raven-post-excerpt\">JBF distribue les produits ACG-12 et JAVEL BF-12 pour le contr\u00f4le des bact\u00e9ries et des algues dans l\u2019eau des piscines. &nbsp; L\u2019ouverture des piscines est<\/div>\t\t<div class=\"raven-post-read-more\">\n\t\t\t<a class=\"raven-post-button\" href=\"https:\/\/www.groupesomavrac.com\/fr\/lutilisation-du-liquide-de-chloration-pour-piscine\/\"><span class=\"raven-post-button-text\">Lire la suite<\/span><\/a>\n\t\t<\/div>\n\t\t\t\t\t\t<\/div>\n\t\t\t<\/div>\n\t\t<\/div>\n\t\t\t\t<div class=\"raven-grid-item raven-post-item post-16501 post type-post status-publish format-standard has-post-thumbnail hentry category-jbf\">\n\t\t\t<div class=\"raven-post\">\n\t\t\t\t\t\t<div class=\"raven-post-image-wrap\">\n\t\t\t<a class=\"raven-post-image raven-image-fit\" href=\"https:\/\/www.groupesomavrac.com\/fr\/les-produits-insecticides-jbf\/\"><img decoding=\"async\" width=\"600\" height=\"600\" src=\"https:\/\/www.groupesomavrac.com\/wp-content\/uploads\/2023\/04\/Sans-titre-50.png\" class=\"attachment-full size-full wp-image-16929\" alt=\"\" srcset=\"https:\/\/www.groupesomavrac.com\/wp-content\/uploads\/2023\/04\/Sans-titre-50.png 600w, https:\/\/www.groupesomavrac.com\/wp-content\/uploads\/2023\/04\/Sans-titre-50-300x300.png 300w, https:\/\/www.groupesomavrac.com\/wp-content\/uploads\/2023\/04\/Sans-titre-50-150x150.png 150w, https:\/\/www.groupesomavrac.com\/wp-content\/uploads\/2023\/04\/Sans-titre-50-101x101.png 101w, https:\/\/www.groupesomavrac.com\/wp-content\/uploads\/2023\/04\/Sans-titre-50-202x202.png 202w, https:\/\/www.groupesomavrac.com\/wp-content\/uploads\/2023\/04\/Sans-titre-50-116x116.png 116w, https:\/\/www.groupesomavrac.com\/wp-content\/uploads\/2023\/04\/Sans-titre-50-232x232.png 232w, https:\/\/www.groupesomavrac.com\/wp-content\/uploads\/2023\/04\/Sans-titre-50-500x500.png 500w, https:\/\/www.groupesomavrac.com\/wp-content\/uploads\/2023\/04\/Sans-titre-50-100x100.png 100w\" sizes=\"(max-width: 600px) 100vw, 600px\" \/> <span class=\"raven-post-image-overlay\"><\/span><\/a>\t\t<\/div>\n\t\t\t\t\t\t<div class=\"raven-post-content\">\n\t\t\t\t\t\t\t<div class=\"raven-post-meta\"><a class=\"raven-post-meta-item raven-post-date\" href=\"https:\/\/www.groupesomavrac.com\/fr\/2023\/04\/\" rel=\"bookmark\">24 avril 2023<\/a><\/div>\n\t\t<h4 class=\"raven-post-title\"><a class=\"raven-post-title-link\" href=\"https:\/\/www.groupesomavrac.com\/fr\/les-produits-insecticides-jbf\/\">Les produits insecticides JBF<\/a><\/h4><div class=\"raven-post-excerpt\">Avec l\u2019aide de Marie-\u00c8ve Lavoie, repr\u00e9sentante des ventes chez JBF La sant\u00e9 animale est importante dans le domaine agricole. Les agriculteurs ont \u00e0 c\u0153ur le<\/div>\t\t<div class=\"raven-post-read-more\">\n\t\t\t<a class=\"raven-post-button\" href=\"https:\/\/www.groupesomavrac.com\/fr\/les-produits-insecticides-jbf\/\"><span class=\"raven-post-button-text\">Lire la suite<\/span><\/a>\n\t\t<\/div>\n\t\t\t\t\t\t<\/div>\n\t\t\t<\/div>\n\t\t<\/div>\n\t\t\t\t<div class=\"raven-grid-item raven-post-item post-16199 post type-post status-publish format-standard has-post-thumbnail hentry category-jbf\">\n\t\t\t<div class=\"raven-post\">\n\t\t\t\t\t\t<div class=\"raven-post-image-wrap\">\n\t\t\t<a class=\"raven-post-image raven-image-fit\" href=\"https:\/\/www.groupesomavrac.com\/fr\/decouvrez-jbf\/\"><img loading=\"lazy\" decoding=\"async\" width=\"2560\" height=\"1707\" src=\"https:\/\/www.groupesomavrac.com\/wp-content\/uploads\/2023\/03\/IMG_0753_Lightroom-scaled.jpg\" class=\"attachment-full size-full wp-image-16202\" alt=\"\" srcset=\"https:\/\/www.groupesomavrac.com\/wp-content\/uploads\/2023\/03\/IMG_0753_Lightroom-scaled.jpg 2560w, https:\/\/www.groupesomavrac.com\/wp-content\/uploads\/2023\/03\/IMG_0753_Lightroom-300x200.jpg 300w, https:\/\/www.groupesomavrac.com\/wp-content\/uploads\/2023\/03\/IMG_0753_Lightroom-1024x683.jpg 1024w, https:\/\/www.groupesomavrac.com\/wp-content\/uploads\/2023\/03\/IMG_0753_Lightroom-768x512.jpg 768w, https:\/\/www.groupesomavrac.com\/wp-content\/uploads\/2023\/03\/IMG_0753_Lightroom-1536x1024.jpg 1536w, https:\/\/www.groupesomavrac.com\/wp-content\/uploads\/2023\/03\/IMG_0753_Lightroom-2048x1365.jpg 2048w, https:\/\/www.groupesomavrac.com\/wp-content\/uploads\/2023\/03\/IMG_0753_Lightroom-600x400.jpg 600w\" sizes=\"(max-width: 2560px) 100vw, 2560px\" \/> <span class=\"raven-post-image-overlay\"><\/span><\/a>\t\t<\/div>\n\t\t\t\t\t\t<div class=\"raven-post-content\">\n\t\t\t\t\t\t\t<div class=\"raven-post-meta\"><a class=\"raven-post-meta-item raven-post-date\" href=\"https:\/\/www.groupesomavrac.com\/fr\/2023\/03\/\" rel=\"bookmark\">8 mars 2023<\/a><\/div>\n\t\t<h4 class=\"raven-post-title\"><a class=\"raven-post-title-link\" href=\"https:\/\/www.groupesomavrac.com\/fr\/decouvrez-jbf\/\">D\u00e9couvrez JBF<\/a><\/h4><div class=\"raven-post-excerpt\">Avec l\u2019aide de Louis-Philippe Bernier, directeur des op\u00e9rations JBF et David G\u00e9linas, directeur g\u00e9n\u00e9ral JBF &nbsp; JBF est entr\u00e9e dans la famille du Groupe Somavrac<\/div>\t\t<div class=\"raven-post-read-more\">\n\t\t\t<a class=\"raven-post-button\" href=\"https:\/\/www.groupesomavrac.com\/fr\/decouvrez-jbf\/\"><span class=\"raven-post-button-text\">Lire la suite<\/span><\/a>\n\t\t<\/div>\n\t\t\t\t\t\t<\/div>\n\t\t\t<\/div>\n\t\t<\/div>\n\t\t\t\t<div class=\"raven-grid-item raven-post-item post-16189 post type-post status-publish format-standard has-post-thumbnail hentry category-jbf\">\n\t\t\t<div class=\"raven-post\">\n\t\t\t\t\t\t<div class=\"raven-post-image-wrap\">\n\t\t\t<a class=\"raven-post-image raven-image-fit\" href=\"https:\/\/www.groupesomavrac.com\/fr\/untitled_3\/\"><img loading=\"lazy\" decoding=\"async\" width=\"2048\" height=\"1365\" src=\"https:\/\/www.groupesomavrac.com\/wp-content\/uploads\/2023\/03\/IMG_0892_Lightroom.jpg\" class=\"attachment-full size-full wp-image-16105\" alt=\"\" srcset=\"https:\/\/www.groupesomavrac.com\/wp-content\/uploads\/2023\/03\/IMG_0892_Lightroom.jpg 2048w, https:\/\/www.groupesomavrac.com\/wp-content\/uploads\/2023\/03\/IMG_0892_Lightroom-300x200.jpg 300w, https:\/\/www.groupesomavrac.com\/wp-content\/uploads\/2023\/03\/IMG_0892_Lightroom-1024x683.jpg 1024w, https:\/\/www.groupesomavrac.com\/wp-content\/uploads\/2023\/03\/IMG_0892_Lightroom-768x512.jpg 768w, https:\/\/www.groupesomavrac.com\/wp-content\/uploads\/2023\/03\/IMG_0892_Lightroom-1536x1024.jpg 1536w, https:\/\/www.groupesomavrac.com\/wp-content\/uploads\/2023\/03\/IMG_0892_Lightroom-600x400.jpg 600w\" sizes=\"(max-width: 2048px) 100vw, 2048px\" \/> <span class=\"raven-post-image-overlay\"><\/span><\/a>\t\t<\/div>\n\t\t\t\t\t\t<div class=\"raven-post-content\">\n\t\t\t\t\t\t\t<div class=\"raven-post-meta\"><a class=\"raven-post-meta-item raven-post-date\" href=\"https:\/\/www.groupesomavrac.com\/fr\/2021\/11\/\" rel=\"bookmark\">1 novembre 2021<\/a><\/div>\n\t\t<h4 class=\"raven-post-title\"><a class=\"raven-post-title-link\" href=\"https:\/\/www.groupesomavrac.com\/fr\/untitled_3\/\">JBF dans les m\u00e9dias : nouvelle acquisition<\/a><\/h4><div class=\"raven-post-excerpt\">Un article mettant en vedette l\u2019acquisition de JBF par le Groupe Somavrac, entreprise de manutention de produits en vrac dans l\u2019\u00e9dition du publireportage du m\u00e9dia<\/div>\t\t<div class=\"raven-post-read-more\">\n\t\t\t<a class=\"raven-post-button\" href=\"https:\/\/www.groupesomavrac.com\/fr\/untitled_3\/\"><span class=\"raven-post-button-text\">Lire la suite<\/span><\/a>\n\t\t<\/div>\n\t\t\t\t\t\t<\/div>\n\t\t\t<\/div>\n\t\t<\/div>\n\t\t\t\t<\/div>\n\t\t\t\t\t\t<\/div>\n\t\t\t\t<\/div>\n\t\t\t\t\t<\/div>\n\t\t<\/div>\n\t\t\t\t\t<\/div>\n\t\t<\/section>\n\t\t\t\t<\/div>\n\t\t","protected":false},"excerpt":{"rendered":"<p>&nbsp; Blogue &nbsp;<\/p>\n","protected":false},"author":12,"featured_media":0,"parent":11042,"menu_order":0,"comment_status":"closed","ping_status":"closed","template":"","meta":{"_acf_changed":false,"inline_featured_image":false,"footnotes":""},"class_list":["post-12533","page","type-page","status-publish","hentry"],"acf":[],"yoast_head":"<!-- This site is optimized with the Yoast SEO plugin v27.5 - https:\/\/yoast.com\/product\/yoast-seo-wordpress\/ -->\n<title>Blogue JBF - Groupe Somavrac<\/title>\n<meta name=\"robots\" content=\"index, follow, max-snippet:-1, max-image-preview:large, max-video-preview:-1\" \/>\n<link rel=\"canonical\" href=\"https:\/\/www.groupesomavrac.com\/fr\/filiales\/jbf\/blogue-jbf\/\" \/>\n<meta property=\"og:locale\" content=\"fr_CA\" \/>\n<meta property=\"og:type\" content=\"article\" \/>\n<meta property=\"og:title\" content=\"Blogue JBF - Groupe Somavrac\" \/>\n<meta property=\"og:description\" content=\"&nbsp; Blogue &nbsp;\" \/>\n<meta property=\"og:url\" content=\"https:\/\/www.groupesomavrac.com\/fr\/filiales\/jbf\/blogue-jbf\/\" \/>\n<meta property=\"og:site_name\" content=\"Groupe Somavrac\" \/>\n<meta property=\"article:modified_time\" content=\"2023-03-07T16:53:05+00:00\" \/>\n<meta name=\"twitter:card\" content=\"summary_large_image\" \/>\n<meta name=\"twitter:label1\" content=\"Estimation du temps de lecture\" \/>\n\t<meta name=\"twitter:data1\" content=\"4 minutes\" \/>\n<script type=\"application\/ld+json\" class=\"yoast-schema-graph\">{\"@context\":\"https:\\\/\\\/schema.org\",\"@graph\":[{\"@type\":\"WebPage\",\"@id\":\"https:\\\/\\\/www.groupesomavrac.com\\\/fr\\\/filiales\\\/jbf\\\/blogue-jbf\\\/\",\"url\":\"https:\\\/\\\/www.groupesomavrac.com\\\/fr\\\/filiales\\\/jbf\\\/blogue-jbf\\\/\",\"name\":\"Blogue JBF - Groupe Somavrac\",\"isPartOf\":{\"@id\":\"https:\\\/\\\/www.groupesomavrac.com\\\/fr\\\/#website\"},\"datePublished\":\"2022-04-06T12:14:53+00:00\",\"dateModified\":\"2023-03-07T16:53:05+00:00\",\"breadcrumb\":{\"@id\":\"https:\\\/\\\/www.groupesomavrac.com\\\/fr\\\/filiales\\\/jbf\\\/blogue-jbf\\\/#breadcrumb\"},\"inLanguage\":\"fr-CA\",\"potentialAction\":[{\"@type\":\"ReadAction\",\"target\":[\"https:\\\/\\\/www.groupesomavrac.com\\\/fr\\\/filiales\\\/jbf\\\/blogue-jbf\\\/\"]}]},{\"@type\":\"BreadcrumbList\",\"@id\":\"https:\\\/\\\/www.groupesomavrac.com\\\/fr\\\/filiales\\\/jbf\\\/blogue-jbf\\\/#breadcrumb\",\"itemListElement\":[{\"@type\":\"ListItem\",\"position\":1,\"name\":\"Nos Filiales\",\"item\":\"https:\\\/\\\/www.groupesomavrac.com\\\/fr\\\/filiales\\\/\"},{\"@type\":\"ListItem\",\"position\":2,\"name\":\"JBF\",\"item\":\"https:\\\/\\\/www.groupesomavrac.com\\\/fr\\\/filiales\\\/jbf\\\/\"},{\"@type\":\"ListItem\",\"position\":3,\"name\":\"Blogue JBF\"}]},{\"@type\":\"WebSite\",\"@id\":\"https:\\\/\\\/www.groupesomavrac.com\\\/fr\\\/#website\",\"url\":\"https:\\\/\\\/www.groupesomavrac.com\\\/fr\\\/\",\"name\":\"Groupe Somavrac\",\"description\":\"Partenaire de votre cha\u00eene logistique\",\"potentialAction\":[{\"@type\":\"SearchAction\",\"target\":{\"@type\":\"EntryPoint\",\"urlTemplate\":\"https:\\\/\\\/www.groupesomavrac.com\\\/fr\\\/?s={search_term_string}\"},\"query-input\":{\"@type\":\"PropertyValueSpecification\",\"valueRequired\":true,\"valueName\":\"search_term_string\"}}],\"inLanguage\":\"fr-CA\"}]}<\/script>\n<!-- \/ Yoast SEO plugin. -->","yoast_head_json":{"title":"Blogue JBF - Groupe Somavrac","robots":{"index":"index","follow":"follow","max-snippet":"max-snippet:-1","max-image-preview":"max-image-preview:large","max-video-preview":"max-video-preview:-1"},"canonical":"https:\/\/www.groupesomavrac.com\/fr\/filiales\/jbf\/blogue-jbf\/","og_locale":"fr_CA","og_type":"article","og_title":"Blogue JBF - Groupe Somavrac","og_description":"&nbsp; Blogue &nbsp;","og_url":"https:\/\/www.groupesomavrac.com\/fr\/filiales\/jbf\/blogue-jbf\/","og_site_name":"Groupe Somavrac","article_modified_time":"2023-03-07T16:53:05+00:00","twitter_card":"summary_large_image","twitter_misc":{"Estimation du temps de lecture":"4 minutes"},"schema":{"@context":"https:\/\/schema.org","@graph":[{"@type":"WebPage","@id":"https:\/\/www.groupesomavrac.com\/fr\/filiales\/jbf\/blogue-jbf\/","url":"https:\/\/www.groupesomavrac.com\/fr\/filiales\/jbf\/blogue-jbf\/","name":"Blogue JBF - Groupe Somavrac","isPartOf":{"@id":"https:\/\/www.groupesomavrac.com\/fr\/#website"},"datePublished":"2022-04-06T12:14:53+00:00","dateModified":"2023-03-07T16:53:05+00:00","breadcrumb":{"@id":"https:\/\/www.groupesomavrac.com\/fr\/filiales\/jbf\/blogue-jbf\/#breadcrumb"},"inLanguage":"fr-CA","potentialAction":[{"@type":"ReadAction","target":["https:\/\/www.groupesomavrac.com\/fr\/filiales\/jbf\/blogue-jbf\/"]}]},{"@type":"BreadcrumbList","@id":"https:\/\/www.groupesomavrac.com\/fr\/filiales\/jbf\/blogue-jbf\/#breadcrumb","itemListElement":[{"@type":"ListItem","position":1,"name":"Nos Filiales","item":"https:\/\/www.groupesomavrac.com\/fr\/filiales\/"},{"@type":"ListItem","position":2,"name":"JBF","item":"https:\/\/www.groupesomavrac.com\/fr\/filiales\/jbf\/"},{"@type":"ListItem","position":3,"name":"Blogue JBF"}]},{"@type":"WebSite","@id":"https:\/\/www.groupesomavrac.com\/fr\/#website","url":"https:\/\/www.groupesomavrac.com\/fr\/","name":"Groupe Somavrac","description":"Partenaire de votre cha\u00eene logistique","potentialAction":[{"@type":"SearchAction","target":{"@type":"EntryPoint","urlTemplate":"https:\/\/www.groupesomavrac.com\/fr\/?s={search_term_string}"},"query-input":{"@type":"PropertyValueSpecification","valueRequired":true,"valueName":"search_term_string"}}],"inLanguage":"fr-CA"}]}},"_links":{"self":[{"href":"https:\/\/www.groupesomavrac.com\/fr\/wp-json\/wp\/v2\/pages\/12533","targetHints":{"allow":["GET"]}}],"collection":[{"href":"https:\/\/www.groupesomavrac.com\/fr\/wp-json\/wp\/v2\/pages"}],"about":[{"href":"https:\/\/www.groupesomavrac.com\/fr\/wp-json\/wp\/v2\/types\/page"}],"author":[{"embeddable":true,"href":"https:\/\/www.groupesomavrac.com\/fr\/wp-json\/wp\/v2\/users\/12"}],"replies":[{"embeddable":true,"href":"https:\/\/www.groupesomavrac.com\/fr\/wp-json\/wp\/v2\/comments?post=12533"}],"version-history":[{"count":13,"href":"https:\/\/www.groupesomavrac.com\/fr\/wp-json\/wp\/v2\/pages\/12533\/revisions"}],"predecessor-version":[{"id":16180,"href":"https:\/\/www.groupesomavrac.com\/fr\/wp-json\/wp\/v2\/pages\/12533\/revisions\/16180"}],"up":[{"embeddable":true,"href":"https:\/\/www.groupesomavrac.com\/fr\/wp-json\/wp\/v2\/pages\/11042"}],"wp:attachment":[{"href":"https:\/\/www.groupesomavrac.com\/fr\/wp-json\/wp\/v2\/media?parent=12533"}],"curies":[{"name":"wp","href":"https:\/\/api.w.org\/{rel}","templated":true}]}}