{"id":1379,"date":"2019-07-31T10:12:03","date_gmt":"2019-07-31T14:12:03","guid":{"rendered":"https:\/\/www.groupesomavrac.com\/?page_id=1379"},"modified":"2025-02-28T13:54:22","modified_gmt":"2025-02-28T18:54:22","slug":"entreprise","status":"publish","type":"page","link":"https:\/\/www.groupesomavrac.com\/fr\/entreprise\/","title":{"rendered":"Notre entreprise"},"content":{"rendered":"\t\t<div data-elementor-type=\"wp-post\" data-elementor-id=\"1379\" class=\"elementor elementor-1379\" data-elementor-post-type=\"page\">\n\t\t\t\t\t\t<section class=\"elementor-section elementor-top-section elementor-element elementor-element-2ee6e728 elementor-section-stretched elementor-section-full_width elementor-section-height-default elementor-section-height-default\" data-id=\"2ee6e728\" data-element_type=\"section\" data-e-type=\"section\" data-settings=\"{&quot;stretch_section&quot;:&quot;section-stretched&quot;,&quot;background_background&quot;:&quot;classic&quot;}\">\n\t\t\t\t\t\t<div class=\"elementor-container elementor-column-gap-no\">\n\t\t\t\t\t<div class=\"elementor-column elementor-col-100 elementor-top-column elementor-element elementor-element-14333c73\" data-id=\"14333c73\" data-element_type=\"column\" data-e-type=\"column\">\n\t\t\t<div class=\"elementor-widget-wrap elementor-element-populated\">\n\t\t\t\t\t\t<section class=\"elementor-section elementor-inner-section elementor-element elementor-element-b0f44e3 elementor-section-full_width elementor-section-height-default elementor-section-height-default\" data-id=\"b0f44e3\" data-element_type=\"section\" data-e-type=\"section\">\n\t\t\t\t\t\t<div class=\"elementor-container elementor-column-gap-default\">\n\t\t\t\t\t<div class=\"elementor-column elementor-col-100 elementor-inner-column elementor-element elementor-element-4b70f0c4\" data-id=\"4b70f0c4\" data-element_type=\"column\" data-e-type=\"column\">\n\t\t\t<div class=\"elementor-widget-wrap elementor-element-populated\">\n\t\t\t\t\t\t<div class=\"elementor-element elementor-element-55bed5a4 elementor-widget__width-initial elementor-widget elementor-widget-image\" data-id=\"55bed5a4\" data-element_type=\"widget\" data-e-type=\"widget\" data-widget_type=\"image.default\">\n\t\t\t\t\t\t\t\t\t\t\t\t\t\t\t<img decoding=\"async\" src=\"https:\/\/www.groupesomavrac.com\/wp-content\/uploads\/elementor\/thumbs\/somavrac-signature-fr-1-qao7aghz5wye5hoz6ri7p0dnjuf1kqdmna37zrh4eo.png\" title=\"somavrac-signature-fr\" alt=\"somavrac-signature-fr\" loading=\"lazy\" \/>\t\t\t\t\t\t\t\t\t\t\t\t\t\t\t<\/div>\n\t\t\t\t\t<\/div>\n\t\t<\/div>\n\t\t\t\t\t<\/div>\n\t\t<\/section>\n\t\t\t\t\t<\/div>\n\t\t<\/div>\n\t\t\t\t\t<\/div>\n\t\t<\/section>\n\t\t\t\t<section class=\"elementor-section elementor-top-section elementor-element elementor-element-ef285c9 elementor-section-stretched elementor-reverse-tablet elementor-reverse-mobile elementor-section-boxed elementor-section-height-default elementor-section-height-default\" data-id=\"ef285c9\" data-element_type=\"section\" data-e-type=\"section\" data-settings=\"{&quot;stretch_section&quot;:&quot;section-stretched&quot;}\">\n\t\t\t\t\t\t<div class=\"elementor-container elementor-column-gap-default\">\n\t\t\t\t\t<div class=\"elementor-column elementor-col-50 elementor-top-column elementor-element elementor-element-6ab1f7b\" data-id=\"6ab1f7b\" data-element_type=\"column\" data-e-type=\"column\">\n\t\t\t<div class=\"elementor-widget-wrap elementor-element-populated\">\n\t\t\t\t\t\t<div class=\"elementor-element elementor-element-abbc965 elementor-widget elementor-widget-heading\" data-id=\"abbc965\" data-element_type=\"widget\" data-e-type=\"widget\" data-widget_type=\"heading.default\">\n\t\t\t\t\t<h1 class=\"elementor-heading-title elementor-size-default\">Entreprise<\/h1>\t\t\t\t<\/div>\n\t\t\t\t<div class=\"elementor-element elementor-element-0de7abe elementor-widget elementor-widget-text-editor\" data-id=\"0de7abe\" data-element_type=\"widget\" data-e-type=\"widget\" data-widget_type=\"text-editor.default\">\n\t\t\t\t\t\t\t\t\t<p>Fond\u00e9 en 1963 par Pierre Paquin, Groupe Somavrac est une entreprise familiale dont le si\u00e8ge social est situ\u00e9 \u00e0 Trois-Rivi\u00e8res. Groupe Somavrac se sp\u00e9cialise en arrimage, entreposage, manutention et transformation, transport et distribution de produits chimiques pour le compte de divers secteurs d\u2019industrie.<\/p><p>Minier, cimenteries, \u00e9nergie, p\u00e2tes et papiers, acier\/aluminium, chimique\/p\u00e9trochimique, agricole, agroalimentaire et industriel.<\/p><p>Depuis sa fondation, Groupe Somavrac a d\u00e9velopp\u00e9 des activit\u00e9s commerciales avec un dynamisme et une int\u00e9grit\u00e9 remarquable. L\u2019innovation, les investissements et la technologie s\u2019inscrivent dans la strat\u00e9gie de croissance du Groupe Somavrac qui est aujourd\u2019hui bien implant\u00e9 dans les quatre coins de la province du Qu\u00e9bec ainsi qu\u2019en Ontario. Les 500 sp\u00e9cialistes \u0153uvrant dans les diff\u00e9rents terminaux du Groupe Somavrac sont donc en mesure d\u2019offrir un service cl\u00e9 en main adapt\u00e9 aux besoins et aux r\u00e9alit\u00e9s de chaque client.<\/p><p>Qu\u2019il s\u2019agisse de vrac solide, de vrac liquide, de mati\u00e8res dangereuses, de cargaisons li\u00e9es \u00e0 des projets (project cargo) ou autres, la manutention s\u00e9curitaire des marchandises est au c\u0153ur du savoir-faire du Groupe Somavrac. Par ailleurs, Groupe Somavrac effectue des audits de conformit\u00e9 ponctuels afin de s\u2019assurer du respect des proc\u00e9dures, des lois et des r\u00e8glements en vigueur portant sur la protection du public, des employ\u00e9s et de l\u2019environnement. L\u2019\u00e9quipe multidisciplinaire du Groupe Somavrac a la forte volont\u00e9 d\u2019observer des normes de conduite \u00e9lev\u00e9es dans tous ses rapports avec la client\u00e8le, tout en r\u00e9pondant aux besoins de celle-ci avec professionnalisme et rigueur.<\/p>\t\t\t\t\t\t\t\t<\/div>\n\t\t\t\t\t<\/div>\n\t\t<\/div>\n\t\t\t\t<div class=\"elementor-column elementor-col-50 elementor-top-column elementor-element elementor-element-15ae725 contentImg-wrapper\" data-id=\"15ae725\" data-element_type=\"column\" data-e-type=\"column\">\n\t\t\t<div class=\"elementor-widget-wrap elementor-element-populated\">\n\t\t\t\t\t\t<div class=\"elementor-element elementor-element-09ec9ed elementor-widget elementor-widget-image\" data-id=\"09ec9ed\" data-element_type=\"widget\" data-e-type=\"widget\" data-widget_type=\"image.default\">\n\t\t\t\t\t\t\t\t\t\t\t\t\t\t\t<img fetchpriority=\"high\" decoding=\"async\" width=\"700\" height=\"540\" src=\"https:\/\/www.groupesomavrac.com\/wp-content\/uploads\/2019\/07\/entreprise.jpg\" class=\"attachment-full size-full wp-image-1384\" alt=\"Groupe Somavrac, Port de Trois-Rivi\u00e8res\" srcset=\"https:\/\/www.groupesomavrac.com\/wp-content\/uploads\/2019\/07\/entreprise.jpg 700w, https:\/\/www.groupesomavrac.com\/wp-content\/uploads\/2019\/07\/entreprise-600x463.jpg 600w, https:\/\/www.groupesomavrac.com\/wp-content\/uploads\/2019\/07\/entreprise-300x231.jpg 300w\" sizes=\"(max-width: 700px) 100vw, 700px\" \/>\t\t\t\t\t\t\t\t\t\t\t\t\t\t\t<\/div>\n\t\t\t\t\t<\/div>\n\t\t<\/div>\n\t\t\t\t\t<\/div>\n\t\t<\/section>\n\t\t\t\t<\/div>\n\t\t","protected":false},"excerpt":{"rendered":"<p>Entreprise Fond\u00e9 en 1963 par Pierre Paquin, Groupe Somavrac est une entreprise familiale dont le si\u00e8ge social est situ\u00e9 \u00e0 Trois-Rivi\u00e8res. Groupe Somavrac se sp\u00e9cialise en arrimage, entreposage, manutention et transformation, transport et distribution de produits chimiques pour le compte de divers secteurs d\u2019industrie. Minier, cimenteries, \u00e9nergie, p\u00e2tes et papiers, acier\/aluminium, chimique\/p\u00e9trochimique, agricole, agroalimentaire et [&hellip;]<\/p>\n","protected":false},"author":1,"featured_media":0,"parent":0,"menu_order":0,"comment_status":"closed","ping_status":"closed","template":"","meta":{"_acf_changed":false,"inline_featured_image":false,"footnotes":""},"class_list":["post-1379","page","type-page","status-publish","hentry"],"acf":[],"yoast_head":"<!-- This site is optimized with the Yoast SEO plugin v26.9 - https:\/\/yoast.com\/product\/yoast-seo-wordpress\/ -->\n<title>Groupe Somavrac - Notre entreprise - Solutions Logistiques<\/title>\n<meta name=\"description\" content=\"Groupe Somavrac se sp\u00e9cialise en arrimage, entreposage, manutention et transformation, transport et distribution de produits chimiques.\" \/>\n<meta name=\"robots\" content=\"index, follow, max-snippet:-1, max-image-preview:large, max-video-preview:-1\" \/>\n<link rel=\"canonical\" href=\"https:\/\/www.groupesomavrac.com\/fr\/entreprise\/\" \/>\n<meta property=\"og:locale\" content=\"fr_CA\" \/>\n<meta property=\"og:type\" content=\"article\" \/>\n<meta property=\"og:title\" content=\"Groupe Somavrac - Notre entreprise - Solutions Logistiques\" \/>\n<meta property=\"og:description\" content=\"Groupe Somavrac se sp\u00e9cialise en arrimage, entreposage, manutention et transformation, transport et distribution de produits chimiques.\" \/>\n<meta property=\"og:url\" content=\"https:\/\/www.groupesomavrac.com\/fr\/entreprise\/\" \/>\n<meta property=\"og:site_name\" content=\"Groupe Somavrac\" \/>\n<meta property=\"article:modified_time\" content=\"2025-02-28T18:54:22+00:00\" \/>\n<meta property=\"og:image\" content=\"https:\/\/www.groupesomavrac.com\/wp-content\/uploads\/elementor\/thumbs\/somavrac-signature-fr-1-qao7aghz5wye5hoz6ri7p0dnjuf1kqdmna37zrh4eo.png\" \/>\n<meta name=\"twitter:card\" content=\"summary_large_image\" \/>\n<meta name=\"twitter:label1\" content=\"Estimation du temps de lecture\" \/>\n\t<meta name=\"twitter:data1\" content=\"2 minutes\" \/>\n<script type=\"application\/ld+json\" class=\"yoast-schema-graph\">{\"@context\":\"https:\/\/schema.org\",\"@graph\":[{\"@type\":\"WebPage\",\"@id\":\"https:\/\/www.groupesomavrac.com\/fr\/entreprise\/\",\"url\":\"https:\/\/www.groupesomavrac.com\/fr\/entreprise\/\",\"name\":\"Groupe Somavrac - Notre entreprise - Solutions Logistiques\",\"isPartOf\":{\"@id\":\"https:\/\/www.groupesomavrac.com\/fr\/#website\"},\"primaryImageOfPage\":{\"@id\":\"https:\/\/www.groupesomavrac.com\/fr\/entreprise\/#primaryimage\"},\"image\":{\"@id\":\"https:\/\/www.groupesomavrac.com\/fr\/entreprise\/#primaryimage\"},\"thumbnailUrl\":\"https:\/\/www.groupesomavrac.com\/wp-content\/uploads\/elementor\/thumbs\/somavrac-signature-fr-1-qao7aghz5wye5hoz6ri7p0dnjuf1kqdmna37zrh4eo.png\",\"datePublished\":\"2019-07-31T14:12:03+00:00\",\"dateModified\":\"2025-02-28T18:54:22+00:00\",\"description\":\"Groupe Somavrac se sp\u00e9cialise en arrimage, entreposage, manutention et transformation, transport et distribution de produits chimiques.\",\"inLanguage\":\"fr-CA\",\"potentialAction\":[{\"@type\":\"ReadAction\",\"target\":[\"https:\/\/www.groupesomavrac.com\/fr\/entreprise\/\"]}]},{\"@type\":\"ImageObject\",\"inLanguage\":\"fr-CA\",\"@id\":\"https:\/\/www.groupesomavrac.com\/fr\/entreprise\/#primaryimage\",\"url\":\"https:\/\/www.groupesomavrac.com\/wp-content\/uploads\/elementor\/thumbs\/somavrac-signature-fr-1-qao7aghz5wye5hoz6ri7p0dnjuf1kqdmna37zrh4eo.png\",\"contentUrl\":\"https:\/\/www.groupesomavrac.com\/wp-content\/uploads\/elementor\/thumbs\/somavrac-signature-fr-1-qao7aghz5wye5hoz6ri7p0dnjuf1kqdmna37zrh4eo.png\"},{\"@type\":\"WebSite\",\"@id\":\"https:\/\/www.groupesomavrac.com\/fr\/#website\",\"url\":\"https:\/\/www.groupesomavrac.com\/fr\/\",\"name\":\"Groupe Somavrac\",\"description\":\"Partenaire de votre cha\u00eene logistique\",\"potentialAction\":[{\"@type\":\"SearchAction\",\"target\":{\"@type\":\"EntryPoint\",\"urlTemplate\":\"https:\/\/www.groupesomavrac.com\/fr\/?s={search_term_string}\"},\"query-input\":{\"@type\":\"PropertyValueSpecification\",\"valueRequired\":true,\"valueName\":\"search_term_string\"}}],\"inLanguage\":\"fr-CA\"}]}<\/script>\n<!-- \/ Yoast SEO plugin. -->","yoast_head_json":{"title":"Groupe Somavrac - Notre entreprise - Solutions Logistiques","description":"Groupe Somavrac se sp\u00e9cialise en arrimage, entreposage, manutention et transformation, transport et distribution de produits chimiques.","robots":{"index":"index","follow":"follow","max-snippet":"max-snippet:-1","max-image-preview":"max-image-preview:large","max-video-preview":"max-video-preview:-1"},"canonical":"https:\/\/www.groupesomavrac.com\/fr\/entreprise\/","og_locale":"fr_CA","og_type":"article","og_title":"Groupe Somavrac - Notre entreprise - Solutions Logistiques","og_description":"Groupe Somavrac se sp\u00e9cialise en arrimage, entreposage, manutention et transformation, transport et distribution de produits chimiques.","og_url":"https:\/\/www.groupesomavrac.com\/fr\/entreprise\/","og_site_name":"Groupe Somavrac","article_modified_time":"2025-02-28T18:54:22+00:00","og_image":[{"url":"https:\/\/www.groupesomavrac.com\/wp-content\/uploads\/elementor\/thumbs\/somavrac-signature-fr-1-qao7aghz5wye5hoz6ri7p0dnjuf1kqdmna37zrh4eo.png","type":"","width":"","height":""}],"twitter_card":"summary_large_image","twitter_misc":{"Estimation du temps de lecture":"2 minutes"},"schema":{"@context":"https:\/\/schema.org","@graph":[{"@type":"WebPage","@id":"https:\/\/www.groupesomavrac.com\/fr\/entreprise\/","url":"https:\/\/www.groupesomavrac.com\/fr\/entreprise\/","name":"Groupe Somavrac - Notre entreprise - Solutions Logistiques","isPartOf":{"@id":"https:\/\/www.groupesomavrac.com\/fr\/#website"},"primaryImageOfPage":{"@id":"https:\/\/www.groupesomavrac.com\/fr\/entreprise\/#primaryimage"},"image":{"@id":"https:\/\/www.groupesomavrac.com\/fr\/entreprise\/#primaryimage"},"thumbnailUrl":"https:\/\/www.groupesomavrac.com\/wp-content\/uploads\/elementor\/thumbs\/somavrac-signature-fr-1-qao7aghz5wye5hoz6ri7p0dnjuf1kqdmna37zrh4eo.png","datePublished":"2019-07-31T14:12:03+00:00","dateModified":"2025-02-28T18:54:22+00:00","description":"Groupe Somavrac se sp\u00e9cialise en arrimage, entreposage, manutention et transformation, transport et distribution de produits chimiques.","inLanguage":"fr-CA","potentialAction":[{"@type":"ReadAction","target":["https:\/\/www.groupesomavrac.com\/fr\/entreprise\/"]}]},{"@type":"ImageObject","inLanguage":"fr-CA","@id":"https:\/\/www.groupesomavrac.com\/fr\/entreprise\/#primaryimage","url":"https:\/\/www.groupesomavrac.com\/wp-content\/uploads\/elementor\/thumbs\/somavrac-signature-fr-1-qao7aghz5wye5hoz6ri7p0dnjuf1kqdmna37zrh4eo.png","contentUrl":"https:\/\/www.groupesomavrac.com\/wp-content\/uploads\/elementor\/thumbs\/somavrac-signature-fr-1-qao7aghz5wye5hoz6ri7p0dnjuf1kqdmna37zrh4eo.png"},{"@type":"WebSite","@id":"https:\/\/www.groupesomavrac.com\/fr\/#website","url":"https:\/\/www.groupesomavrac.com\/fr\/","name":"Groupe Somavrac","description":"Partenaire de votre cha\u00eene logistique","potentialAction":[{"@type":"SearchAction","target":{"@type":"EntryPoint","urlTemplate":"https:\/\/www.groupesomavrac.com\/fr\/?s={search_term_string}"},"query-input":{"@type":"PropertyValueSpecification","valueRequired":true,"valueName":"search_term_string"}}],"inLanguage":"fr-CA"}]}},"_links":{"self":[{"href":"https:\/\/www.groupesomavrac.com\/fr\/wp-json\/wp\/v2\/pages\/1379","targetHints":{"allow":["GET"]}}],"collection":[{"href":"https:\/\/www.groupesomavrac.com\/fr\/wp-json\/wp\/v2\/pages"}],"about":[{"href":"https:\/\/www.groupesomavrac.com\/fr\/wp-json\/wp\/v2\/types\/page"}],"author":[{"embeddable":true,"href":"https:\/\/www.groupesomavrac.com\/fr\/wp-json\/wp\/v2\/users\/1"}],"replies":[{"embeddable":true,"href":"https:\/\/www.groupesomavrac.com\/fr\/wp-json\/wp\/v2\/comments?post=1379"}],"version-history":[{"count":15,"href":"https:\/\/www.groupesomavrac.com\/fr\/wp-json\/wp\/v2\/pages\/1379\/revisions"}],"predecessor-version":[{"id":23614,"href":"https:\/\/www.groupesomavrac.com\/fr\/wp-json\/wp\/v2\/pages\/1379\/revisions\/23614"}],"wp:attachment":[{"href":"https:\/\/www.groupesomavrac.com\/fr\/wp-json\/wp\/v2\/media?parent=1379"}],"curies":[{"name":"wp","href":"https:\/\/api.w.org\/{rel}","templated":true}]}}