{"id":22053,"date":"2024-04-25T13:38:33","date_gmt":"2024-04-25T17:38:33","guid":{"rendered":"https:\/\/www.groupesomavrac.com\/?page_id=22053"},"modified":"2024-04-29T10:50:41","modified_gmt":"2024-04-29T14:50:41","slug":"concours-chauffeur","status":"publish","type":"page","link":"https:\/\/www.groupesomavrac.com\/fr\/concours-chauffeur\/","title":{"rendered":"Concours R\u00e9f\u00e8re un chauffeur"},"content":{"rendered":"\t\t<div data-elementor-type=\"wp-page\" data-elementor-id=\"22053\" class=\"elementor elementor-22053\" data-elementor-post-type=\"page\">\n\t\t\t\t\t\t<section class=\"elementor-section elementor-top-section elementor-element elementor-element-2705dcf elementor-section-boxed elementor-section-height-default elementor-section-height-default\" data-id=\"2705dcf\" data-element_type=\"section\" data-e-type=\"section\">\n\t\t\t\t\t\t<div class=\"elementor-container elementor-column-gap-default\">\n\t\t\t\t\t<div class=\"elementor-column elementor-col-100 elementor-top-column elementor-element elementor-element-4d9139e\" data-id=\"4d9139e\" data-element_type=\"column\" data-e-type=\"column\">\n\t\t\t<div class=\"elementor-widget-wrap elementor-element-populated\">\n\t\t\t\t\t\t<div class=\"elementor-element elementor-element-3190823 elementor-widget elementor-widget-raven-image\" data-id=\"3190823\" data-element_type=\"widget\" data-e-type=\"widget\" data-widget_type=\"raven-image.default\">\n\t\t\t\t<div class=\"elementor-widget-container\">\n\t\t\t\t\t\t\t<div class=\"raven-image\">\n\t\t\n\t\t\n\t\t<img fetchpriority=\"high\" decoding=\"async\" width=\"2048\" height=\"800\" src=\"https:\/\/www.groupesomavrac.com\/wp-content\/uploads\/2024\/04\/Bandeau-formulaire-web-Concours-Ca-sent-lete.png\" class=\"attachment-full size-full wp-image-22064\" alt=\"\" srcset=\"https:\/\/www.groupesomavrac.com\/wp-content\/uploads\/2024\/04\/Bandeau-formulaire-web-Concours-Ca-sent-lete.png 2048w, https:\/\/www.groupesomavrac.com\/wp-content\/uploads\/2024\/04\/Bandeau-formulaire-web-Concours-Ca-sent-lete-300x117.png 300w, https:\/\/www.groupesomavrac.com\/wp-content\/uploads\/2024\/04\/Bandeau-formulaire-web-Concours-Ca-sent-lete-1024x400.png 1024w, https:\/\/www.groupesomavrac.com\/wp-content\/uploads\/2024\/04\/Bandeau-formulaire-web-Concours-Ca-sent-lete-768x300.png 768w, https:\/\/www.groupesomavrac.com\/wp-content\/uploads\/2024\/04\/Bandeau-formulaire-web-Concours-Ca-sent-lete-1536x600.png 1536w, https:\/\/www.groupesomavrac.com\/wp-content\/uploads\/2024\/04\/Bandeau-formulaire-web-Concours-Ca-sent-lete-600x234.png 600w\" sizes=\"(max-width: 2048px) 100vw, 2048px\" \/>\t\t<\/div>\n\t\t\t\t\t\t<\/div>\n\t\t\t\t<\/div>\n\t\t\t\t\t<\/div>\n\t\t<\/div>\n\t\t\t\t\t<\/div>\n\t\t<\/section>\n\t\t\t\t<section class=\"elementor-section elementor-top-section elementor-element elementor-element-22a4f83 elementor-section-boxed elementor-section-height-default elementor-section-height-default\" data-id=\"22a4f83\" data-element_type=\"section\" data-e-type=\"section\">\n\t\t\t\t\t\t<div class=\"elementor-container elementor-column-gap-default\">\n\t\t\t\t\t<div class=\"elementor-column elementor-col-100 elementor-top-column elementor-element elementor-element-dc61e68\" data-id=\"dc61e68\" data-element_type=\"column\" data-e-type=\"column\">\n\t\t\t<div class=\"elementor-widget-wrap elementor-element-populated\">\n\t\t\t\t\t\t<div class=\"elementor-element elementor-element-c98e973 elementor-widget elementor-widget-text-editor\" data-id=\"c98e973\" data-element_type=\"widget\" data-e-type=\"widget\" data-widget_type=\"text-editor.default\">\n\t\t\t\t\t\t\t\t\t<h3 style=\"text-align: center;\">Concours r\u00e9serv\u00e9 aux employ\u00e9s. Pour obtenir plus d&rsquo;informations ou consulter les r\u00e8glements du concours, veuillez vous r\u00e9f\u00e9rer \u00e0 votre gestionnaire.<\/h3>\n<h6>*Le masculin est utilis\u00e9 pour all\u00e9ger le texte.<\/h6>\t\t\t\t\t\t\t\t<\/div>\n\t\t\t\t\t<\/div>\n\t\t<\/div>\n\t\t\t\t\t<\/div>\n\t\t<\/section>\n\t\t\t\t<section class=\"elementor-section elementor-top-section elementor-element elementor-element-7c43c86 elementor-section-boxed elementor-section-height-default elementor-section-height-default\" data-id=\"7c43c86\" data-element_type=\"section\" data-e-type=\"section\">\n\t\t\t\t\t\t<div class=\"elementor-container elementor-column-gap-default\">\n\t\t\t\t\t<div class=\"elementor-column elementor-col-100 elementor-top-column elementor-element elementor-element-ee121fa\" data-id=\"ee121fa\" data-element_type=\"column\" data-e-type=\"column\">\n\t\t\t<div class=\"elementor-widget-wrap elementor-element-populated\">\n\t\t\t\t\t\t<div class=\"elementor-element elementor-element-ded6ef3 elementor-widget elementor-widget-html\" data-id=\"ded6ef3\" data-element_type=\"widget\" data-e-type=\"widget\" data-widget_type=\"html.default\">\n\t\t\t\t\t<iframe class=\"airtable-embed\" src=\"https:\/\/airtable.com\/embed\/appDfRBSkfOHV2m6c\/pagRoOY90bgqjs7Ur\/form\" frameborder=\"0\" onmousewheel=\"\" width=\"100%\" height=\"533\" style=\"background: transparent; border: 1px solid #ccc;\"><\/iframe>\t\t\t\t<\/div>\n\t\t\t\t\t<\/div>\n\t\t<\/div>\n\t\t\t\t\t<\/div>\n\t\t<\/section>\n\t\t\t\t<\/div>\n\t\t","protected":false},"excerpt":{"rendered":"<p>Concours r\u00e9serv\u00e9 aux employ\u00e9s. Pour obtenir plus d&rsquo;informations ou consulter les r\u00e8glements du concours, veuillez vous r\u00e9f\u00e9rer \u00e0 votre gestionnaire. *Le masculin est utilis\u00e9 pour all\u00e9ger le texte.<\/p>\n","protected":false},"author":36,"featured_media":0,"parent":0,"menu_order":0,"comment_status":"closed","ping_status":"closed","template":"","meta":{"_acf_changed":false,"inline_featured_image":false,"footnotes":""},"class_list":["post-22053","page","type-page","status-publish","hentry"],"acf":[],"yoast_head":"<!-- This site is optimized with the Yoast SEO plugin v26.9 - https:\/\/yoast.com\/product\/yoast-seo-wordpress\/ -->\n<title>Concours R\u00e9f\u00e8re un chauffeur - Groupe Somavrac<\/title>\n<meta name=\"robots\" content=\"index, follow, max-snippet:-1, max-image-preview:large, max-video-preview:-1\" \/>\n<link rel=\"canonical\" href=\"https:\/\/www.groupesomavrac.com\/fr\/concours-chauffeur\/\" \/>\n<meta property=\"og:locale\" content=\"fr_CA\" \/>\n<meta property=\"og:type\" content=\"article\" \/>\n<meta property=\"og:title\" content=\"Concours R\u00e9f\u00e8re un chauffeur - Groupe Somavrac\" \/>\n<meta property=\"og:description\" content=\"Concours r\u00e9serv\u00e9 aux employ\u00e9s. Pour obtenir plus d&rsquo;informations ou consulter les r\u00e8glements du concours, veuillez vous r\u00e9f\u00e9rer \u00e0 votre gestionnaire. *Le masculin est utilis\u00e9 pour all\u00e9ger le texte.\" \/>\n<meta property=\"og:url\" content=\"https:\/\/www.groupesomavrac.com\/fr\/concours-chauffeur\/\" \/>\n<meta property=\"og:site_name\" content=\"Groupe Somavrac\" \/>\n<meta property=\"article:modified_time\" content=\"2024-04-29T14:50:41+00:00\" \/>\n<meta property=\"og:image\" content=\"https:\/\/www.groupesomavrac.com\/wp-content\/uploads\/2024\/04\/Bandeau-formulaire-web-Concours-Ca-sent-lete.png\" \/>\n\t<meta property=\"og:image:width\" content=\"2048\" \/>\n\t<meta property=\"og:image:height\" content=\"800\" \/>\n\t<meta property=\"og:image:type\" content=\"image\/png\" \/>\n<meta name=\"twitter:card\" content=\"summary_large_image\" \/>\n<script type=\"application\/ld+json\" class=\"yoast-schema-graph\">{\"@context\":\"https:\/\/schema.org\",\"@graph\":[{\"@type\":\"WebPage\",\"@id\":\"https:\/\/www.groupesomavrac.com\/fr\/concours-chauffeur\/\",\"url\":\"https:\/\/www.groupesomavrac.com\/fr\/concours-chauffeur\/\",\"name\":\"Concours R\u00e9f\u00e8re un chauffeur - Groupe Somavrac\",\"isPartOf\":{\"@id\":\"https:\/\/www.groupesomavrac.com\/fr\/#website\"},\"primaryImageOfPage\":{\"@id\":\"https:\/\/www.groupesomavrac.com\/fr\/concours-chauffeur\/#primaryimage\"},\"image\":{\"@id\":\"https:\/\/www.groupesomavrac.com\/fr\/concours-chauffeur\/#primaryimage\"},\"thumbnailUrl\":\"https:\/\/www.groupesomavrac.com\/wp-content\/uploads\/2024\/04\/Bandeau-formulaire-web-Concours-Ca-sent-lete.png\",\"datePublished\":\"2024-04-25T17:38:33+00:00\",\"dateModified\":\"2024-04-29T14:50:41+00:00\",\"inLanguage\":\"fr-CA\",\"potentialAction\":[{\"@type\":\"ReadAction\",\"target\":[\"https:\/\/www.groupesomavrac.com\/fr\/concours-chauffeur\/\"]}]},{\"@type\":\"ImageObject\",\"inLanguage\":\"fr-CA\",\"@id\":\"https:\/\/www.groupesomavrac.com\/fr\/concours-chauffeur\/#primaryimage\",\"url\":\"https:\/\/www.groupesomavrac.com\/wp-content\/uploads\/2024\/04\/Bandeau-formulaire-web-Concours-Ca-sent-lete.png\",\"contentUrl\":\"https:\/\/www.groupesomavrac.com\/wp-content\/uploads\/2024\/04\/Bandeau-formulaire-web-Concours-Ca-sent-lete.png\"},{\"@type\":\"WebSite\",\"@id\":\"https:\/\/www.groupesomavrac.com\/fr\/#website\",\"url\":\"https:\/\/www.groupesomavrac.com\/fr\/\",\"name\":\"Groupe Somavrac\",\"description\":\"Partenaire de votre cha\u00eene logistique\",\"potentialAction\":[{\"@type\":\"SearchAction\",\"target\":{\"@type\":\"EntryPoint\",\"urlTemplate\":\"https:\/\/www.groupesomavrac.com\/fr\/?s={search_term_string}\"},\"query-input\":{\"@type\":\"PropertyValueSpecification\",\"valueRequired\":true,\"valueName\":\"search_term_string\"}}],\"inLanguage\":\"fr-CA\"}]}<\/script>\n<!-- \/ Yoast SEO plugin. -->","yoast_head_json":{"title":"Concours R\u00e9f\u00e8re un chauffeur - Groupe Somavrac","robots":{"index":"index","follow":"follow","max-snippet":"max-snippet:-1","max-image-preview":"max-image-preview:large","max-video-preview":"max-video-preview:-1"},"canonical":"https:\/\/www.groupesomavrac.com\/fr\/concours-chauffeur\/","og_locale":"fr_CA","og_type":"article","og_title":"Concours R\u00e9f\u00e8re un chauffeur - Groupe Somavrac","og_description":"Concours r\u00e9serv\u00e9 aux employ\u00e9s. Pour obtenir plus d&rsquo;informations ou consulter les r\u00e8glements du concours, veuillez vous r\u00e9f\u00e9rer \u00e0 votre gestionnaire. *Le masculin est utilis\u00e9 pour all\u00e9ger le texte.","og_url":"https:\/\/www.groupesomavrac.com\/fr\/concours-chauffeur\/","og_site_name":"Groupe Somavrac","article_modified_time":"2024-04-29T14:50:41+00:00","og_image":[{"width":2048,"height":800,"url":"https:\/\/www.groupesomavrac.com\/wp-content\/uploads\/2024\/04\/Bandeau-formulaire-web-Concours-Ca-sent-lete.png","type":"image\/png"}],"twitter_card":"summary_large_image","schema":{"@context":"https:\/\/schema.org","@graph":[{"@type":"WebPage","@id":"https:\/\/www.groupesomavrac.com\/fr\/concours-chauffeur\/","url":"https:\/\/www.groupesomavrac.com\/fr\/concours-chauffeur\/","name":"Concours R\u00e9f\u00e8re un chauffeur - Groupe Somavrac","isPartOf":{"@id":"https:\/\/www.groupesomavrac.com\/fr\/#website"},"primaryImageOfPage":{"@id":"https:\/\/www.groupesomavrac.com\/fr\/concours-chauffeur\/#primaryimage"},"image":{"@id":"https:\/\/www.groupesomavrac.com\/fr\/concours-chauffeur\/#primaryimage"},"thumbnailUrl":"https:\/\/www.groupesomavrac.com\/wp-content\/uploads\/2024\/04\/Bandeau-formulaire-web-Concours-Ca-sent-lete.png","datePublished":"2024-04-25T17:38:33+00:00","dateModified":"2024-04-29T14:50:41+00:00","inLanguage":"fr-CA","potentialAction":[{"@type":"ReadAction","target":["https:\/\/www.groupesomavrac.com\/fr\/concours-chauffeur\/"]}]},{"@type":"ImageObject","inLanguage":"fr-CA","@id":"https:\/\/www.groupesomavrac.com\/fr\/concours-chauffeur\/#primaryimage","url":"https:\/\/www.groupesomavrac.com\/wp-content\/uploads\/2024\/04\/Bandeau-formulaire-web-Concours-Ca-sent-lete.png","contentUrl":"https:\/\/www.groupesomavrac.com\/wp-content\/uploads\/2024\/04\/Bandeau-formulaire-web-Concours-Ca-sent-lete.png"},{"@type":"WebSite","@id":"https:\/\/www.groupesomavrac.com\/fr\/#website","url":"https:\/\/www.groupesomavrac.com\/fr\/","name":"Groupe Somavrac","description":"Partenaire de votre cha\u00eene logistique","potentialAction":[{"@type":"SearchAction","target":{"@type":"EntryPoint","urlTemplate":"https:\/\/www.groupesomavrac.com\/fr\/?s={search_term_string}"},"query-input":{"@type":"PropertyValueSpecification","valueRequired":true,"valueName":"search_term_string"}}],"inLanguage":"fr-CA"}]}},"_links":{"self":[{"href":"https:\/\/www.groupesomavrac.com\/fr\/wp-json\/wp\/v2\/pages\/22053","targetHints":{"allow":["GET"]}}],"collection":[{"href":"https:\/\/www.groupesomavrac.com\/fr\/wp-json\/wp\/v2\/pages"}],"about":[{"href":"https:\/\/www.groupesomavrac.com\/fr\/wp-json\/wp\/v2\/types\/page"}],"author":[{"embeddable":true,"href":"https:\/\/www.groupesomavrac.com\/fr\/wp-json\/wp\/v2\/users\/36"}],"replies":[{"embeddable":true,"href":"https:\/\/www.groupesomavrac.com\/fr\/wp-json\/wp\/v2\/comments?post=22053"}],"version-history":[{"count":17,"href":"https:\/\/www.groupesomavrac.com\/fr\/wp-json\/wp\/v2\/pages\/22053\/revisions"}],"predecessor-version":[{"id":22107,"href":"https:\/\/www.groupesomavrac.com\/fr\/wp-json\/wp\/v2\/pages\/22053\/revisions\/22107"}],"wp:attachment":[{"href":"https:\/\/www.groupesomavrac.com\/fr\/wp-json\/wp\/v2\/media?parent=22053"}],"curies":[{"name":"wp","href":"https:\/\/api.w.org\/{rel}","templated":true}]}}