{"id":22180,"date":"2025-05-30T13:37:00","date_gmt":"2025-05-30T17:37:00","guid":{"rendered":"https:\/\/www.groupesomavrac.com\/?page_id=22180"},"modified":"2025-07-04T13:32:10","modified_gmt":"2025-07-04T17:32:10","slug":"rapport-travail-force","status":"publish","type":"page","link":"https:\/\/www.groupesomavrac.com\/fr\/rapport-travail-force\/","title":{"rendered":"Loi sur la lutte contre le travail forc\u00e9 et le travail des enfants dans les cha\u00eenes d\u2019approvisionnement"},"content":{"rendered":"\t\t<div data-elementor-type=\"wp-page\" data-elementor-id=\"22180\" class=\"elementor elementor-22180\" data-elementor-post-type=\"page\">\n\t\t\t\t\t\t<section class=\"elementor-section elementor-top-section elementor-element elementor-element-287759ce elementor-section-boxed elementor-section-height-default elementor-section-height-default\" data-id=\"287759ce\" data-element_type=\"section\" data-e-type=\"section\">\n\t\t\t\t\t\t<div class=\"elementor-container elementor-column-gap-default\">\n\t\t\t\t\t<div class=\"elementor-column elementor-col-100 elementor-top-column elementor-element elementor-element-5bfa50de\" data-id=\"5bfa50de\" data-element_type=\"column\" data-e-type=\"column\">\n\t\t\t<div class=\"elementor-widget-wrap elementor-element-populated\">\n\t\t\t\t\t\t<div class=\"elementor-element elementor-element-ff2e8f6 elementor-widget elementor-widget-text-editor\" data-id=\"ff2e8f6\" data-element_type=\"widget\" data-e-type=\"widget\" data-widget_type=\"text-editor.default\">\n\t\t\t\t\t\t\t\t\t<h2>Rapport 2024 concernant la Loi sur la lutte contre le travail forc\u00e9 et le travail des enfants dans les cha\u00eenes d\u2019approvisionnement<\/h2><hr \/><h3>\u00a0<\/h3><h3>1. \u00c0 propos du pr\u00e9sent rapport \/ introduction<\/h3><p>Le pr\u00e9sent rapport est le deuxi\u00e8me r\u00e9dig\u00e9 par Groupe Somavrac inc. et ses filiales associ\u00e9es (Fonbrai inc., Servitank inc., Somavrac inc., Somavrac (C.C.) inc., Javel Bois-Francs inc. (JBF), Servichem inc., Chloretech inc., Porlier Express inc., Manutention Porlier inc., UBA inc., Transport Somavrac inc., Transport Servitank inc., Transport O.S.I. inc., Somavrac Aviation inc., \u00c9quipements Prommel inc. et Immobilisations Prommel inc.) sur le travail forc\u00e9 et le travail des enfants dans les cha\u00eenes d\u2019approvisionnement pour l\u2019exercice financier se terminant le 30 avril 2025 (ci-apr\u00e8s la \u00ab P\u00e9riode de r\u00e9f\u00e9rence \u00bb), comme le requiert la nouvelle Loi sur la lutte contre le travail forc\u00e9 et le travail des enfants dans les cha\u00eenes d\u2019approvisionnement (Canada) (ci-apr\u00e8s la \u00ab Loi \u00bb). Groupe Somavrac inc. et ses filiales sont ci-apr\u00e8s collectivement d\u00e9sign\u00e9es \u00ab Groupe Somavrac \u00bb.<\/p><h3>2. Mesures prises pour pr\u00e9venir et r\u00e9duire les risques de travail forc\u00e9 et de travail des enfants<\/h3><p>Autant dans notre entreprise que chez nos partenaires d\u2019affaires, le respect des droits de la personne est d\u2019une importance primordiale pour Groupe Somavrac.<\/p><p>Durant l\u2019exercice financier 2024-2025, Groupe Somavrac a assur\u00e9 la conformit\u00e9 de ses politiques en lien avec le travail forc\u00e9 et le travail des enfants selon la l\u00e9gislation en vigueur pour l\u2019ensemble de ses secteurs.<\/p><p>Au cours de la P\u00e9riode de r\u00e9f\u00e9rence, nous avons pris les mesures suivantes afin de pr\u00e9venir et r\u00e9duire les risques de travail forc\u00e9 et de travail des enfants au sein de Groupe Somavrac et dans nos cha\u00eenes d\u2019approvisionnement :<\/p><p>\u2022 \u00c9laboration d&rsquo;une politique d&rsquo;approvisionnement adapt\u00e9e \u00e0 la r\u00e9glementation actuelle, en cours de validation finale et pr\u00e9vue pour d\u00e9ploiement et partage aux employ\u00e9s d&rsquo;ici septembre 2025.<\/p><p>\u2022 Dans cette politique, nous faisons r\u00e9f\u00e9rence \u00e0 un formulaire en ligne d\u2019analyse qui sera envoy\u00e9 \u00e0 nos fournisseurs pour valider la port\u00e9e de leurs politiques d\u2019approvisionnement.<\/p><p>\u2022 Recherche et mise en place de formations pour sensibiliser nos employ\u00e9s sur le sujet, pour les d\u00e9partements d&rsquo;approvisionnement, des ventes, des ressources humaines, de la comptabilit\u00e9 et des gestionnaires de nos diff\u00e9rentes filiales.<\/p><p>\u2022 R\u00e9ception et compl\u00e9tion de plusieurs formulaires validant nos pratiques d&rsquo;approvisionnement sur l&rsquo;esclavage moderne.<\/p><p>\u2022 Un code de civilit\u00e9 a \u00e9t\u00e9 mis en place et est d\u00e9sormais pr\u00e9sent\u00e9 et sign\u00e9 par chaque nouvel employ\u00e9 lors de son int\u00e9gration.<\/p><h3>3. Notre entreprise, notre structure et nos activit\u00e9s<\/h3><p>Groupe Somavrac a \u00e9t\u00e9 fond\u00e9e en 1963; il s\u2019agit d\u2019une entreprise familiale dont le si\u00e8ge social est situ\u00e9 \u00e0 Trois-Rivi\u00e8res. Groupe Somavrac \u0153uvre principalement dans les domaines de l\u2019arrimage, l\u2019entreposage, la manutention, la transformation, le transport et la distribution de produits chimiques dans divers secteurs d\u2019industrie, dont l\u2019industrie mini\u00e8re, les cimenteries, l\u2019\u00e9nergie, les p\u00e2tes et papiers, la production et la transformation d\u2019acier et d\u2019aluminium, la chimie\/p\u00e9trochimie et les secteurs agricole et agroalimentaire.<\/p><p>Qu\u2019il s\u2019agisse de vrac solide, de vrac liquide, de mati\u00e8res dangereuses, de cargaisons li\u00e9es \u00e0 des projets ou autres, la manutention s\u00e9curitaire des marchandises est au c\u0153ur du savoir-faire du Groupe Somavrac.<\/p><p><img fetchpriority=\"high\" decoding=\"async\" class=\"wp-image-22273 alignright\" src=\"https:\/\/www.groupesomavrac.com\/wp-content\/uploads\/2024\/05\/map-300x282.png\" alt=\"Carte des plans de Groupe Somavrac\" width=\"437\" height=\"411\" srcset=\"https:\/\/www.groupesomavrac.com\/wp-content\/uploads\/2024\/05\/map-300x282.png 300w, https:\/\/www.groupesomavrac.com\/wp-content\/uploads\/2024\/05\/map-1024x963.png 1024w, https:\/\/www.groupesomavrac.com\/wp-content\/uploads\/2024\/05\/map-768x723.png 768w, https:\/\/www.groupesomavrac.com\/wp-content\/uploads\/2024\/05\/map-600x565.png 600w, https:\/\/www.groupesomavrac.com\/wp-content\/uploads\/2024\/05\/map.png 1320w\" sizes=\"(max-width: 437px) 100vw, 437px\" \/><\/p><p>Depuis sa fondation, \u00a0Groupe Somavrac a d\u00e9velopp\u00e9 des activit\u00e9s commerciales avec un dynamisme et une int\u00e9grit\u00e9 remarquables. L\u2019innovation, les investissements et la technologie s\u2019inscrivent dans la strat\u00e9gie de croissance du Groupe Somavrac qui est aujourd\u2019hui bien implant\u00e9 dans de nombreuses r\u00e9gions du Qu\u00e9bec ainsi qu\u2019en Ontario.<\/p><p>Le Groupe Somavrac et ses filiales comptent plus de 500 employ\u00e9s dont un grand nombre \u0153uvre dans ses diff\u00e9rents terminaux. Nos employ\u00e9s sont donc en mesure d\u2019offrir un service cl\u00e9s en main adapt\u00e9 aux besoins et aux r\u00e9alit\u00e9s de chaque client.<\/p><p>La mission de Groupe Somavrac est \u00ab\u00a0<em>ensemble nous sommes le prolongement strat\u00e9gique des op\u00e9rations de nos clients et nous contribuons quotidiennement \u00e0 cr\u00e9er de la valeur en simplifiant leurs activit\u00e9s logistiques et leurs approvisionnements\u00a0<\/em>\u00bb; il s\u2019agit de bien plus qu\u2019une d\u00e9claration. Cette mission guide chaque d\u00e9cision que nous prenons et chaque action que nous entreprenons. Enracin\u00e9es dans notre ADN corporatif, nos valeurs d\u00e9finissent notre identit\u00e9 et orientent nos actions quotidiennes. Guid\u00e9s par un esprit de famille, nous cr\u00e9ons avec nos employ\u00e9s un lieu de vie positif et dynamique o\u00f9 la collaboration et la bienveillance assurent le d\u00e9veloppement collectif et individuel. Notre soif d&rsquo;excellence nous pousse \u00e0 viser toujours plus haut, \u00e0 rechercher la perfection dans toutes les facettes de notre organisation par notre savoir-faire et nos champs d&rsquo;expertise reconnus. Enfin, notre passion pour nos clients est au c\u0153ur de tout ce que nous faisons. Leurs besoins et leurs pr\u00e9occupations sont notre principale motivation.<\/p><h3>4.Politiques, gouvernance et processus de diligence raisonnable<\/h3><p>4.1 Politique de recrutement<\/p><p>Au cours de la P\u00e9riode de r\u00e9f\u00e9rence, Groupe Somavrac s\u2019est assur\u00e9e de respecter sa politique de recrutement mentionnant que les employ\u00e9s travaillant dans nos op\u00e9rations doivent \u00eatre \u00e2g\u00e9s d\u2019au moins 18 ans. Cette initiative vise \u00e0 garantir un niveau de maturit\u00e9 et de compr\u00e9hension ad\u00e9quats parmi notre personnel, r\u00e9duisant ainsi notamment certains risques reli\u00e9s \u00e0 la sant\u00e9 et \u00e0 la s\u00e9curit\u00e9 chez les employ\u00e9s. Cette politique assure qu\u2019aucun recours au travail des enfants n\u2019a lieu au sein de Groupe Somavrac.<\/p><p>4.2 Politiques applicables aux employ\u00e9s<\/p><p>Tous les employ\u00e9s de Groupe Somavrac sont assujettis \u00e0 notre politique contre le harc\u00e8lement et la violence au travail, \u00e0 notre politique contre le vol, la fraude et l\u2019abus de confiance et \u00e0 notre politique sant\u00e9 et s\u00e9curit\u00e9. Nos employ\u00e9s s\u2019engagent ainsi \u00e0 adopter un comportement \u00e9thique et bienveillant, et Groupe Somavrac s\u2019engage \u00e0 leur procurer un milieu de travail sain, s\u00e9curitaire et conforme aux normes applicables.<\/p><p>Nos processus d\u2019embauche n\u00e9cessitent que l\u2019ensemble de ces politiques soient expliqu\u00e9es en d\u00e9tail \u00e0 chacun nos employ\u00e9s lors de leur arriv\u00e9e au sein du Groupe Somavrac. Tous les employ\u00e9s doivent obligatoirement prendre connaissance de ces politiques et attester, par leur signature, de leur engagement \u00e0 les respecter.<\/p><p>De plus, les politiques et les processus de diligence raisonnable sont revus annuellement et adapt\u00e9s en fonction des nouvelles l\u00e9gislations et des nouvelles r\u00e9alit\u00e9s op\u00e9rationnelles.<\/p><p>4.3 Politique \u00e0 venir<\/p><p>Groupe Somavrac a cr\u00e9\u00e9 une politique d&rsquo;approvisionnement dans laquelle il aborde plus sp\u00e9cifiquement le travail forc\u00e9 et le travail des enfants dans les cha\u00eenes d&rsquo;approvisionnement. Cette politique est actuellement en cours d&rsquo;approbation et sera d\u00e9ploy\u00e9e d\u2019ici l\u2019automne.<\/p><h3>5. Cha\u00eene d&rsquo;approvisionnement<\/h3><p>Les facteurs de risque dans la cha\u00eene d\u2019approvisionnement du Groupe Somavrac sont faibles puisque ses fournisseurs sont situ\u00e9s en Am\u00e9rique du Nord, r\u00e9gion avec une faible pr\u00e9valence d\u2019esclavage moderne tel que le rel\u00e8ve le <em>Global Slavery Index 2023<\/em> de la <em>Walk Free Foundation<\/em>.<\/p><p>Toutefois, n\u2019ayant pas encore mis en place une politique d\u2019approvisionnement, nous sommes conscients qu\u2019il est possible que certains de nos fournisseurs s\u2019approvisionnent dans des pays dans lesquels les risques de travail forc\u00e9 ou de travail des enfants sont plus \u00e9lev\u00e9s.<\/p><p>Cette ann\u00e9e, Groupe Somavrac a travaill\u00e9 \u00e0 r\u00e9diger un processus de qualification et une politique d&rsquo;approvisionnement qui lorsqu\u2019ils seront d\u00e9ploy\u00e9s viseront \u00e0 am\u00e9liorer la compr\u00e9hension des risques et \u00e0 bonifier les m\u00e9thodes de contr\u00f4le et d&rsquo;intervention en lien avec notre cha\u00eene d&rsquo;approvisionnement, afin de r\u00e9duire le risque de travail forc\u00e9 et de travail des enfants<\/p><h3>6. Mesures de correction<\/h3><p>Pendant la P\u00e9riode de r\u00e9f\u00e9rence, Groupe Somavrac n\u2019a pas identifi\u00e9 de situation de travail forc\u00e9 ou de travail des enfants dans sa cha\u00eene d\u2019approvisionnement et Groupe Somavrac n\u2019a re\u00e7u aucun signalement \u00e0 ce sujet.<\/p><p>De ce fait, aucune mesure de rem\u00e9diation n\u2019a \u00e9t\u00e9 n\u00e9cessaire. Ceci \u00e9tant dit, advenant l\u2019identification d\u2019une situation d\u2019esclavage moderne ou de travail des enfants, nous nous engageons \u00e0 mettre en place des mesures de correction efficaces afin de rem\u00e9dier \u00e0 la situation de non-conformit\u00e9.<\/p><h3>7. Formation<\/h3><p>Tous les employ\u00e9s du Groupe Somavrac doivent obligatoirement suivre certaines formations, dont une formation sur la civilit\u00e9 au travail.<\/p><p>Cette ann\u00e9e, nous avons mis en place un code de civilit\u00e9 qui doit \u00eatre pr\u00e9sent\u00e9 et sign\u00e9 par tous les nouveaux employ\u00e9s.<\/p><p>Nous avons \u00e9galement travaill\u00e9 \u00e0 trouver des formations sp\u00e9cifiques sur l&rsquo;esclavage moderne, le travail forc\u00e9 et le travail des enfants. Nous avons identifi\u00e9 deux fournisseurs, Cognibox et Trace, et d&rsquo;ici la fin de l&rsquo;\u00e9t\u00e9 2025, tous les employ\u00e9s concern\u00e9s seront form\u00e9s sur le sujet.<\/p><p>Nous \u00e9tudions actuellement la possibilit\u00e9 de mettre en place une formation pour certains employ\u00e9s cl\u00e9s plus susceptibles d&rsquo;\u00eatre concern\u00e9s par les enjeux de l&rsquo;esclavage moderne, du travail forc\u00e9 et du travail des enfants, notamment ceux dont les fonctions touchent \u00e0 l&rsquo;approvisionnement.<\/p><p>Les formations sp\u00e9cifiques sur l&rsquo;esclavage moderne, le travail forc\u00e9 et le travail des enfants aborderont des sujets tels que la reconnaissance des signes de ces pratiques, les proc\u00e9dures de signalement et les mesures de pr\u00e9vention.<\/p><p>Les objectifs de ces formations sont de sensibiliser les employ\u00e9s aux risques de l&rsquo;esclavage moderne et du travail forc\u00e9, de leur fournir les outils n\u00e9cessaires pour identifier et signaler de tels cas, et de promouvoir une culture de respect et de conformit\u00e9 au sein de l&rsquo;entreprise.<\/p><h3>8. \u00c9valuation de l&rsquo;efficacit\u00e9 des mesures<\/h3><p>Maintenant que la politique d&rsquo;approvisionnement est presque finalis\u00e9e, nous pourrons travailler et d\u00e9velopper notre formulaire d&rsquo;\u00e9valuation pour le choix de nos fournisseurs, afin d&rsquo;\u00e9valuer le risque de travail forc\u00e9 et de travail des enfants dans nos cha\u00eenes d&rsquo;approvisionnement.<\/p><p>Groupe Somavrac s&rsquo;efforce d&rsquo;approfondir ses connaissances sur le sujet et de perfectionner sa capacit\u00e9 de pr\u00e9vention de l&rsquo;esclavage moderne. Nous examinerons les possibilit\u00e9s d&rsquo;\u00e9valuer l&rsquo;efficacit\u00e9 de nos mesures et processus dans le futur.<\/p><h3>9. Attestation et approbation<\/h3><p>Cet \u00e9nonc\u00e9 s\u2019applique \u00e0 Groupe Somavrac inc., ainsi qu\u2019\u00e0 l\u2019ensemble de ses filiales. Conform\u00e9ment aux exigences de la Loi, et particuli\u00e8rement \u00e0 l\u2019article 11(4)(a) de celle-ci, le pr\u00e9sent rapport a \u00e9t\u00e9 approuv\u00e9 par le conseil d\u2019administration de Groupe Somavrac inc. et est sign\u00e9e par le pr\u00e9sident de Groupe Somavrac inc.<\/p><p>Conform\u00e9ment \u00e0 l\u2019article 11 de la Loi, je soussign\u00e9 atteste avoir pass\u00e9 en revue l\u2019information contenue dans le rapport pour l\u2019entit\u00e9 ou les entit\u00e9s \u00e9num\u00e9r\u00e9s ci-dessus. \u00c0 ma connaissance, et apr\u00e8s avoir exerc\u00e9 une diligence raisonnable, je confirme que l\u2019information contenue dans le pr\u00e9sent rapport est vraie, exacte et compl\u00e8te \u00e0 tous les \u00e9gards importants aux fins de la Loi, pour l\u2019ann\u00e9e de r\u00e9f\u00e9rence indiqu\u00e9e ci-dessus.<\/p><p>J\u2019ai l\u2019autorit\u00e9 de lier Groupe Somavrac inc.<\/p><p>Marc Paquin<\/p><p>Pr\u00e9sident<\/p><p>30 mai 2025<\/p><p><a href=\"https:\/\/www.groupesomavrac.com\/wp-content\/uploads\/2025\/07\/Rapport-travail-force-Groupe-Somavrac-2025.pdf\">Consulter la version PDF de la politique ici.<\/a><\/p>\t\t\t\t\t\t\t\t<\/div>\n\t\t\t\t\t<\/div>\n\t\t<\/div>\n\t\t\t\t\t<\/div>\n\t\t<\/section>\n\t\t\t\t<\/div>\n\t\t","protected":false},"excerpt":{"rendered":"<p>Rapport 2024 concernant la Loi sur la lutte contre le travail forc\u00e9 et le travail des enfants dans les cha\u00eenes d\u2019approvisionnement 1. \u00c0 propos du pr\u00e9sent rapport \/ introduction Le pr\u00e9sent rapport est le deuxi\u00e8me r\u00e9dig\u00e9 par Groupe Somavrac inc. et ses filiales associ\u00e9es (Fonbrai inc., Servitank inc., Somavrac inc., Somavrac (C.C.) inc., Javel Bois-Francs [&hellip;]<\/p>\n","protected":false},"author":36,"featured_media":0,"parent":0,"menu_order":0,"comment_status":"closed","ping_status":"closed","template":"","meta":{"_acf_changed":false,"inline_featured_image":false,"footnotes":""},"class_list":["post-22180","page","type-page","status-publish","hentry"],"acf":[],"yoast_head":"<!-- This site is optimized with the Yoast SEO plugin v27.5 - https:\/\/yoast.com\/product\/yoast-seo-wordpress\/ -->\n<title>Loi sur la lutte contre le travail forc\u00e9 et le travail des enfants dans les cha\u00eenes d\u2019approvisionnement - Groupe Somavrac<\/title>\n<meta name=\"robots\" content=\"index, follow, max-snippet:-1, max-image-preview:large, max-video-preview:-1\" \/>\n<link rel=\"canonical\" href=\"https:\/\/www.groupesomavrac.com\/fr\/rapport-travail-force\/\" \/>\n<meta property=\"og:locale\" content=\"fr_CA\" \/>\n<meta property=\"og:type\" content=\"article\" \/>\n<meta property=\"og:title\" content=\"Loi sur la lutte contre le travail forc\u00e9 et le travail des enfants dans les cha\u00eenes d\u2019approvisionnement - Groupe Somavrac\" \/>\n<meta property=\"og:description\" content=\"Rapport 2024 concernant la Loi sur la lutte contre le travail forc\u00e9 et le travail des enfants dans les cha\u00eenes d\u2019approvisionnement 1. \u00c0 propos du pr\u00e9sent rapport \/ introduction Le pr\u00e9sent rapport est le deuxi\u00e8me r\u00e9dig\u00e9 par Groupe Somavrac inc. et ses filiales associ\u00e9es (Fonbrai inc., Servitank inc., Somavrac inc., Somavrac (C.C.) inc., Javel Bois-Francs [&hellip;]\" \/>\n<meta property=\"og:url\" content=\"https:\/\/www.groupesomavrac.com\/fr\/rapport-travail-force\/\" \/>\n<meta property=\"og:site_name\" content=\"Groupe Somavrac\" \/>\n<meta property=\"article:modified_time\" content=\"2025-07-04T17:32:10+00:00\" \/>\n<meta property=\"og:image\" content=\"https:\/\/www.groupesomavrac.com\/wp-content\/uploads\/2024\/05\/map.png\" \/>\n\t<meta property=\"og:image:width\" content=\"1320\" \/>\n\t<meta property=\"og:image:height\" content=\"1242\" \/>\n\t<meta property=\"og:image:type\" content=\"image\/png\" \/>\n<meta name=\"twitter:card\" content=\"summary_large_image\" \/>\n<meta name=\"twitter:label1\" content=\"Estimation du temps de lecture\" \/>\n\t<meta name=\"twitter:data1\" content=\"9 minutes\" \/>\n<script type=\"application\/ld+json\" class=\"yoast-schema-graph\">{\"@context\":\"https:\\\/\\\/schema.org\",\"@graph\":[{\"@type\":\"WebPage\",\"@id\":\"https:\\\/\\\/www.groupesomavrac.com\\\/fr\\\/rapport-travail-force\\\/\",\"url\":\"https:\\\/\\\/www.groupesomavrac.com\\\/fr\\\/rapport-travail-force\\\/\",\"name\":\"Loi sur la lutte contre le travail forc\u00e9 et le travail des enfants dans les cha\u00eenes d\u2019approvisionnement - Groupe Somavrac\",\"isPartOf\":{\"@id\":\"https:\\\/\\\/www.groupesomavrac.com\\\/fr\\\/#website\"},\"primaryImageOfPage\":{\"@id\":\"https:\\\/\\\/www.groupesomavrac.com\\\/fr\\\/rapport-travail-force\\\/#primaryimage\"},\"image\":{\"@id\":\"https:\\\/\\\/www.groupesomavrac.com\\\/fr\\\/rapport-travail-force\\\/#primaryimage\"},\"thumbnailUrl\":\"https:\\\/\\\/www.groupesomavrac.com\\\/wp-content\\\/uploads\\\/2024\\\/05\\\/map-300x282.png\",\"datePublished\":\"2025-05-30T17:37:00+00:00\",\"dateModified\":\"2025-07-04T17:32:10+00:00\",\"inLanguage\":\"fr-CA\",\"potentialAction\":[{\"@type\":\"ReadAction\",\"target\":[\"https:\\\/\\\/www.groupesomavrac.com\\\/fr\\\/rapport-travail-force\\\/\"]}]},{\"@type\":\"ImageObject\",\"inLanguage\":\"fr-CA\",\"@id\":\"https:\\\/\\\/www.groupesomavrac.com\\\/fr\\\/rapport-travail-force\\\/#primaryimage\",\"url\":\"https:\\\/\\\/www.groupesomavrac.com\\\/wp-content\\\/uploads\\\/2024\\\/05\\\/map-300x282.png\",\"contentUrl\":\"https:\\\/\\\/www.groupesomavrac.com\\\/wp-content\\\/uploads\\\/2024\\\/05\\\/map-300x282.png\"},{\"@type\":\"WebSite\",\"@id\":\"https:\\\/\\\/www.groupesomavrac.com\\\/fr\\\/#website\",\"url\":\"https:\\\/\\\/www.groupesomavrac.com\\\/fr\\\/\",\"name\":\"Groupe Somavrac\",\"description\":\"Partenaire de votre cha\u00eene logistique\",\"potentialAction\":[{\"@type\":\"SearchAction\",\"target\":{\"@type\":\"EntryPoint\",\"urlTemplate\":\"https:\\\/\\\/www.groupesomavrac.com\\\/fr\\\/?s={search_term_string}\"},\"query-input\":{\"@type\":\"PropertyValueSpecification\",\"valueRequired\":true,\"valueName\":\"search_term_string\"}}],\"inLanguage\":\"fr-CA\"}]}<\/script>\n<!-- \/ Yoast SEO plugin. -->","yoast_head_json":{"title":"Loi sur la lutte contre le travail forc\u00e9 et le travail des enfants dans les cha\u00eenes d\u2019approvisionnement - Groupe Somavrac","robots":{"index":"index","follow":"follow","max-snippet":"max-snippet:-1","max-image-preview":"max-image-preview:large","max-video-preview":"max-video-preview:-1"},"canonical":"https:\/\/www.groupesomavrac.com\/fr\/rapport-travail-force\/","og_locale":"fr_CA","og_type":"article","og_title":"Loi sur la lutte contre le travail forc\u00e9 et le travail des enfants dans les cha\u00eenes d\u2019approvisionnement - Groupe Somavrac","og_description":"Rapport 2024 concernant la Loi sur la lutte contre le travail forc\u00e9 et le travail des enfants dans les cha\u00eenes d\u2019approvisionnement 1. \u00c0 propos du pr\u00e9sent rapport \/ introduction Le pr\u00e9sent rapport est le deuxi\u00e8me r\u00e9dig\u00e9 par Groupe Somavrac inc. et ses filiales associ\u00e9es (Fonbrai inc., Servitank inc., Somavrac inc., Somavrac (C.C.) inc., Javel Bois-Francs [&hellip;]","og_url":"https:\/\/www.groupesomavrac.com\/fr\/rapport-travail-force\/","og_site_name":"Groupe Somavrac","article_modified_time":"2025-07-04T17:32:10+00:00","og_image":[{"width":1320,"height":1242,"url":"https:\/\/www.groupesomavrac.com\/wp-content\/uploads\/2024\/05\/map.png","type":"image\/png"}],"twitter_card":"summary_large_image","twitter_misc":{"Estimation du temps de lecture":"9 minutes"},"schema":{"@context":"https:\/\/schema.org","@graph":[{"@type":"WebPage","@id":"https:\/\/www.groupesomavrac.com\/fr\/rapport-travail-force\/","url":"https:\/\/www.groupesomavrac.com\/fr\/rapport-travail-force\/","name":"Loi sur la lutte contre le travail forc\u00e9 et le travail des enfants dans les cha\u00eenes d\u2019approvisionnement - Groupe Somavrac","isPartOf":{"@id":"https:\/\/www.groupesomavrac.com\/fr\/#website"},"primaryImageOfPage":{"@id":"https:\/\/www.groupesomavrac.com\/fr\/rapport-travail-force\/#primaryimage"},"image":{"@id":"https:\/\/www.groupesomavrac.com\/fr\/rapport-travail-force\/#primaryimage"},"thumbnailUrl":"https:\/\/www.groupesomavrac.com\/wp-content\/uploads\/2024\/05\/map-300x282.png","datePublished":"2025-05-30T17:37:00+00:00","dateModified":"2025-07-04T17:32:10+00:00","inLanguage":"fr-CA","potentialAction":[{"@type":"ReadAction","target":["https:\/\/www.groupesomavrac.com\/fr\/rapport-travail-force\/"]}]},{"@type":"ImageObject","inLanguage":"fr-CA","@id":"https:\/\/www.groupesomavrac.com\/fr\/rapport-travail-force\/#primaryimage","url":"https:\/\/www.groupesomavrac.com\/wp-content\/uploads\/2024\/05\/map-300x282.png","contentUrl":"https:\/\/www.groupesomavrac.com\/wp-content\/uploads\/2024\/05\/map-300x282.png"},{"@type":"WebSite","@id":"https:\/\/www.groupesomavrac.com\/fr\/#website","url":"https:\/\/www.groupesomavrac.com\/fr\/","name":"Groupe Somavrac","description":"Partenaire de votre cha\u00eene logistique","potentialAction":[{"@type":"SearchAction","target":{"@type":"EntryPoint","urlTemplate":"https:\/\/www.groupesomavrac.com\/fr\/?s={search_term_string}"},"query-input":{"@type":"PropertyValueSpecification","valueRequired":true,"valueName":"search_term_string"}}],"inLanguage":"fr-CA"}]}},"_links":{"self":[{"href":"https:\/\/www.groupesomavrac.com\/fr\/wp-json\/wp\/v2\/pages\/22180","targetHints":{"allow":["GET"]}}],"collection":[{"href":"https:\/\/www.groupesomavrac.com\/fr\/wp-json\/wp\/v2\/pages"}],"about":[{"href":"https:\/\/www.groupesomavrac.com\/fr\/wp-json\/wp\/v2\/types\/page"}],"author":[{"embeddable":true,"href":"https:\/\/www.groupesomavrac.com\/fr\/wp-json\/wp\/v2\/users\/36"}],"replies":[{"embeddable":true,"href":"https:\/\/www.groupesomavrac.com\/fr\/wp-json\/wp\/v2\/comments?post=22180"}],"version-history":[{"count":19,"href":"https:\/\/www.groupesomavrac.com\/fr\/wp-json\/wp\/v2\/pages\/22180\/revisions"}],"predecessor-version":[{"id":24479,"href":"https:\/\/www.groupesomavrac.com\/fr\/wp-json\/wp\/v2\/pages\/22180\/revisions\/24479"}],"wp:attachment":[{"href":"https:\/\/www.groupesomavrac.com\/fr\/wp-json\/wp\/v2\/media?parent=22180"}],"curies":[{"name":"wp","href":"https:\/\/api.w.org\/{rel}","templated":true}]}}