{"id":472,"date":"2019-07-24T21:41:28","date_gmt":"2019-07-25T01:41:28","guid":{"rendered":"https:\/\/www.groupesomavrac.com\/?page_id=472"},"modified":"2024-01-22T10:34:17","modified_gmt":"2024-01-22T15:34:17","slug":"equipe","status":"publish","type":"page","link":"https:\/\/www.groupesomavrac.com\/fr\/entreprise\/equipe\/","title":{"rendered":"Nos \u00e9quipes"},"content":{"rendered":"\t\t<div data-elementor-type=\"wp-post\" data-elementor-id=\"472\" class=\"elementor elementor-472\" data-elementor-post-type=\"page\">\n\t\t\t\t\t\t<section class=\"elementor-section elementor-top-section elementor-element elementor-element-1fe44123 elementor-section-stretched elementor-section-full_width elementor-section-height-default elementor-section-height-default\" data-id=\"1fe44123\" data-element_type=\"section\" data-e-type=\"section\" data-settings=\"{&quot;stretch_section&quot;:&quot;section-stretched&quot;,&quot;background_background&quot;:&quot;classic&quot;}\">\n\t\t\t\t\t\t<div class=\"elementor-container elementor-column-gap-no\">\n\t\t\t\t\t<div class=\"elementor-column elementor-col-100 elementor-top-column elementor-element elementor-element-66459b38\" data-id=\"66459b38\" data-element_type=\"column\" data-e-type=\"column\">\n\t\t\t<div class=\"elementor-widget-wrap elementor-element-populated\">\n\t\t\t\t\t\t<section class=\"elementor-section elementor-inner-section elementor-element elementor-element-2f45404f elementor-section-full_width elementor-section-height-default elementor-section-height-default\" data-id=\"2f45404f\" data-element_type=\"section\" data-e-type=\"section\">\n\t\t\t\t\t\t<div class=\"elementor-container elementor-column-gap-default\">\n\t\t\t\t\t<div class=\"elementor-column elementor-col-100 elementor-inner-column elementor-element elementor-element-2890999\" data-id=\"2890999\" data-element_type=\"column\" data-e-type=\"column\">\n\t\t\t<div class=\"elementor-widget-wrap elementor-element-populated\">\n\t\t\t\t\t\t<div class=\"elementor-element elementor-element-57c1b5dc elementor-widget__width-initial elementor-widget elementor-widget-image\" data-id=\"57c1b5dc\" data-element_type=\"widget\" data-e-type=\"widget\" data-widget_type=\"image.default\">\n\t\t\t\t\t\t\t\t\t\t\t\t\t\t\t<img decoding=\"async\" src=\"https:\/\/www.groupesomavrac.com\/wp-content\/uploads\/elementor\/thumbs\/somavrac-signature-fr-1-qao7aghz5wye5hoz6ri7p0dnjuf1kqdmna37zrh4eo.png\" title=\"somavrac-signature-fr\" alt=\"somavrac-signature-fr\" loading=\"lazy\" \/>\t\t\t\t\t\t\t\t\t\t\t\t\t\t\t<\/div>\n\t\t\t\t\t<\/div>\n\t\t<\/div>\n\t\t\t\t\t<\/div>\n\t\t<\/section>\n\t\t\t\t\t<\/div>\n\t\t<\/div>\n\t\t\t\t\t<\/div>\n\t\t<\/section>\n\t\t\t\t<section class=\"elementor-section elementor-top-section elementor-element elementor-element-ef285c9 elementor-section-stretched elementor-reverse-tablet elementor-reverse-mobile elementor-section-boxed elementor-section-height-default elementor-section-height-default\" data-id=\"ef285c9\" data-element_type=\"section\" data-e-type=\"section\" data-settings=\"{&quot;stretch_section&quot;:&quot;section-stretched&quot;}\">\n\t\t\t\t\t\t<div class=\"elementor-container elementor-column-gap-default\">\n\t\t\t\t\t<div class=\"elementor-column elementor-col-50 elementor-top-column elementor-element elementor-element-6ab1f7b\" data-id=\"6ab1f7b\" data-element_type=\"column\" data-e-type=\"column\">\n\t\t\t<div class=\"elementor-widget-wrap elementor-element-populated\">\n\t\t\t\t\t\t<div class=\"elementor-element elementor-element-abbc965 elementor-widget elementor-widget-heading\" data-id=\"abbc965\" data-element_type=\"widget\" data-e-type=\"widget\" data-widget_type=\"heading.default\">\n\t\t\t\t\t<h1 class=\"elementor-heading-title elementor-size-default\">\u00c9quipe<\/h1>\t\t\t\t<\/div>\n\t\t\t\t<div class=\"elementor-element elementor-element-0de7abe elementor-widget elementor-widget-text-editor\" data-id=\"0de7abe\" data-element_type=\"widget\" data-e-type=\"widget\" data-widget_type=\"text-editor.default\">\n\t\t\t\t\t\t\t\t\t<p>Plus de 500 sp\u00e9cialistes, r\u00e9partis entre le si\u00e8ge social et les terminaux, s\u2019affairent \u00e0 rendre l\u2019exp\u00e9rience client des plus agr\u00e9ables.<\/p>\t\t\t\t\t\t\t\t<\/div>\n\t\t\t\t<div class=\"elementor-element elementor-element-8592c4f elementor-widget elementor-widget-heading\" data-id=\"8592c4f\" data-element_type=\"widget\" data-e-type=\"widget\" data-widget_type=\"heading.default\">\n\t\t\t\t\t<h2 class=\"elementor-heading-title elementor-size-default\">\u00c9quipes en soutien aux op\u00e9rations :<\/h2>\t\t\t\t<\/div>\n\t\t\t\t<div class=\"elementor-element elementor-element-bf43343 elementor-widget elementor-widget-text-editor\" data-id=\"bf43343\" data-element_type=\"widget\" data-e-type=\"widget\" data-widget_type=\"text-editor.default\">\n\t\t\t\t\t\t\t\t\t<ul><li>Approvisionnement;<\/li><li>Comptabilit\u00e9 et finances;<\/li><li>Ing\u00e9nierie et maintenance;<\/li><li>Op\u00e9rations;<\/li><li>Ressources humaines;<\/li><li>Sant\u00e9-s\u00e9curit\u00e9 et environnement;<\/li><li>Technologie de l\u2019information;<\/li><li>Ventes, marketing et d\u00e9veloppement des affaires.<\/li><\/ul>\t\t\t\t\t\t\t\t<\/div>\n\t\t\t\t\t<\/div>\n\t\t<\/div>\n\t\t\t\t<div class=\"elementor-column elementor-col-50 elementor-top-column elementor-element elementor-element-15ae725 contentImg-wrapper\" data-id=\"15ae725\" data-element_type=\"column\" data-e-type=\"column\">\n\t\t\t<div class=\"elementor-widget-wrap elementor-element-populated\">\n\t\t\t\t\t\t<div class=\"elementor-element elementor-element-09ec9ed elementor-widget elementor-widget-image\" data-id=\"09ec9ed\" data-element_type=\"widget\" data-e-type=\"widget\" data-widget_type=\"image.default\">\n\t\t\t\t\t\t\t\t\t\t\t\t\t\t\t<img fetchpriority=\"high\" decoding=\"async\" width=\"700\" height=\"390\" src=\"https:\/\/www.groupesomavrac.com\/wp-content\/uploads\/2019\/07\/equipe.jpg\" class=\"attachment-full size-full wp-image-476\" alt=\"\u00c9quipe, Groupe Somavrac\" srcset=\"https:\/\/www.groupesomavrac.com\/wp-content\/uploads\/2019\/07\/equipe.jpg 700w, https:\/\/www.groupesomavrac.com\/wp-content\/uploads\/2019\/07\/equipe-300x167.jpg 300w, https:\/\/www.groupesomavrac.com\/wp-content\/uploads\/2019\/07\/equipe-600x334.jpg 600w\" sizes=\"(max-width: 700px) 100vw, 700px\" \/>\t\t\t\t\t\t\t\t\t\t\t\t\t\t\t<\/div>\n\t\t\t\t\t<\/div>\n\t\t<\/div>\n\t\t\t\t\t<\/div>\n\t\t<\/section>\n\t\t\t\t<\/div>\n\t\t","protected":false},"excerpt":{"rendered":"<p>\u00c9quipe Plus de 500 sp\u00e9cialistes, r\u00e9partis entre le si\u00e8ge social et les terminaux, s\u2019affairent \u00e0 rendre l\u2019exp\u00e9rience client des plus agr\u00e9ables. \u00c9quipes en soutien aux op\u00e9rations : Approvisionnement; Comptabilit\u00e9 et finances; Ing\u00e9nierie et maintenance; Op\u00e9rations; Ressources humaines; Sant\u00e9-s\u00e9curit\u00e9 et environnement; Technologie de l\u2019information; Ventes, marketing et d\u00e9veloppement des affaires.<\/p>\n","protected":false},"author":1,"featured_media":0,"parent":1379,"menu_order":0,"comment_status":"closed","ping_status":"closed","template":"","meta":{"_acf_changed":false,"inline_featured_image":false,"footnotes":""},"class_list":["post-472","page","type-page","status-publish","hentry"],"acf":[],"yoast_head":"<!-- This site is optimized with the Yoast SEO plugin v26.9 - https:\/\/yoast.com\/product\/yoast-seo-wordpress\/ -->\n<title>Groupe Somavrac - Nos \u00e9quipes - Sp\u00e9cialistes de la cha\u00eene logistique<\/title>\n<meta name=\"description\" content=\"Plus de 500 sp\u00e9cialistes, r\u00e9partis entre le si\u00e8ge social et les terminaux, s\u2019affairent \u00e0 rendre l\u2019exp\u00e9rience client des plus agr\u00e9ables.\" \/>\n<meta name=\"robots\" content=\"index, follow, max-snippet:-1, max-image-preview:large, max-video-preview:-1\" \/>\n<link rel=\"canonical\" href=\"https:\/\/www.groupesomavrac.com\/fr\/entreprise\/equipe\/\" \/>\n<meta property=\"og:locale\" content=\"fr_CA\" \/>\n<meta property=\"og:type\" content=\"article\" \/>\n<meta property=\"og:title\" content=\"Groupe Somavrac - Nos \u00e9quipes - Sp\u00e9cialistes de la cha\u00eene logistique\" \/>\n<meta property=\"og:description\" content=\"Plus de 500 sp\u00e9cialistes, r\u00e9partis entre le si\u00e8ge social et les terminaux, s\u2019affairent \u00e0 rendre l\u2019exp\u00e9rience client des plus agr\u00e9ables.\" \/>\n<meta property=\"og:url\" content=\"https:\/\/www.groupesomavrac.com\/fr\/entreprise\/equipe\/\" \/>\n<meta property=\"og:site_name\" content=\"Groupe Somavrac\" \/>\n<meta property=\"article:modified_time\" content=\"2024-01-22T15:34:17+00:00\" \/>\n<meta property=\"og:image\" content=\"https:\/\/www.groupesomavrac.com\/wp-content\/uploads\/elementor\/thumbs\/somavrac-signature-fr-1-qao7aghz5wye5hoz6ri7p0dnjuf1kqdmna37zrh4eo.png\" \/>\n<meta name=\"twitter:card\" content=\"summary_large_image\" \/>\n<meta name=\"twitter:label1\" content=\"Estimation du temps de lecture\" \/>\n\t<meta name=\"twitter:data1\" content=\"1 minute\" \/>\n<script type=\"application\/ld+json\" class=\"yoast-schema-graph\">{\"@context\":\"https:\/\/schema.org\",\"@graph\":[{\"@type\":\"WebPage\",\"@id\":\"https:\/\/www.groupesomavrac.com\/fr\/entreprise\/equipe\/\",\"url\":\"https:\/\/www.groupesomavrac.com\/fr\/entreprise\/equipe\/\",\"name\":\"Groupe Somavrac - Nos \u00e9quipes - Sp\u00e9cialistes de la cha\u00eene logistique\",\"isPartOf\":{\"@id\":\"https:\/\/www.groupesomavrac.com\/fr\/#website\"},\"primaryImageOfPage\":{\"@id\":\"https:\/\/www.groupesomavrac.com\/fr\/entreprise\/equipe\/#primaryimage\"},\"image\":{\"@id\":\"https:\/\/www.groupesomavrac.com\/fr\/entreprise\/equipe\/#primaryimage\"},\"thumbnailUrl\":\"https:\/\/www.groupesomavrac.com\/wp-content\/uploads\/elementor\/thumbs\/somavrac-signature-fr-1-qao7aghz5wye5hoz6ri7p0dnjuf1kqdmna37zrh4eo.png\",\"datePublished\":\"2019-07-25T01:41:28+00:00\",\"dateModified\":\"2024-01-22T15:34:17+00:00\",\"description\":\"Plus de 500 sp\u00e9cialistes, r\u00e9partis entre le si\u00e8ge social et les terminaux, s\u2019affairent \u00e0 rendre l\u2019exp\u00e9rience client des plus agr\u00e9ables.\",\"breadcrumb\":{\"@id\":\"https:\/\/www.groupesomavrac.com\/fr\/entreprise\/equipe\/#breadcrumb\"},\"inLanguage\":\"fr-CA\",\"potentialAction\":[{\"@type\":\"ReadAction\",\"target\":[\"https:\/\/www.groupesomavrac.com\/fr\/entreprise\/equipe\/\"]}]},{\"@type\":\"ImageObject\",\"inLanguage\":\"fr-CA\",\"@id\":\"https:\/\/www.groupesomavrac.com\/fr\/entreprise\/equipe\/#primaryimage\",\"url\":\"https:\/\/www.groupesomavrac.com\/wp-content\/uploads\/elementor\/thumbs\/somavrac-signature-fr-1-qao7aghz5wye5hoz6ri7p0dnjuf1kqdmna37zrh4eo.png\",\"contentUrl\":\"https:\/\/www.groupesomavrac.com\/wp-content\/uploads\/elementor\/thumbs\/somavrac-signature-fr-1-qao7aghz5wye5hoz6ri7p0dnjuf1kqdmna37zrh4eo.png\"},{\"@type\":\"BreadcrumbList\",\"@id\":\"https:\/\/www.groupesomavrac.com\/fr\/entreprise\/equipe\/#breadcrumb\",\"itemListElement\":[{\"@type\":\"ListItem\",\"position\":1,\"name\":\"Notre entreprise\",\"item\":\"https:\/\/www.groupesomavrac.com\/fr\/entreprise\/\"},{\"@type\":\"ListItem\",\"position\":2,\"name\":\"Nos \u00e9quipes\"}]},{\"@type\":\"WebSite\",\"@id\":\"https:\/\/www.groupesomavrac.com\/fr\/#website\",\"url\":\"https:\/\/www.groupesomavrac.com\/fr\/\",\"name\":\"Groupe Somavrac\",\"description\":\"Partenaire de votre cha\u00eene logistique\",\"potentialAction\":[{\"@type\":\"SearchAction\",\"target\":{\"@type\":\"EntryPoint\",\"urlTemplate\":\"https:\/\/www.groupesomavrac.com\/fr\/?s={search_term_string}\"},\"query-input\":{\"@type\":\"PropertyValueSpecification\",\"valueRequired\":true,\"valueName\":\"search_term_string\"}}],\"inLanguage\":\"fr-CA\"}]}<\/script>\n<!-- \/ Yoast SEO plugin. -->","yoast_head_json":{"title":"Groupe Somavrac - Nos \u00e9quipes - Sp\u00e9cialistes de la cha\u00eene logistique","description":"Plus de 500 sp\u00e9cialistes, r\u00e9partis entre le si\u00e8ge social et les terminaux, s\u2019affairent \u00e0 rendre l\u2019exp\u00e9rience client des plus agr\u00e9ables.","robots":{"index":"index","follow":"follow","max-snippet":"max-snippet:-1","max-image-preview":"max-image-preview:large","max-video-preview":"max-video-preview:-1"},"canonical":"https:\/\/www.groupesomavrac.com\/fr\/entreprise\/equipe\/","og_locale":"fr_CA","og_type":"article","og_title":"Groupe Somavrac - Nos \u00e9quipes - Sp\u00e9cialistes de la cha\u00eene logistique","og_description":"Plus de 500 sp\u00e9cialistes, r\u00e9partis entre le si\u00e8ge social et les terminaux, s\u2019affairent \u00e0 rendre l\u2019exp\u00e9rience client des plus agr\u00e9ables.","og_url":"https:\/\/www.groupesomavrac.com\/fr\/entreprise\/equipe\/","og_site_name":"Groupe Somavrac","article_modified_time":"2024-01-22T15:34:17+00:00","og_image":[{"url":"https:\/\/www.groupesomavrac.com\/wp-content\/uploads\/elementor\/thumbs\/somavrac-signature-fr-1-qao7aghz5wye5hoz6ri7p0dnjuf1kqdmna37zrh4eo.png","type":"","width":"","height":""}],"twitter_card":"summary_large_image","twitter_misc":{"Estimation du temps de lecture":"1 minute"},"schema":{"@context":"https:\/\/schema.org","@graph":[{"@type":"WebPage","@id":"https:\/\/www.groupesomavrac.com\/fr\/entreprise\/equipe\/","url":"https:\/\/www.groupesomavrac.com\/fr\/entreprise\/equipe\/","name":"Groupe Somavrac - Nos \u00e9quipes - Sp\u00e9cialistes de la cha\u00eene logistique","isPartOf":{"@id":"https:\/\/www.groupesomavrac.com\/fr\/#website"},"primaryImageOfPage":{"@id":"https:\/\/www.groupesomavrac.com\/fr\/entreprise\/equipe\/#primaryimage"},"image":{"@id":"https:\/\/www.groupesomavrac.com\/fr\/entreprise\/equipe\/#primaryimage"},"thumbnailUrl":"https:\/\/www.groupesomavrac.com\/wp-content\/uploads\/elementor\/thumbs\/somavrac-signature-fr-1-qao7aghz5wye5hoz6ri7p0dnjuf1kqdmna37zrh4eo.png","datePublished":"2019-07-25T01:41:28+00:00","dateModified":"2024-01-22T15:34:17+00:00","description":"Plus de 500 sp\u00e9cialistes, r\u00e9partis entre le si\u00e8ge social et les terminaux, s\u2019affairent \u00e0 rendre l\u2019exp\u00e9rience client des plus agr\u00e9ables.","breadcrumb":{"@id":"https:\/\/www.groupesomavrac.com\/fr\/entreprise\/equipe\/#breadcrumb"},"inLanguage":"fr-CA","potentialAction":[{"@type":"ReadAction","target":["https:\/\/www.groupesomavrac.com\/fr\/entreprise\/equipe\/"]}]},{"@type":"ImageObject","inLanguage":"fr-CA","@id":"https:\/\/www.groupesomavrac.com\/fr\/entreprise\/equipe\/#primaryimage","url":"https:\/\/www.groupesomavrac.com\/wp-content\/uploads\/elementor\/thumbs\/somavrac-signature-fr-1-qao7aghz5wye5hoz6ri7p0dnjuf1kqdmna37zrh4eo.png","contentUrl":"https:\/\/www.groupesomavrac.com\/wp-content\/uploads\/elementor\/thumbs\/somavrac-signature-fr-1-qao7aghz5wye5hoz6ri7p0dnjuf1kqdmna37zrh4eo.png"},{"@type":"BreadcrumbList","@id":"https:\/\/www.groupesomavrac.com\/fr\/entreprise\/equipe\/#breadcrumb","itemListElement":[{"@type":"ListItem","position":1,"name":"Notre entreprise","item":"https:\/\/www.groupesomavrac.com\/fr\/entreprise\/"},{"@type":"ListItem","position":2,"name":"Nos \u00e9quipes"}]},{"@type":"WebSite","@id":"https:\/\/www.groupesomavrac.com\/fr\/#website","url":"https:\/\/www.groupesomavrac.com\/fr\/","name":"Groupe Somavrac","description":"Partenaire de votre cha\u00eene logistique","potentialAction":[{"@type":"SearchAction","target":{"@type":"EntryPoint","urlTemplate":"https:\/\/www.groupesomavrac.com\/fr\/?s={search_term_string}"},"query-input":{"@type":"PropertyValueSpecification","valueRequired":true,"valueName":"search_term_string"}}],"inLanguage":"fr-CA"}]}},"_links":{"self":[{"href":"https:\/\/www.groupesomavrac.com\/fr\/wp-json\/wp\/v2\/pages\/472","targetHints":{"allow":["GET"]}}],"collection":[{"href":"https:\/\/www.groupesomavrac.com\/fr\/wp-json\/wp\/v2\/pages"}],"about":[{"href":"https:\/\/www.groupesomavrac.com\/fr\/wp-json\/wp\/v2\/types\/page"}],"author":[{"embeddable":true,"href":"https:\/\/www.groupesomavrac.com\/fr\/wp-json\/wp\/v2\/users\/1"}],"replies":[{"embeddable":true,"href":"https:\/\/www.groupesomavrac.com\/fr\/wp-json\/wp\/v2\/comments?post=472"}],"version-history":[{"count":14,"href":"https:\/\/www.groupesomavrac.com\/fr\/wp-json\/wp\/v2\/pages\/472\/revisions"}],"predecessor-version":[{"id":20931,"href":"https:\/\/www.groupesomavrac.com\/fr\/wp-json\/wp\/v2\/pages\/472\/revisions\/20931"}],"up":[{"embeddable":true,"href":"https:\/\/www.groupesomavrac.com\/fr\/wp-json\/wp\/v2\/pages\/1379"}],"wp:attachment":[{"href":"https:\/\/www.groupesomavrac.com\/fr\/wp-json\/wp\/v2\/media?parent=472"}],"curies":[{"name":"wp","href":"https:\/\/api.w.org\/{rel}","templated":true}]}}