{"id":19015,"date":"2023-09-27T16:58:17","date_gmt":"2023-09-27T20:58:17","guid":{"rendered":"https:\/\/www.groupesomavrac.com\/?post_type=product&#038;p=19015"},"modified":"2023-10-06T11:52:45","modified_gmt":"2023-10-06T15:52:45","slug":"propylene-glycol-2","status":"publish","type":"product","link":"https:\/\/www.groupesomavrac.com\/fr\/nos-produits\/propylene-glycol-2\/","title":{"rendered":"Propyl\u00e8ne Glycol"},"content":{"rendered":"<h1>Propyl\u00e8ne glycol<\/h1>\n<p>&nbsp;<\/p>\n<p>D\u00e9couvrez les multiples facettes du propyl\u00e8ne glycol, un liquide visqueux incolore enti\u00e8rement hygroscopique, miscible avec l\u2019eau, presque inodore et qui poss\u00e8de un go\u00fbt l\u00e9g\u00e8rement sucr\u00e9. Le propyl\u00e8ne glycol trouve sa place dans une vaste gamme de produits.<\/p>\n<p>Il est couramment employ\u00e9 dans les formules antigel, de liquides de refroidissement (HVAC), de fluides hydrauliques, de r\u00e9sines, de d\u00e9tergents, de peintures, de liquides de d\u00e9givrage ainsi que de lubrifiants. Il est \u00e9galement utilis\u00e9 comme solvant pour les colorants alimentaires. En plus de sa polyvalence, le propyl\u00e8ne glycol se distingue par son caract\u00e8re biod\u00e9gradable.<\/p>\n<h2>Produits disponibles<\/h2>\n<ul>\n<li>Propyl\u00e8ne glycol de qualit\u00e9 industrielle<\/li>\n<li>Propyl\u00e8ne glycol de grade USP<\/li>\n<li>M\u00e9langes et dilutions personnalis\u00e9s<\/li>\n<\/ul>\n<h2>Formats disponibles<\/h2>\n<ul>\n<li>3,78 L<\/li>\n<li>20 L<\/li>\n<li>55 L<\/li>\n<li>205 L<\/li>\n<li>1 000 L<\/li>\n<\/ul>\n<p>Le propyl\u00e8ne glycol industriel distribu\u00e9 par JBF r\u00e9pond aux crit\u00e8res de qualit\u00e9 les plus \u00e9lev\u00e9es puisque c\u2019est \u00e0 partir de propyl\u00e8ne glycol de tr\u00e8s haute puret\u00e9, certifi\u00e9 grade USP, que nous ajoutons un inhibiteur de corrosion et de l&rsquo;eau d\u00e9sionis\u00e9e pour obtenir des concentrations multiples adapt\u00e9es aux applications sp\u00e9cifiques. Que vous recherchiez une concentration de 30%, 40%, 50%, 60%, 70%, 80% ou m\u00eame 96%, faites confiance \u00e0 notre expertise pour votre approvisionnement en propyl\u00e8ne glycol.<\/p>\n<h2>Applications et utilisation<\/h2>\n<ul>\n<li>Additif alimentaire<\/li>\n<li>Alimentation animale<\/li>\n<li>Antigel<\/li>\n<li>Caoutchouc<\/li>\n<li>D\u00e9tergents<\/li>\n<li>Interm\u00e9diaires chimiques pour r\u00e9sines<\/li>\n<li>Liquide de refroidissement \/ fluides de transfert thermique<\/li>\n<li>Lubrifiants<\/li>\n<li>Peintures au latex et rev\u00eatements<\/li>\n<li>Polyesters<\/li>\n<li>Produits pharmaceutiques<\/li>\n<li>Soins d\u2019hygi\u00e8ne<\/li>\n<\/ul>\n<h2>Faites de JBF votre distributeur de propyl\u00e8ne glycol<\/h2>\n<ul>\n<li>R\u00e9seau de fournisseurs de classe internationale offrant une stabilit\u00e9 d&rsquo;approvisionnement in\u00e9gal\u00e9e et une qualit\u00e9 irr\u00e9prochable. Nous nous engageons \u00e0 vous offrir les produits dont vous avez besoin, quand vous en avez besoin.<\/li>\n<li>Flotte de camions de livraison modernes, avec conducteurs d\u00e9di\u00e9s, couvrant toutes les r\u00e9gions du Qu\u00e9bec et de l&rsquo;Est de l&rsquo;Ontario. Nous avons mis en place un r\u00e9seau logistique efficace pour assurer des livraisons rapides, quel que soit votre emplacement et peu importe la quantit\u00e9 command\u00e9e.<\/li>\n<li>Soutenue par la force du Groupe Somavrac, une entreprise sp\u00e9cialis\u00e9e dans la manutention et la distribution de produits chimiques depuis plus de 60 ans, notre \u00e9quipe professionnelle est \u00e0 votre service. Nous avons b\u00e2ti notre r\u00e9putation sur l&rsquo;excellence de notre expertise et notre engagement envers la satisfaction de nos clients.<\/li>\n<\/ul>\n","protected":false},"excerpt":{"rendered":"<p>Propyl\u00e8ne glycol &nbsp; D\u00e9couvrez les multiples facettes du propyl\u00e8ne glycol, un liquide visqueux incolore enti\u00e8rement hygroscopique, miscible avec l\u2019eau, presque inodore et qui poss\u00e8de un go\u00fbt l\u00e9g\u00e8rement sucr\u00e9. Le propyl\u00e8ne glycol trouve sa place dans une vaste gamme de produits. Il est couramment employ\u00e9 dans les formules antigel, de liquides de refroidissement (HVAC), de fluides [&hellip;]<\/p>\n","protected":false},"featured_media":19011,"template":"","meta":{"_acf_changed":false,"inline_featured_image":false},"product_brand":[],"product_cat":[16],"product_tag":[],"class_list":{"0":"post-19015","1":"product","2":"type-product","3":"status-publish","4":"has-post-thumbnail","6":"product_cat-non-classe","8":"first","9":"instock","10":"shipping-taxable","11":"product-type-simple"},"acf":[],"yoast_head":"<!-- This site is optimized with the Yoast SEO plugin v26.9 - https:\/\/yoast.com\/product\/yoast-seo-wordpress\/ -->\n<title>Propyl\u00e8ne Glycol - Groupe Somavrac<\/title>\n<meta name=\"robots\" content=\"index, follow, max-snippet:-1, max-image-preview:large, max-video-preview:-1\" \/>\n<link rel=\"canonical\" href=\"https:\/\/www.groupesomavrac.com\/fr\/nos-produits\/propylene-glycol-2\/\" \/>\n<meta property=\"og:locale\" content=\"fr_CA\" \/>\n<meta property=\"og:type\" content=\"article\" \/>\n<meta property=\"og:title\" content=\"Propyl\u00e8ne Glycol - Groupe Somavrac\" \/>\n<meta property=\"og:description\" content=\"Propyl\u00e8ne glycol &nbsp; D\u00e9couvrez les multiples facettes du propyl\u00e8ne glycol, un liquide visqueux incolore enti\u00e8rement hygroscopique, miscible avec l\u2019eau, presque inodore et qui poss\u00e8de un go\u00fbt l\u00e9g\u00e8rement sucr\u00e9. Le propyl\u00e8ne glycol trouve sa place dans une vaste gamme de produits. Il est couramment employ\u00e9 dans les formules antigel, de liquides de refroidissement (HVAC), de fluides [&hellip;]\" \/>\n<meta property=\"og:url\" content=\"https:\/\/www.groupesomavrac.com\/fr\/nos-produits\/propylene-glycol-2\/\" \/>\n<meta property=\"og:site_name\" content=\"Groupe Somavrac\" \/>\n<meta property=\"article:modified_time\" content=\"2023-10-06T15:52:45+00:00\" \/>\n<meta property=\"og:image\" content=\"https:\/\/www.groupesomavrac.com\/wp-content\/uploads\/2023\/09\/Propylene-Glycol.png\" \/>\n\t<meta property=\"og:image:width\" content=\"2048\" \/>\n\t<meta property=\"og:image:height\" content=\"2048\" \/>\n\t<meta property=\"og:image:type\" content=\"image\/png\" \/>\n<meta name=\"twitter:card\" content=\"summary_large_image\" \/>\n<meta name=\"twitter:label1\" content=\"Estimation du temps de lecture\" \/>\n\t<meta name=\"twitter:data1\" content=\"2 minutes\" \/>\n<script type=\"application\/ld+json\" class=\"yoast-schema-graph\">{\"@context\":\"https:\/\/schema.org\",\"@graph\":[{\"@type\":\"WebPage\",\"@id\":\"https:\/\/www.groupesomavrac.com\/fr\/nos-produits\/propylene-glycol-2\/\",\"url\":\"https:\/\/www.groupesomavrac.com\/fr\/nos-produits\/propylene-glycol-2\/\",\"name\":\"Propyl\u00e8ne Glycol - Groupe Somavrac\",\"isPartOf\":{\"@id\":\"https:\/\/www.groupesomavrac.com\/fr\/#website\"},\"primaryImageOfPage\":{\"@id\":\"https:\/\/www.groupesomavrac.com\/fr\/nos-produits\/propylene-glycol-2\/#primaryimage\"},\"image\":{\"@id\":\"https:\/\/www.groupesomavrac.com\/fr\/nos-produits\/propylene-glycol-2\/#primaryimage\"},\"thumbnailUrl\":\"https:\/\/www.groupesomavrac.com\/wp-content\/uploads\/2023\/09\/Propylene-Glycol.png\",\"datePublished\":\"2023-09-27T20:58:17+00:00\",\"dateModified\":\"2023-10-06T15:52:45+00:00\",\"breadcrumb\":{\"@id\":\"https:\/\/www.groupesomavrac.com\/fr\/nos-produits\/propylene-glycol-2\/#breadcrumb\"},\"inLanguage\":\"fr-CA\",\"potentialAction\":[{\"@type\":\"ReadAction\",\"target\":[\"https:\/\/www.groupesomavrac.com\/fr\/nos-produits\/propylene-glycol-2\/\"]}]},{\"@type\":\"ImageObject\",\"inLanguage\":\"fr-CA\",\"@id\":\"https:\/\/www.groupesomavrac.com\/fr\/nos-produits\/propylene-glycol-2\/#primaryimage\",\"url\":\"https:\/\/www.groupesomavrac.com\/wp-content\/uploads\/2023\/09\/Propylene-Glycol.png\",\"contentUrl\":\"https:\/\/www.groupesomavrac.com\/wp-content\/uploads\/2023\/09\/Propylene-Glycol.png\",\"width\":2048,\"height\":2048},{\"@type\":\"BreadcrumbList\",\"@id\":\"https:\/\/www.groupesomavrac.com\/fr\/nos-produits\/propylene-glycol-2\/#breadcrumb\",\"itemListElement\":[{\"@type\":\"ListItem\",\"position\":1,\"name\":\"Nos produits\",\"item\":\"https:\/\/www.groupesomavrac.com\/fr\/nos-produits\/\"},{\"@type\":\"ListItem\",\"position\":2,\"name\":\"Propyl\u00e8ne Glycol\"}]},{\"@type\":\"WebSite\",\"@id\":\"https:\/\/www.groupesomavrac.com\/fr\/#website\",\"url\":\"https:\/\/www.groupesomavrac.com\/fr\/\",\"name\":\"Groupe Somavrac\",\"description\":\"Partenaire de votre cha\u00eene logistique\",\"potentialAction\":[{\"@type\":\"SearchAction\",\"target\":{\"@type\":\"EntryPoint\",\"urlTemplate\":\"https:\/\/www.groupesomavrac.com\/fr\/?s={search_term_string}\"},\"query-input\":{\"@type\":\"PropertyValueSpecification\",\"valueRequired\":true,\"valueName\":\"search_term_string\"}}],\"inLanguage\":\"fr-CA\"}]}<\/script>\n<!-- \/ Yoast SEO plugin. -->","yoast_head_json":{"title":"Propyl\u00e8ne Glycol - Groupe Somavrac","robots":{"index":"index","follow":"follow","max-snippet":"max-snippet:-1","max-image-preview":"max-image-preview:large","max-video-preview":"max-video-preview:-1"},"canonical":"https:\/\/www.groupesomavrac.com\/fr\/nos-produits\/propylene-glycol-2\/","og_locale":"fr_CA","og_type":"article","og_title":"Propyl\u00e8ne Glycol - Groupe Somavrac","og_description":"Propyl\u00e8ne glycol &nbsp; D\u00e9couvrez les multiples facettes du propyl\u00e8ne glycol, un liquide visqueux incolore enti\u00e8rement hygroscopique, miscible avec l\u2019eau, presque inodore et qui poss\u00e8de un go\u00fbt l\u00e9g\u00e8rement sucr\u00e9. Le propyl\u00e8ne glycol trouve sa place dans une vaste gamme de produits. Il est couramment employ\u00e9 dans les formules antigel, de liquides de refroidissement (HVAC), de fluides [&hellip;]","og_url":"https:\/\/www.groupesomavrac.com\/fr\/nos-produits\/propylene-glycol-2\/","og_site_name":"Groupe Somavrac","article_modified_time":"2023-10-06T15:52:45+00:00","og_image":[{"width":2048,"height":2048,"url":"https:\/\/www.groupesomavrac.com\/wp-content\/uploads\/2023\/09\/Propylene-Glycol.png","type":"image\/png"}],"twitter_card":"summary_large_image","twitter_misc":{"Estimation du temps de lecture":"2 minutes"},"schema":{"@context":"https:\/\/schema.org","@graph":[{"@type":"WebPage","@id":"https:\/\/www.groupesomavrac.com\/fr\/nos-produits\/propylene-glycol-2\/","url":"https:\/\/www.groupesomavrac.com\/fr\/nos-produits\/propylene-glycol-2\/","name":"Propyl\u00e8ne Glycol - Groupe Somavrac","isPartOf":{"@id":"https:\/\/www.groupesomavrac.com\/fr\/#website"},"primaryImageOfPage":{"@id":"https:\/\/www.groupesomavrac.com\/fr\/nos-produits\/propylene-glycol-2\/#primaryimage"},"image":{"@id":"https:\/\/www.groupesomavrac.com\/fr\/nos-produits\/propylene-glycol-2\/#primaryimage"},"thumbnailUrl":"https:\/\/www.groupesomavrac.com\/wp-content\/uploads\/2023\/09\/Propylene-Glycol.png","datePublished":"2023-09-27T20:58:17+00:00","dateModified":"2023-10-06T15:52:45+00:00","breadcrumb":{"@id":"https:\/\/www.groupesomavrac.com\/fr\/nos-produits\/propylene-glycol-2\/#breadcrumb"},"inLanguage":"fr-CA","potentialAction":[{"@type":"ReadAction","target":["https:\/\/www.groupesomavrac.com\/fr\/nos-produits\/propylene-glycol-2\/"]}]},{"@type":"ImageObject","inLanguage":"fr-CA","@id":"https:\/\/www.groupesomavrac.com\/fr\/nos-produits\/propylene-glycol-2\/#primaryimage","url":"https:\/\/www.groupesomavrac.com\/wp-content\/uploads\/2023\/09\/Propylene-Glycol.png","contentUrl":"https:\/\/www.groupesomavrac.com\/wp-content\/uploads\/2023\/09\/Propylene-Glycol.png","width":2048,"height":2048},{"@type":"BreadcrumbList","@id":"https:\/\/www.groupesomavrac.com\/fr\/nos-produits\/propylene-glycol-2\/#breadcrumb","itemListElement":[{"@type":"ListItem","position":1,"name":"Nos produits","item":"https:\/\/www.groupesomavrac.com\/fr\/nos-produits\/"},{"@type":"ListItem","position":2,"name":"Propyl\u00e8ne Glycol"}]},{"@type":"WebSite","@id":"https:\/\/www.groupesomavrac.com\/fr\/#website","url":"https:\/\/www.groupesomavrac.com\/fr\/","name":"Groupe Somavrac","description":"Partenaire de votre cha\u00eene logistique","potentialAction":[{"@type":"SearchAction","target":{"@type":"EntryPoint","urlTemplate":"https:\/\/www.groupesomavrac.com\/fr\/?s={search_term_string}"},"query-input":{"@type":"PropertyValueSpecification","valueRequired":true,"valueName":"search_term_string"}}],"inLanguage":"fr-CA"}]}},"_links":{"self":[{"href":"https:\/\/www.groupesomavrac.com\/fr\/wp-json\/wp\/v2\/product\/19015","targetHints":{"allow":["GET"]}}],"collection":[{"href":"https:\/\/www.groupesomavrac.com\/fr\/wp-json\/wp\/v2\/product"}],"about":[{"href":"https:\/\/www.groupesomavrac.com\/fr\/wp-json\/wp\/v2\/types\/product"}],"version-history":[{"count":10,"href":"https:\/\/www.groupesomavrac.com\/fr\/wp-json\/wp\/v2\/product\/19015\/revisions"}],"predecessor-version":[{"id":19197,"href":"https:\/\/www.groupesomavrac.com\/fr\/wp-json\/wp\/v2\/product\/19015\/revisions\/19197"}],"wp:featuredmedia":[{"embeddable":true,"href":"https:\/\/www.groupesomavrac.com\/fr\/wp-json\/wp\/v2\/media\/19011"}],"wp:attachment":[{"href":"https:\/\/www.groupesomavrac.com\/fr\/wp-json\/wp\/v2\/media?parent=19015"}],"wp:term":[{"taxonomy":"product_brand","embeddable":true,"href":"https:\/\/www.groupesomavrac.com\/fr\/wp-json\/wp\/v2\/product_brand?post=19015"},{"taxonomy":"product_cat","embeddable":true,"href":"https:\/\/www.groupesomavrac.com\/fr\/wp-json\/wp\/v2\/product_cat?post=19015"},{"taxonomy":"product_tag","embeddable":true,"href":"https:\/\/www.groupesomavrac.com\/fr\/wp-json\/wp\/v2\/product_tag?post=19015"}],"curies":[{"name":"wp","href":"https:\/\/api.w.org\/{rel}","templated":true}]}}