{"id":19179,"date":"2023-10-06T11:24:52","date_gmt":"2023-10-06T15:24:52","guid":{"rendered":"https:\/\/www.groupesomavrac.com\/?post_type=product&#038;p=19179"},"modified":"2024-03-12T09:20:32","modified_gmt":"2024-03-12T13:20:32","slug":"acide-acetique-3","status":"publish","type":"product","link":"https:\/\/www.groupesomavrac.com\/fr\/nos-produits\/acide-acetique-3\/","title":{"rendered":"Acide ac\u00e9tique"},"content":{"rendered":"<h1>ACIDE AC\u00c9TIQUE<\/h1>\n<p>&nbsp;<\/p>\n<p>D\u00e9couvrez la versatilit\u00e9 de l\u2019acide ac\u00e9tique, un liquide incolore, aux propri\u00e9t\u00e9s antibact\u00e9riennes et antifongiques, de la famille des carboxyliques. Couramment utilis\u00e9 dans le secteur industriel, l\u2019acide ac\u00e9tique entre dans la production de plastique, de textile pour la teinture et l\u2019impression, de produits de nettoyage, etc. Son application la plus connue est celle de conservateur alimentaire. C\u2019est \u00e0 l\u2019acide ac\u00e9tique que le vinaigre (concentration de 6%) doit son odeur et sa saveur. Il est \u00e9galement utilis\u00e9 dans l\u2019industrie pharmaceutique.<\/p>\n<p>Gr\u00e2ce \u00e0 ses propri\u00e9t\u00e9s d\u00e9sinfectantes, l&rsquo;acide ac\u00e9tique est largement utilis\u00e9 dans les produits de nettoyage en raison de ses propri\u00e9t\u00e9s d\u00e9sinfectantes. Il est efficace pour \u00e9liminer les germes et les microbes, ce qui en fait une composante cl\u00e9 dans les nettoyants \u00e9cologiques, biod\u00e9gradables et conventionnels. Il est utilis\u00e9 dans divers produits de nettoyage tels que les nettoyants pour vitres, les nettoyants pour sols, les nettoyants pour toitures et les nettoyants pour surfaces. Il est un puissant d\u00e9tartrant.<\/p>\n<p>Finalement, l\u2019acide ac\u00e9tique en solution est aussi couramment utilis\u00e9 pour optimiser la qualit\u00e9 de l\u2019eau d\u2019abreuvement puisque son pouvoir acidifiant permet d\u2019abaisser le pH. C\u2019est g\u00e9n\u00e9ralement, l\u2019acide ac\u00e9tique 56% qui est recommand\u00e9e pour cette utilisation.<\/p>\n<h2>Produits disponibles<\/h2>\n<ul>\n<li>Acide ac\u00e9tique glaciale (99%)<\/li>\n<li>Acide ac\u00e9tique 80%<\/li>\n<li>Acide ac\u00e9tique 56%<\/li>\n<li>Dilutions personnalis\u00e9es<\/li>\n<\/ul>\n<h2>Formats<\/h2>\n<ul>\n<li>20 L<\/li>\n<li>55 L<\/li>\n<li>205 L<\/li>\n<li>1 050 L<\/li>\n<\/ul>\n<p><img fetchpriority=\"high\" decoding=\"async\" class=\"alignnone  wp-image-21396\" src=\"https:\/\/www.groupesomavrac.com\/wp-content\/uploads\/2023\/10\/20-L-55-L-205-L-1050-L-1-300x90.png\" alt=\"\" width=\"530\" height=\"159\" srcset=\"https:\/\/www.groupesomavrac.com\/wp-content\/uploads\/2023\/10\/20-L-55-L-205-L-1050-L-1-300x90.png 300w, https:\/\/www.groupesomavrac.com\/wp-content\/uploads\/2023\/10\/20-L-55-L-205-L-1050-L-1-1024x307.png 1024w, https:\/\/www.groupesomavrac.com\/wp-content\/uploads\/2023\/10\/20-L-55-L-205-L-1050-L-1-768x230.png 768w, https:\/\/www.groupesomavrac.com\/wp-content\/uploads\/2023\/10\/20-L-55-L-205-L-1050-L-1-1536x461.png 1536w, https:\/\/www.groupesomavrac.com\/wp-content\/uploads\/2023\/10\/20-L-55-L-205-L-1050-L-1-600x180.png 600w, https:\/\/www.groupesomavrac.com\/wp-content\/uploads\/2023\/10\/20-L-55-L-205-L-1050-L-1.png 1800w\" sizes=\"(max-width: 530px) 100vw, 530px\" \/><\/p>\n<p>L\u2019acide ac\u00e9tique distribu\u00e9 par JBF r\u00e9pond aux crit\u00e8res de qualit\u00e9 les plus \u00e9lev\u00e9es puisque c\u2019est \u00e0 partir d&rsquo;acide ac\u00e9tique glaciale que nous ajoutons de l&rsquo;eau d\u00e9sionis\u00e9e pour obtenir des concentrations multiples adapt\u00e9es aux applications sp\u00e9cifiques. Que vous recherchiez une concentration de 99%, 80% ou 56%, faites confiance \u00e0 notre expertise pour votre approvisionnement en acide ac\u00e9tique.<\/p>\n<h2>Applications et utilisation<\/h2>\n<ul>\n<li>Additif alimentaire<\/li>\n<li>Adh\u00e9sifs<\/li>\n<li>Agricole (herbicide, non-pesticides) et agro-alimentaire<\/li>\n<li>Cosm\u00e9tiques<\/li>\n<li>D\u00e9tergents<\/li>\n<li>Interm\u00e9diaires chimiques pour r\u00e9sines<\/li>\n<li>Lubrifiants<\/li>\n<li>Produits pharmaceutiques<\/li>\n<li>Solvants<\/li>\n<li>Traitement des eaux<\/li>\n<\/ul>\n<h2>Faites de JBF votre distributeur d&rsquo;acide ac\u00e9tique<\/h2>\n<ul>\n<li>R\u00e9seau de fournisseurs de classe internationale offrant une stabilit\u00e9 d&rsquo;approvisionnement in\u00e9gal\u00e9e et une qualit\u00e9 irr\u00e9prochable. Nous nous engageons \u00e0 vous offrir les produits dont vous avez besoin, quand vous en avez besoin.<\/li>\n<li>Flotte de camions de livraison modernes, avec conducteurs d\u00e9di\u00e9s, couvrant toutes les r\u00e9gions du Qu\u00e9bec et de l&rsquo;Est de l&rsquo;Ontario. Nous avons mis en place un r\u00e9seau logistique efficace pour assurer des livraisons rapides, quel que soit votre emplacement et peu importe la quantit\u00e9 command\u00e9e.<\/li>\n<li>Soutenue par la force du Groupe Somavrac, une entreprise sp\u00e9cialis\u00e9e dans la manutention et la distribution de produits chimiques depuis plus de 60 ans, notre \u00e9quipe professionnelle est \u00e0 votre service. Nous avons b\u00e2ti notre r\u00e9putation sur l&rsquo;excellence de notre expertise et notre engagement envers la satisfaction de nos clients.<\/li>\n<\/ul>\n","protected":false},"excerpt":{"rendered":"<p>ACIDE AC\u00c9TIQUE &nbsp; D\u00e9couvrez la versatilit\u00e9 de l\u2019acide ac\u00e9tique, un liquide incolore, aux propri\u00e9t\u00e9s antibact\u00e9riennes et antifongiques, de la famille des carboxyliques. Couramment utilis\u00e9 dans le secteur industriel, l\u2019acide ac\u00e9tique entre dans la production de plastique, de textile pour la teinture et l\u2019impression, de produits de nettoyage, etc. Son application la plus connue est celle [&hellip;]<\/p>\n","protected":false},"featured_media":19007,"template":"","meta":{"_acf_changed":false,"inline_featured_image":false},"product_brand":[],"product_cat":[302,305],"product_tag":[],"class_list":{"0":"post-19179","1":"product","2":"type-product","3":"status-publish","4":"has-post-thumbnail","6":"product_cat-jbf","7":"product_cat-acide-acetique","9":"first","10":"instock","11":"shipping-taxable","12":"product-type-simple"},"acf":[],"yoast_head":"<!-- This site is optimized with the Yoast SEO plugin v26.9 - https:\/\/yoast.com\/product\/yoast-seo-wordpress\/ -->\n<title>Acide ac\u00e9tique - Groupe Somavrac<\/title>\n<meta name=\"description\" content=\"L&#039;acide ac\u00e9tique est largement utilis\u00e9 dans les produits de nettoyage en raison de ses propri\u00e9t\u00e9s d\u00e9sinfectantes.\" \/>\n<meta name=\"robots\" content=\"index, follow, max-snippet:-1, max-image-preview:large, max-video-preview:-1\" \/>\n<link rel=\"canonical\" href=\"https:\/\/www.groupesomavrac.com\/fr\/nos-produits\/acide-acetique-3\/\" \/>\n<meta property=\"og:locale\" content=\"fr_CA\" \/>\n<meta property=\"og:type\" content=\"article\" \/>\n<meta property=\"og:title\" content=\"Acide ac\u00e9tique - Groupe Somavrac\" \/>\n<meta property=\"og:description\" content=\"L&#039;acide ac\u00e9tique est largement utilis\u00e9 dans les produits de nettoyage en raison de ses propri\u00e9t\u00e9s d\u00e9sinfectantes.\" \/>\n<meta property=\"og:url\" content=\"https:\/\/www.groupesomavrac.com\/fr\/nos-produits\/acide-acetique-3\/\" \/>\n<meta property=\"og:site_name\" content=\"Groupe Somavrac\" \/>\n<meta property=\"article:modified_time\" content=\"2024-03-12T13:20:32+00:00\" \/>\n<meta property=\"og:image\" content=\"https:\/\/www.groupesomavrac.com\/wp-content\/uploads\/2023\/09\/Acide-Acetique.png\" \/>\n\t<meta property=\"og:image:width\" content=\"2048\" \/>\n\t<meta property=\"og:image:height\" content=\"2048\" \/>\n\t<meta property=\"og:image:type\" content=\"image\/png\" \/>\n<meta name=\"twitter:card\" content=\"summary_large_image\" \/>\n<meta name=\"twitter:label1\" content=\"Estimation du temps de lecture\" \/>\n\t<meta name=\"twitter:data1\" content=\"3 minutes\" \/>\n<script type=\"application\/ld+json\" class=\"yoast-schema-graph\">{\"@context\":\"https:\/\/schema.org\",\"@graph\":[{\"@type\":\"WebPage\",\"@id\":\"https:\/\/www.groupesomavrac.com\/fr\/nos-produits\/acide-acetique-3\/\",\"url\":\"https:\/\/www.groupesomavrac.com\/fr\/nos-produits\/acide-acetique-3\/\",\"name\":\"Acide ac\u00e9tique - Groupe Somavrac\",\"isPartOf\":{\"@id\":\"https:\/\/www.groupesomavrac.com\/fr\/#website\"},\"primaryImageOfPage\":{\"@id\":\"https:\/\/www.groupesomavrac.com\/fr\/nos-produits\/acide-acetique-3\/#primaryimage\"},\"image\":{\"@id\":\"https:\/\/www.groupesomavrac.com\/fr\/nos-produits\/acide-acetique-3\/#primaryimage\"},\"thumbnailUrl\":\"https:\/\/www.groupesomavrac.com\/wp-content\/uploads\/2023\/09\/Acide-Acetique.png\",\"datePublished\":\"2023-10-06T15:24:52+00:00\",\"dateModified\":\"2024-03-12T13:20:32+00:00\",\"description\":\"L'acide ac\u00e9tique est largement utilis\u00e9 dans les produits de nettoyage en raison de ses propri\u00e9t\u00e9s d\u00e9sinfectantes.\",\"breadcrumb\":{\"@id\":\"https:\/\/www.groupesomavrac.com\/fr\/nos-produits\/acide-acetique-3\/#breadcrumb\"},\"inLanguage\":\"fr-CA\",\"potentialAction\":[{\"@type\":\"ReadAction\",\"target\":[\"https:\/\/www.groupesomavrac.com\/fr\/nos-produits\/acide-acetique-3\/\"]}]},{\"@type\":\"ImageObject\",\"inLanguage\":\"fr-CA\",\"@id\":\"https:\/\/www.groupesomavrac.com\/fr\/nos-produits\/acide-acetique-3\/#primaryimage\",\"url\":\"https:\/\/www.groupesomavrac.com\/wp-content\/uploads\/2023\/09\/Acide-Acetique.png\",\"contentUrl\":\"https:\/\/www.groupesomavrac.com\/wp-content\/uploads\/2023\/09\/Acide-Acetique.png\",\"width\":2048,\"height\":2048},{\"@type\":\"BreadcrumbList\",\"@id\":\"https:\/\/www.groupesomavrac.com\/fr\/nos-produits\/acide-acetique-3\/#breadcrumb\",\"itemListElement\":[{\"@type\":\"ListItem\",\"position\":1,\"name\":\"Nos produits\",\"item\":\"https:\/\/www.groupesomavrac.com\/fr\/nos-produits\/\"},{\"@type\":\"ListItem\",\"position\":2,\"name\":\"Acide ac\u00e9tique\"}]},{\"@type\":\"WebSite\",\"@id\":\"https:\/\/www.groupesomavrac.com\/fr\/#website\",\"url\":\"https:\/\/www.groupesomavrac.com\/fr\/\",\"name\":\"Groupe Somavrac\",\"description\":\"Partenaire de votre cha\u00eene logistique\",\"potentialAction\":[{\"@type\":\"SearchAction\",\"target\":{\"@type\":\"EntryPoint\",\"urlTemplate\":\"https:\/\/www.groupesomavrac.com\/fr\/?s={search_term_string}\"},\"query-input\":{\"@type\":\"PropertyValueSpecification\",\"valueRequired\":true,\"valueName\":\"search_term_string\"}}],\"inLanguage\":\"fr-CA\"}]}<\/script>\n<!-- \/ Yoast SEO plugin. -->","yoast_head_json":{"title":"Acide ac\u00e9tique - Groupe Somavrac","description":"L'acide ac\u00e9tique est largement utilis\u00e9 dans les produits de nettoyage en raison de ses propri\u00e9t\u00e9s d\u00e9sinfectantes.","robots":{"index":"index","follow":"follow","max-snippet":"max-snippet:-1","max-image-preview":"max-image-preview:large","max-video-preview":"max-video-preview:-1"},"canonical":"https:\/\/www.groupesomavrac.com\/fr\/nos-produits\/acide-acetique-3\/","og_locale":"fr_CA","og_type":"article","og_title":"Acide ac\u00e9tique - Groupe Somavrac","og_description":"L'acide ac\u00e9tique est largement utilis\u00e9 dans les produits de nettoyage en raison de ses propri\u00e9t\u00e9s d\u00e9sinfectantes.","og_url":"https:\/\/www.groupesomavrac.com\/fr\/nos-produits\/acide-acetique-3\/","og_site_name":"Groupe Somavrac","article_modified_time":"2024-03-12T13:20:32+00:00","og_image":[{"width":2048,"height":2048,"url":"https:\/\/www.groupesomavrac.com\/wp-content\/uploads\/2023\/09\/Acide-Acetique.png","type":"image\/png"}],"twitter_card":"summary_large_image","twitter_misc":{"Estimation du temps de lecture":"3 minutes"},"schema":{"@context":"https:\/\/schema.org","@graph":[{"@type":"WebPage","@id":"https:\/\/www.groupesomavrac.com\/fr\/nos-produits\/acide-acetique-3\/","url":"https:\/\/www.groupesomavrac.com\/fr\/nos-produits\/acide-acetique-3\/","name":"Acide ac\u00e9tique - Groupe Somavrac","isPartOf":{"@id":"https:\/\/www.groupesomavrac.com\/fr\/#website"},"primaryImageOfPage":{"@id":"https:\/\/www.groupesomavrac.com\/fr\/nos-produits\/acide-acetique-3\/#primaryimage"},"image":{"@id":"https:\/\/www.groupesomavrac.com\/fr\/nos-produits\/acide-acetique-3\/#primaryimage"},"thumbnailUrl":"https:\/\/www.groupesomavrac.com\/wp-content\/uploads\/2023\/09\/Acide-Acetique.png","datePublished":"2023-10-06T15:24:52+00:00","dateModified":"2024-03-12T13:20:32+00:00","description":"L'acide ac\u00e9tique est largement utilis\u00e9 dans les produits de nettoyage en raison de ses propri\u00e9t\u00e9s d\u00e9sinfectantes.","breadcrumb":{"@id":"https:\/\/www.groupesomavrac.com\/fr\/nos-produits\/acide-acetique-3\/#breadcrumb"},"inLanguage":"fr-CA","potentialAction":[{"@type":"ReadAction","target":["https:\/\/www.groupesomavrac.com\/fr\/nos-produits\/acide-acetique-3\/"]}]},{"@type":"ImageObject","inLanguage":"fr-CA","@id":"https:\/\/www.groupesomavrac.com\/fr\/nos-produits\/acide-acetique-3\/#primaryimage","url":"https:\/\/www.groupesomavrac.com\/wp-content\/uploads\/2023\/09\/Acide-Acetique.png","contentUrl":"https:\/\/www.groupesomavrac.com\/wp-content\/uploads\/2023\/09\/Acide-Acetique.png","width":2048,"height":2048},{"@type":"BreadcrumbList","@id":"https:\/\/www.groupesomavrac.com\/fr\/nos-produits\/acide-acetique-3\/#breadcrumb","itemListElement":[{"@type":"ListItem","position":1,"name":"Nos produits","item":"https:\/\/www.groupesomavrac.com\/fr\/nos-produits\/"},{"@type":"ListItem","position":2,"name":"Acide ac\u00e9tique"}]},{"@type":"WebSite","@id":"https:\/\/www.groupesomavrac.com\/fr\/#website","url":"https:\/\/www.groupesomavrac.com\/fr\/","name":"Groupe Somavrac","description":"Partenaire de votre cha\u00eene logistique","potentialAction":[{"@type":"SearchAction","target":{"@type":"EntryPoint","urlTemplate":"https:\/\/www.groupesomavrac.com\/fr\/?s={search_term_string}"},"query-input":{"@type":"PropertyValueSpecification","valueRequired":true,"valueName":"search_term_string"}}],"inLanguage":"fr-CA"}]}},"_links":{"self":[{"href":"https:\/\/www.groupesomavrac.com\/fr\/wp-json\/wp\/v2\/product\/19179","targetHints":{"allow":["GET"]}}],"collection":[{"href":"https:\/\/www.groupesomavrac.com\/fr\/wp-json\/wp\/v2\/product"}],"about":[{"href":"https:\/\/www.groupesomavrac.com\/fr\/wp-json\/wp\/v2\/types\/product"}],"version-history":[{"count":8,"href":"https:\/\/www.groupesomavrac.com\/fr\/wp-json\/wp\/v2\/product\/19179\/revisions"}],"predecessor-version":[{"id":21398,"href":"https:\/\/www.groupesomavrac.com\/fr\/wp-json\/wp\/v2\/product\/19179\/revisions\/21398"}],"wp:featuredmedia":[{"embeddable":true,"href":"https:\/\/www.groupesomavrac.com\/fr\/wp-json\/wp\/v2\/media\/19007"}],"wp:attachment":[{"href":"https:\/\/www.groupesomavrac.com\/fr\/wp-json\/wp\/v2\/media?parent=19179"}],"wp:term":[{"taxonomy":"product_brand","embeddable":true,"href":"https:\/\/www.groupesomavrac.com\/fr\/wp-json\/wp\/v2\/product_brand?post=19179"},{"taxonomy":"product_cat","embeddable":true,"href":"https:\/\/www.groupesomavrac.com\/fr\/wp-json\/wp\/v2\/product_cat?post=19179"},{"taxonomy":"product_tag","embeddable":true,"href":"https:\/\/www.groupesomavrac.com\/fr\/wp-json\/wp\/v2\/product_tag?post=19179"}],"curies":[{"name":"wp","href":"https:\/\/api.w.org\/{rel}","templated":true}]}}