{"id":20477,"date":"2023-12-07T13:57:24","date_gmt":"2023-12-07T18:57:24","guid":{"rendered":"https:\/\/www.groupesomavrac.com\/?post_type=product&#038;p=20477"},"modified":"2024-03-12T09:24:27","modified_gmt":"2024-03-12T13:24:27","slug":"acide-citrique","status":"publish","type":"product","link":"https:\/\/www.groupesomavrac.com\/fr\/nos-produits\/acide-citrique\/","title":{"rendered":"Acide Citrique"},"content":{"rendered":"<h1>ACIDE CITRIQUE<\/h1>\n<p>&nbsp;<\/p>\n<p>L&rsquo;acide citrique est un acide organique naturel faible de formule C6H8O7. Il est obtenu \u00e0 partir de la fermentation de solutions sucr\u00e9es naturelles comme le jus de citron par exemple. Il a de multiples utilisations : additif alimentaire, acidifiant pour boissons, d\u00e9tartrant, r\u00e9gulateur de PH, antirouille, plastifiant, etc.<\/p>\n<p>L\u2019acide citrique peut \u00eatre utilis\u00e9 dans divers domaines, tels que l\u2019industrie des boissons, l\u2019industrie alimentaire, l\u2019industrie du nettoyage etc.<\/p>\n<h2>Produits disponibles<\/h2>\n<ul>\n<li>Acide citrique 50%<\/li>\n<\/ul>\n<h2>Formats disponibles<\/h2>\n<ul>\n<li>Caisse de 4 x 4 L<\/li>\n<li>20 L<\/li>\n<\/ul>\n<p><img fetchpriority=\"high\" decoding=\"async\" class=\"alignnone  wp-image-21406\" src=\"https:\/\/www.groupesomavrac.com\/wp-content\/uploads\/2023\/12\/378-L-20-L-1-300x90.png\" alt=\"\" width=\"530\" height=\"159\" srcset=\"https:\/\/www.groupesomavrac.com\/wp-content\/uploads\/2023\/12\/378-L-20-L-1-300x90.png 300w, https:\/\/www.groupesomavrac.com\/wp-content\/uploads\/2023\/12\/378-L-20-L-1-1024x307.png 1024w, https:\/\/www.groupesomavrac.com\/wp-content\/uploads\/2023\/12\/378-L-20-L-1-768x230.png 768w, https:\/\/www.groupesomavrac.com\/wp-content\/uploads\/2023\/12\/378-L-20-L-1-1536x461.png 1536w, https:\/\/www.groupesomavrac.com\/wp-content\/uploads\/2023\/12\/378-L-20-L-1-600x180.png 600w, https:\/\/www.groupesomavrac.com\/wp-content\/uploads\/2023\/12\/378-L-20-L-1.png 1800w\" sizes=\"(max-width: 530px) 100vw, 530px\" \/><\/p>\n<p>Il est important de noter que l\u2019acide citrique fait partie des acides les plus fort. L&rsquo;acide citrique est \u00e9galement utilis\u00e9 dans la production d&rsquo;algicides, d&rsquo;aliments pour animaux et d&rsquo;engrais. Il favorise la photosynth\u00e8se, il assure une croissance plus rapide des plantes.<\/p>\n<h2>Applications et utilisation<\/h2>\n<ul>\n<li>Produits de nettoyage<\/li>\n<li>Conservateur<\/li>\n<li>Traitement des textiles<\/li>\n<li>Produits pharmaceutiques<\/li>\n<li>Produits cosm\u00e9tiques<\/li>\n<li>Savon et d\u00e9tergent<\/li>\n<li>Agro-alimentaire<\/li>\n<li>Nettoyant et d\u00e9tartrant<\/li>\n<\/ul>\n<h2>Faites de JBF votre distributeur d&rsquo;acide citrique<\/h2>\n<ul>\n<li>R\u00e9seau de fournisseurs de classe internationale offrant une stabilit\u00e9 d\u2019approvisionnement in\u00e9gal\u00e9e et une qualit\u00e9 irr\u00e9prochable. Nous nous engageons \u00e0 vous offrir les produits dont vous avez besoin, quand vous en avez besoin.<\/li>\n<li>Flotte de camions de livraison modernes, avec conducteurs d\u00e9di\u00e9s, couvrant toutes les r\u00e9gions du Qu\u00e9bec et de l\u2019Est de l\u2019Ontario. Nous avons mis en place un r\u00e9seau logistique efficace pour assurer des livraisons rapides, quel que soit votre emplacement et peu importe la quantit\u00e9 command\u00e9e.<\/li>\n<li>Soutenue par la force du Groupe Somavrac, une entreprise sp\u00e9cialis\u00e9e dans la manutention et la distribution de produits chimiques depuis plus de 60 ans, notre \u00e9quipe professionnelle est \u00e0 votre service. Nous avons b\u00e2ti notre r\u00e9putation sur l\u2019excellence de notre expertise et notre engagement envers la satisfaction de nos clients.<\/li>\n<\/ul>\n","protected":false},"excerpt":{"rendered":"<p>ACIDE CITRIQUE &nbsp; L&rsquo;acide citrique est un acide organique naturel faible de formule C6H8O7. Il est obtenu \u00e0 partir de la fermentation de solutions sucr\u00e9es naturelles comme le jus de citron par exemple. Il a de multiples utilisations : additif alimentaire, acidifiant pour boissons, d\u00e9tartrant, r\u00e9gulateur de PH, antirouille, plastifiant, etc. L\u2019acide citrique peut \u00eatre [&hellip;]<\/p>\n","protected":false},"featured_media":20483,"template":"","meta":{"_acf_changed":false,"inline_featured_image":false},"product_brand":[],"product_cat":[302],"product_tag":[],"class_list":{"0":"post-20477","1":"product","2":"type-product","3":"status-publish","4":"has-post-thumbnail","6":"product_cat-jbf","8":"first","9":"instock","10":"shipping-taxable","11":"product-type-simple"},"acf":[],"yoast_head":"<!-- This site is optimized with the Yoast SEO plugin v27.5 - https:\/\/yoast.com\/product\/yoast-seo-wordpress\/ -->\n<title>Acide Citrique - Groupe Somavrac<\/title>\n<meta name=\"robots\" content=\"index, follow, max-snippet:-1, max-image-preview:large, max-video-preview:-1\" \/>\n<link rel=\"canonical\" href=\"https:\/\/www.groupesomavrac.com\/fr\/nos-produits\/acide-citrique\/\" \/>\n<meta property=\"og:locale\" content=\"fr_CA\" \/>\n<meta property=\"og:type\" content=\"article\" \/>\n<meta property=\"og:title\" content=\"Acide Citrique - Groupe Somavrac\" \/>\n<meta property=\"og:description\" content=\"ACIDE CITRIQUE &nbsp; L&rsquo;acide citrique est un acide organique naturel faible de formule C6H8O7. Il est obtenu \u00e0 partir de la fermentation de solutions sucr\u00e9es naturelles comme le jus de citron par exemple. Il a de multiples utilisations : additif alimentaire, acidifiant pour boissons, d\u00e9tartrant, r\u00e9gulateur de PH, antirouille, plastifiant, etc. L\u2019acide citrique peut \u00eatre [&hellip;]\" \/>\n<meta property=\"og:url\" content=\"https:\/\/www.groupesomavrac.com\/fr\/nos-produits\/acide-citrique\/\" \/>\n<meta property=\"og:site_name\" content=\"Groupe Somavrac\" \/>\n<meta property=\"article:modified_time\" content=\"2024-03-12T13:24:27+00:00\" \/>\n<meta property=\"og:image\" content=\"https:\/\/www.groupesomavrac.com\/wp-content\/uploads\/2023\/12\/Acide-citrique-1.png\" \/>\n\t<meta property=\"og:image:width\" content=\"2048\" \/>\n\t<meta property=\"og:image:height\" content=\"2048\" \/>\n\t<meta property=\"og:image:type\" content=\"image\/png\" \/>\n<meta name=\"twitter:card\" content=\"summary_large_image\" \/>\n<meta name=\"twitter:label1\" content=\"Estimation du temps de lecture\" \/>\n\t<meta name=\"twitter:data1\" content=\"2 minutes\" \/>\n<script type=\"application\/ld+json\" class=\"yoast-schema-graph\">{\"@context\":\"https:\\\/\\\/schema.org\",\"@graph\":[{\"@type\":\"WebPage\",\"@id\":\"https:\\\/\\\/www.groupesomavrac.com\\\/fr\\\/nos-produits\\\/acide-citrique\\\/\",\"url\":\"https:\\\/\\\/www.groupesomavrac.com\\\/fr\\\/nos-produits\\\/acide-citrique\\\/\",\"name\":\"Acide Citrique - Groupe Somavrac\",\"isPartOf\":{\"@id\":\"https:\\\/\\\/www.groupesomavrac.com\\\/fr\\\/#website\"},\"primaryImageOfPage\":{\"@id\":\"https:\\\/\\\/www.groupesomavrac.com\\\/fr\\\/nos-produits\\\/acide-citrique\\\/#primaryimage\"},\"image\":{\"@id\":\"https:\\\/\\\/www.groupesomavrac.com\\\/fr\\\/nos-produits\\\/acide-citrique\\\/#primaryimage\"},\"thumbnailUrl\":\"https:\\\/\\\/www.groupesomavrac.com\\\/wp-content\\\/uploads\\\/2023\\\/12\\\/Acide-citrique-1.png\",\"datePublished\":\"2023-12-07T18:57:24+00:00\",\"dateModified\":\"2024-03-12T13:24:27+00:00\",\"breadcrumb\":{\"@id\":\"https:\\\/\\\/www.groupesomavrac.com\\\/fr\\\/nos-produits\\\/acide-citrique\\\/#breadcrumb\"},\"inLanguage\":\"fr-CA\",\"potentialAction\":[{\"@type\":\"ReadAction\",\"target\":[\"https:\\\/\\\/www.groupesomavrac.com\\\/fr\\\/nos-produits\\\/acide-citrique\\\/\"]}]},{\"@type\":\"ImageObject\",\"inLanguage\":\"fr-CA\",\"@id\":\"https:\\\/\\\/www.groupesomavrac.com\\\/fr\\\/nos-produits\\\/acide-citrique\\\/#primaryimage\",\"url\":\"https:\\\/\\\/www.groupesomavrac.com\\\/wp-content\\\/uploads\\\/2023\\\/12\\\/Acide-citrique-1.png\",\"contentUrl\":\"https:\\\/\\\/www.groupesomavrac.com\\\/wp-content\\\/uploads\\\/2023\\\/12\\\/Acide-citrique-1.png\",\"width\":2048,\"height\":2048},{\"@type\":\"BreadcrumbList\",\"@id\":\"https:\\\/\\\/www.groupesomavrac.com\\\/fr\\\/nos-produits\\\/acide-citrique\\\/#breadcrumb\",\"itemListElement\":[{\"@type\":\"ListItem\",\"position\":1,\"name\":\"Nos produits\",\"item\":\"https:\\\/\\\/www.groupesomavrac.com\\\/fr\\\/nos-produits\\\/\"},{\"@type\":\"ListItem\",\"position\":2,\"name\":\"Acide Citrique\"}]},{\"@type\":\"WebSite\",\"@id\":\"https:\\\/\\\/www.groupesomavrac.com\\\/fr\\\/#website\",\"url\":\"https:\\\/\\\/www.groupesomavrac.com\\\/fr\\\/\",\"name\":\"Groupe Somavrac\",\"description\":\"Partenaire de votre cha\u00eene logistique\",\"potentialAction\":[{\"@type\":\"SearchAction\",\"target\":{\"@type\":\"EntryPoint\",\"urlTemplate\":\"https:\\\/\\\/www.groupesomavrac.com\\\/fr\\\/?s={search_term_string}\"},\"query-input\":{\"@type\":\"PropertyValueSpecification\",\"valueRequired\":true,\"valueName\":\"search_term_string\"}}],\"inLanguage\":\"fr-CA\"}]}<\/script>\n<!-- \/ Yoast SEO plugin. -->","yoast_head_json":{"title":"Acide Citrique - Groupe Somavrac","robots":{"index":"index","follow":"follow","max-snippet":"max-snippet:-1","max-image-preview":"max-image-preview:large","max-video-preview":"max-video-preview:-1"},"canonical":"https:\/\/www.groupesomavrac.com\/fr\/nos-produits\/acide-citrique\/","og_locale":"fr_CA","og_type":"article","og_title":"Acide Citrique - Groupe Somavrac","og_description":"ACIDE CITRIQUE &nbsp; L&rsquo;acide citrique est un acide organique naturel faible de formule C6H8O7. Il est obtenu \u00e0 partir de la fermentation de solutions sucr\u00e9es naturelles comme le jus de citron par exemple. Il a de multiples utilisations : additif alimentaire, acidifiant pour boissons, d\u00e9tartrant, r\u00e9gulateur de PH, antirouille, plastifiant, etc. L\u2019acide citrique peut \u00eatre [&hellip;]","og_url":"https:\/\/www.groupesomavrac.com\/fr\/nos-produits\/acide-citrique\/","og_site_name":"Groupe Somavrac","article_modified_time":"2024-03-12T13:24:27+00:00","og_image":[{"width":2048,"height":2048,"url":"https:\/\/www.groupesomavrac.com\/wp-content\/uploads\/2023\/12\/Acide-citrique-1.png","type":"image\/png"}],"twitter_card":"summary_large_image","twitter_misc":{"Estimation du temps de lecture":"2 minutes"},"schema":{"@context":"https:\/\/schema.org","@graph":[{"@type":"WebPage","@id":"https:\/\/www.groupesomavrac.com\/fr\/nos-produits\/acide-citrique\/","url":"https:\/\/www.groupesomavrac.com\/fr\/nos-produits\/acide-citrique\/","name":"Acide Citrique - Groupe Somavrac","isPartOf":{"@id":"https:\/\/www.groupesomavrac.com\/fr\/#website"},"primaryImageOfPage":{"@id":"https:\/\/www.groupesomavrac.com\/fr\/nos-produits\/acide-citrique\/#primaryimage"},"image":{"@id":"https:\/\/www.groupesomavrac.com\/fr\/nos-produits\/acide-citrique\/#primaryimage"},"thumbnailUrl":"https:\/\/www.groupesomavrac.com\/wp-content\/uploads\/2023\/12\/Acide-citrique-1.png","datePublished":"2023-12-07T18:57:24+00:00","dateModified":"2024-03-12T13:24:27+00:00","breadcrumb":{"@id":"https:\/\/www.groupesomavrac.com\/fr\/nos-produits\/acide-citrique\/#breadcrumb"},"inLanguage":"fr-CA","potentialAction":[{"@type":"ReadAction","target":["https:\/\/www.groupesomavrac.com\/fr\/nos-produits\/acide-citrique\/"]}]},{"@type":"ImageObject","inLanguage":"fr-CA","@id":"https:\/\/www.groupesomavrac.com\/fr\/nos-produits\/acide-citrique\/#primaryimage","url":"https:\/\/www.groupesomavrac.com\/wp-content\/uploads\/2023\/12\/Acide-citrique-1.png","contentUrl":"https:\/\/www.groupesomavrac.com\/wp-content\/uploads\/2023\/12\/Acide-citrique-1.png","width":2048,"height":2048},{"@type":"BreadcrumbList","@id":"https:\/\/www.groupesomavrac.com\/fr\/nos-produits\/acide-citrique\/#breadcrumb","itemListElement":[{"@type":"ListItem","position":1,"name":"Nos produits","item":"https:\/\/www.groupesomavrac.com\/fr\/nos-produits\/"},{"@type":"ListItem","position":2,"name":"Acide Citrique"}]},{"@type":"WebSite","@id":"https:\/\/www.groupesomavrac.com\/fr\/#website","url":"https:\/\/www.groupesomavrac.com\/fr\/","name":"Groupe Somavrac","description":"Partenaire de votre cha\u00eene logistique","potentialAction":[{"@type":"SearchAction","target":{"@type":"EntryPoint","urlTemplate":"https:\/\/www.groupesomavrac.com\/fr\/?s={search_term_string}"},"query-input":{"@type":"PropertyValueSpecification","valueRequired":true,"valueName":"search_term_string"}}],"inLanguage":"fr-CA"}]}},"_links":{"self":[{"href":"https:\/\/www.groupesomavrac.com\/fr\/wp-json\/wp\/v2\/product\/20477","targetHints":{"allow":["GET"]}}],"collection":[{"href":"https:\/\/www.groupesomavrac.com\/fr\/wp-json\/wp\/v2\/product"}],"about":[{"href":"https:\/\/www.groupesomavrac.com\/fr\/wp-json\/wp\/v2\/types\/product"}],"version-history":[{"count":6,"href":"https:\/\/www.groupesomavrac.com\/fr\/wp-json\/wp\/v2\/product\/20477\/revisions"}],"predecessor-version":[{"id":20518,"href":"https:\/\/www.groupesomavrac.com\/fr\/wp-json\/wp\/v2\/product\/20477\/revisions\/20518"}],"wp:featuredmedia":[{"embeddable":true,"href":"https:\/\/www.groupesomavrac.com\/fr\/wp-json\/wp\/v2\/media\/20483"}],"wp:attachment":[{"href":"https:\/\/www.groupesomavrac.com\/fr\/wp-json\/wp\/v2\/media?parent=20477"}],"wp:term":[{"taxonomy":"product_brand","embeddable":true,"href":"https:\/\/www.groupesomavrac.com\/fr\/wp-json\/wp\/v2\/product_brand?post=20477"},{"taxonomy":"product_cat","embeddable":true,"href":"https:\/\/www.groupesomavrac.com\/fr\/wp-json\/wp\/v2\/product_cat?post=20477"},{"taxonomy":"product_tag","embeddable":true,"href":"https:\/\/www.groupesomavrac.com\/fr\/wp-json\/wp\/v2\/product_tag?post=20477"}],"curies":[{"name":"wp","href":"https:\/\/api.w.org\/{rel}","templated":true}]}}