{"id":20633,"date":"2023-12-27T10:23:03","date_gmt":"2023-12-27T15:23:03","guid":{"rendered":"https:\/\/www.groupesomavrac.com\/?post_type=product&#038;p=20633"},"modified":"2024-03-12T09:23:26","modified_gmt":"2024-03-12T13:23:26","slug":"soude-caustique","status":"publish","type":"product","link":"https:\/\/www.groupesomavrac.com\/fr\/nos-produits\/soude-caustique\/","title":{"rendered":"Soude Caustique"},"content":{"rendered":"<h1>SOUDE CAUSTIQUE<\/h1>\n<p>&nbsp;<\/p>\n<p>L\u2019HYDROXYDE DE SODIUM dit SOUDE CAUSTIQUE est un produit \u00e0 base d\u2019une solution de chlorure de sodium \u00ab\u00a0NaCI\u00a0\u00bb qui devient du NaOH. Les solutions d\u2019hydroxyde de sodium sont incolores et tr\u00e8s alcalin.<\/p>\n<p>C\u2019est un liquide transparent tr\u00e8s soluble d\u2019aspect plus ou moins visqueux suivante sa concentration.<\/p>\n<p>L&rsquo;hydroxyde de sodium est souvent employ\u00e9 dans l&rsquo;industrie chimique, pour contr\u00f4ler un milieu alcalin ou r\u00e9guler l&rsquo;acidit\u00e9 d&rsquo;un proc\u00e9d\u00e9.<\/p>\n<p>Il est utilis\u00e9 dans la fabrication des\u00a0<a href=\"https:\/\/www.futura-sciences.com\/magazines\/environnement\/infos\/dossiers\/d\/developpement-durable-fabrication-livre-son-impact-ecologique-1335\/page\/4\/\">p\u00e2tes \u00e0 papier<\/a>, dans le traitement des fibres naturelles, le traitement de l\u2019eau ou encore \u00e0 l&rsquo;industrie p\u00e9troli\u00e8re. Il est par ailleurs le principal agent des d\u00e9boucheurs de\u00a0<u><a href=\"https:\/\/www.futura-sciences.com\/maison\/definitions\/maison-canalisation-10562\/\">canalisations<\/a><\/u>.<\/p>\n<h2>Produits disponibles<\/h2>\n<ul>\n<li>Hydroxyde de sodium 50%<\/li>\n<\/ul>\n<h2>Formats disponibles<\/h2>\n<ul>\n<li>20 L<\/li>\n<li>205 L<\/li>\n<\/ul>\n<p><img fetchpriority=\"high\" decoding=\"async\" class=\"alignnone  wp-image-21401\" src=\"https:\/\/www.groupesomavrac.com\/wp-content\/uploads\/2023\/12\/20-L-205-1-300x90.png\" alt=\"\" width=\"530\" height=\"159\" srcset=\"https:\/\/www.groupesomavrac.com\/wp-content\/uploads\/2023\/12\/20-L-205-1-300x90.png 300w, https:\/\/www.groupesomavrac.com\/wp-content\/uploads\/2023\/12\/20-L-205-1-1024x307.png 1024w, https:\/\/www.groupesomavrac.com\/wp-content\/uploads\/2023\/12\/20-L-205-1-768x230.png 768w, https:\/\/www.groupesomavrac.com\/wp-content\/uploads\/2023\/12\/20-L-205-1-1536x461.png 1536w, https:\/\/www.groupesomavrac.com\/wp-content\/uploads\/2023\/12\/20-L-205-1-600x180.png 600w, https:\/\/www.groupesomavrac.com\/wp-content\/uploads\/2023\/12\/20-L-205-1.png 1800w\" sizes=\"(max-width: 530px) 100vw, 530px\" \/><\/p>\n<h2>Applications et utilisation<\/h2>\n<ul>\n<li>Utilis\u00e9 pour la production d&rsquo;aluminium dans les industries sid\u00e9rurgique et m\u00e9tallurgique<\/li>\n<li>Production de papier<\/li>\n<li>Raffinage du p\u00e9trole brut, des huiles min\u00e9rales dans l&rsquo;industrie p\u00e9trochimique<\/li>\n<li>Dans l&rsquo;industrie cosm\u00e9tique &#8211; production de savon dur (sodium), d\u00e9tergents \u00e0 lessive, masques exfoliants<\/li>\n<li>Nettoyage industriel<\/li>\n<li>Composant de plusieurs plastifiants dans l&rsquo;industrie de la construction<\/li>\n<li>R\u00e9gulation du pH dans les processus de traitement de l&rsquo;eau<\/li>\n<li>Mati\u00e8re premi\u00e8re dans la fabrication de pigments et de colorants pour peintures<\/li>\n<li>Industries pharmaceutiques et chimiques<\/li>\n<li>La lutte contre les maladies et la protection des plantes dans la culture fruiti\u00e8re<\/li>\n<\/ul>\n<h2>Faites de JBF votre distributeur de soude caustique<\/h2>\n<ul>\n<li>R\u00e9seau de fournisseurs de classe internationale offrant une stabilit\u00e9 d\u2019approvisionnement in\u00e9gal\u00e9e et une qualit\u00e9 irr\u00e9prochable. Nous nous engageons \u00e0 vous offrir les produits dont vous avez besoin, quand vous en avez besoin.<\/li>\n<li>Flotte de camions de livraison modernes, avec conducteurs d\u00e9di\u00e9s, couvrant toutes les r\u00e9gions du Qu\u00e9bec et de l\u2019Est de l\u2019Ontario. Nous avons mis en place un r\u00e9seau logistique efficace pour assurer des livraisons rapides, quel que soit votre emplacement et peu importe la quantit\u00e9 command\u00e9e.<\/li>\n<li>Soutenue par la force du Groupe Somavrac, une entreprise sp\u00e9cialis\u00e9e dans la manutention et la distribution de produits chimiques depuis plus de 60 ans, notre \u00e9quipe professionnelle est \u00e0 votre service. Nous avons b\u00e2ti notre r\u00e9putation sur l\u2019excellence de notre expertise et notre engagement envers la satisfaction de nos clients.<\/li>\n<\/ul>\n","protected":false},"excerpt":{"rendered":"<p>SOUDE CAUSTIQUE &nbsp; L\u2019HYDROXYDE DE SODIUM dit SOUDE CAUSTIQUE est un produit \u00e0 base d\u2019une solution de chlorure de sodium \u00ab\u00a0NaCI\u00a0\u00bb qui devient du NaOH. Les solutions d\u2019hydroxyde de sodium sont incolores et tr\u00e8s alcalin. C\u2019est un liquide transparent tr\u00e8s soluble d\u2019aspect plus ou moins visqueux suivante sa concentration. L&rsquo;hydroxyde de sodium est souvent employ\u00e9 [&hellip;]<\/p>\n","protected":false},"featured_media":20634,"template":"","meta":{"_acf_changed":false,"inline_featured_image":false},"product_brand":[],"product_cat":[302],"product_tag":[],"class_list":{"0":"post-20633","1":"product","2":"type-product","3":"status-publish","4":"has-post-thumbnail","6":"product_cat-jbf","8":"first","9":"instock","10":"shipping-taxable","11":"product-type-simple"},"acf":[],"yoast_head":"<!-- This site is optimized with the Yoast SEO plugin v26.9 - https:\/\/yoast.com\/product\/yoast-seo-wordpress\/ -->\n<title>Soude Caustique - Groupe Somavrac<\/title>\n<meta name=\"description\" content=\"L&#039;hydroxyde de sodium (Soude caustique) est souvent employ\u00e9 dans l&#039;industrie chimique, pour contr\u00f4ler un milieu alcalin ou r\u00e9guler l&#039;acidit\u00e9 d&#039;un proc\u00e9d\u00e9\" \/>\n<meta name=\"robots\" content=\"index, follow, max-snippet:-1, max-image-preview:large, max-video-preview:-1\" \/>\n<link rel=\"canonical\" href=\"https:\/\/www.groupesomavrac.com\/fr\/nos-produits\/soude-caustique\/\" \/>\n<meta property=\"og:locale\" content=\"fr_CA\" \/>\n<meta property=\"og:type\" content=\"article\" \/>\n<meta property=\"og:title\" content=\"Soude Caustique - Groupe Somavrac\" \/>\n<meta property=\"og:description\" content=\"L&#039;hydroxyde de sodium (Soude caustique) est souvent employ\u00e9 dans l&#039;industrie chimique, pour contr\u00f4ler un milieu alcalin ou r\u00e9guler l&#039;acidit\u00e9 d&#039;un proc\u00e9d\u00e9\" \/>\n<meta property=\"og:url\" content=\"https:\/\/www.groupesomavrac.com\/fr\/nos-produits\/soude-caustique\/\" \/>\n<meta property=\"og:site_name\" content=\"Groupe Somavrac\" \/>\n<meta property=\"article:modified_time\" content=\"2024-03-12T13:23:26+00:00\" \/>\n<meta property=\"og:image\" content=\"https:\/\/www.groupesomavrac.com\/wp-content\/uploads\/2023\/12\/Soude-caustique.png\" \/>\n\t<meta property=\"og:image:width\" content=\"2048\" \/>\n\t<meta property=\"og:image:height\" content=\"2048\" \/>\n\t<meta property=\"og:image:type\" content=\"image\/png\" \/>\n<meta name=\"twitter:card\" content=\"summary_large_image\" \/>\n<meta name=\"twitter:label1\" content=\"Estimation du temps de lecture\" \/>\n\t<meta name=\"twitter:data1\" content=\"3 minutes\" \/>\n<script type=\"application\/ld+json\" class=\"yoast-schema-graph\">{\"@context\":\"https:\/\/schema.org\",\"@graph\":[{\"@type\":\"WebPage\",\"@id\":\"https:\/\/www.groupesomavrac.com\/fr\/nos-produits\/soude-caustique\/\",\"url\":\"https:\/\/www.groupesomavrac.com\/fr\/nos-produits\/soude-caustique\/\",\"name\":\"Soude Caustique - Groupe Somavrac\",\"isPartOf\":{\"@id\":\"https:\/\/www.groupesomavrac.com\/fr\/#website\"},\"primaryImageOfPage\":{\"@id\":\"https:\/\/www.groupesomavrac.com\/fr\/nos-produits\/soude-caustique\/#primaryimage\"},\"image\":{\"@id\":\"https:\/\/www.groupesomavrac.com\/fr\/nos-produits\/soude-caustique\/#primaryimage\"},\"thumbnailUrl\":\"https:\/\/www.groupesomavrac.com\/wp-content\/uploads\/2023\/12\/Soude-caustique.png\",\"datePublished\":\"2023-12-27T15:23:03+00:00\",\"dateModified\":\"2024-03-12T13:23:26+00:00\",\"description\":\"L'hydroxyde de sodium (Soude caustique) est souvent employ\u00e9 dans l'industrie chimique, pour contr\u00f4ler un milieu alcalin ou r\u00e9guler l'acidit\u00e9 d'un proc\u00e9d\u00e9\",\"breadcrumb\":{\"@id\":\"https:\/\/www.groupesomavrac.com\/fr\/nos-produits\/soude-caustique\/#breadcrumb\"},\"inLanguage\":\"fr-CA\",\"potentialAction\":[{\"@type\":\"ReadAction\",\"target\":[\"https:\/\/www.groupesomavrac.com\/fr\/nos-produits\/soude-caustique\/\"]}]},{\"@type\":\"ImageObject\",\"inLanguage\":\"fr-CA\",\"@id\":\"https:\/\/www.groupesomavrac.com\/fr\/nos-produits\/soude-caustique\/#primaryimage\",\"url\":\"https:\/\/www.groupesomavrac.com\/wp-content\/uploads\/2023\/12\/Soude-caustique.png\",\"contentUrl\":\"https:\/\/www.groupesomavrac.com\/wp-content\/uploads\/2023\/12\/Soude-caustique.png\",\"width\":2048,\"height\":2048},{\"@type\":\"BreadcrumbList\",\"@id\":\"https:\/\/www.groupesomavrac.com\/fr\/nos-produits\/soude-caustique\/#breadcrumb\",\"itemListElement\":[{\"@type\":\"ListItem\",\"position\":1,\"name\":\"Nos produits\",\"item\":\"https:\/\/www.groupesomavrac.com\/fr\/nos-produits\/\"},{\"@type\":\"ListItem\",\"position\":2,\"name\":\"Soude Caustique\"}]},{\"@type\":\"WebSite\",\"@id\":\"https:\/\/www.groupesomavrac.com\/fr\/#website\",\"url\":\"https:\/\/www.groupesomavrac.com\/fr\/\",\"name\":\"Groupe Somavrac\",\"description\":\"Partenaire de votre cha\u00eene logistique\",\"potentialAction\":[{\"@type\":\"SearchAction\",\"target\":{\"@type\":\"EntryPoint\",\"urlTemplate\":\"https:\/\/www.groupesomavrac.com\/fr\/?s={search_term_string}\"},\"query-input\":{\"@type\":\"PropertyValueSpecification\",\"valueRequired\":true,\"valueName\":\"search_term_string\"}}],\"inLanguage\":\"fr-CA\"}]}<\/script>\n<!-- \/ Yoast SEO plugin. -->","yoast_head_json":{"title":"Soude Caustique - Groupe Somavrac","description":"L'hydroxyde de sodium (Soude caustique) est souvent employ\u00e9 dans l'industrie chimique, pour contr\u00f4ler un milieu alcalin ou r\u00e9guler l'acidit\u00e9 d'un proc\u00e9d\u00e9","robots":{"index":"index","follow":"follow","max-snippet":"max-snippet:-1","max-image-preview":"max-image-preview:large","max-video-preview":"max-video-preview:-1"},"canonical":"https:\/\/www.groupesomavrac.com\/fr\/nos-produits\/soude-caustique\/","og_locale":"fr_CA","og_type":"article","og_title":"Soude Caustique - Groupe Somavrac","og_description":"L'hydroxyde de sodium (Soude caustique) est souvent employ\u00e9 dans l'industrie chimique, pour contr\u00f4ler un milieu alcalin ou r\u00e9guler l'acidit\u00e9 d'un proc\u00e9d\u00e9","og_url":"https:\/\/www.groupesomavrac.com\/fr\/nos-produits\/soude-caustique\/","og_site_name":"Groupe Somavrac","article_modified_time":"2024-03-12T13:23:26+00:00","og_image":[{"width":2048,"height":2048,"url":"https:\/\/www.groupesomavrac.com\/wp-content\/uploads\/2023\/12\/Soude-caustique.png","type":"image\/png"}],"twitter_card":"summary_large_image","twitter_misc":{"Estimation du temps de lecture":"3 minutes"},"schema":{"@context":"https:\/\/schema.org","@graph":[{"@type":"WebPage","@id":"https:\/\/www.groupesomavrac.com\/fr\/nos-produits\/soude-caustique\/","url":"https:\/\/www.groupesomavrac.com\/fr\/nos-produits\/soude-caustique\/","name":"Soude Caustique - Groupe Somavrac","isPartOf":{"@id":"https:\/\/www.groupesomavrac.com\/fr\/#website"},"primaryImageOfPage":{"@id":"https:\/\/www.groupesomavrac.com\/fr\/nos-produits\/soude-caustique\/#primaryimage"},"image":{"@id":"https:\/\/www.groupesomavrac.com\/fr\/nos-produits\/soude-caustique\/#primaryimage"},"thumbnailUrl":"https:\/\/www.groupesomavrac.com\/wp-content\/uploads\/2023\/12\/Soude-caustique.png","datePublished":"2023-12-27T15:23:03+00:00","dateModified":"2024-03-12T13:23:26+00:00","description":"L'hydroxyde de sodium (Soude caustique) est souvent employ\u00e9 dans l'industrie chimique, pour contr\u00f4ler un milieu alcalin ou r\u00e9guler l'acidit\u00e9 d'un proc\u00e9d\u00e9","breadcrumb":{"@id":"https:\/\/www.groupesomavrac.com\/fr\/nos-produits\/soude-caustique\/#breadcrumb"},"inLanguage":"fr-CA","potentialAction":[{"@type":"ReadAction","target":["https:\/\/www.groupesomavrac.com\/fr\/nos-produits\/soude-caustique\/"]}]},{"@type":"ImageObject","inLanguage":"fr-CA","@id":"https:\/\/www.groupesomavrac.com\/fr\/nos-produits\/soude-caustique\/#primaryimage","url":"https:\/\/www.groupesomavrac.com\/wp-content\/uploads\/2023\/12\/Soude-caustique.png","contentUrl":"https:\/\/www.groupesomavrac.com\/wp-content\/uploads\/2023\/12\/Soude-caustique.png","width":2048,"height":2048},{"@type":"BreadcrumbList","@id":"https:\/\/www.groupesomavrac.com\/fr\/nos-produits\/soude-caustique\/#breadcrumb","itemListElement":[{"@type":"ListItem","position":1,"name":"Nos produits","item":"https:\/\/www.groupesomavrac.com\/fr\/nos-produits\/"},{"@type":"ListItem","position":2,"name":"Soude Caustique"}]},{"@type":"WebSite","@id":"https:\/\/www.groupesomavrac.com\/fr\/#website","url":"https:\/\/www.groupesomavrac.com\/fr\/","name":"Groupe Somavrac","description":"Partenaire de votre cha\u00eene logistique","potentialAction":[{"@type":"SearchAction","target":{"@type":"EntryPoint","urlTemplate":"https:\/\/www.groupesomavrac.com\/fr\/?s={search_term_string}"},"query-input":{"@type":"PropertyValueSpecification","valueRequired":true,"valueName":"search_term_string"}}],"inLanguage":"fr-CA"}]}},"_links":{"self":[{"href":"https:\/\/www.groupesomavrac.com\/fr\/wp-json\/wp\/v2\/product\/20633","targetHints":{"allow":["GET"]}}],"collection":[{"href":"https:\/\/www.groupesomavrac.com\/fr\/wp-json\/wp\/v2\/product"}],"about":[{"href":"https:\/\/www.groupesomavrac.com\/fr\/wp-json\/wp\/v2\/types\/product"}],"version-history":[{"count":5,"href":"https:\/\/www.groupesomavrac.com\/fr\/wp-json\/wp\/v2\/product\/20633\/revisions"}],"predecessor-version":[{"id":21404,"href":"https:\/\/www.groupesomavrac.com\/fr\/wp-json\/wp\/v2\/product\/20633\/revisions\/21404"}],"wp:featuredmedia":[{"embeddable":true,"href":"https:\/\/www.groupesomavrac.com\/fr\/wp-json\/wp\/v2\/media\/20634"}],"wp:attachment":[{"href":"https:\/\/www.groupesomavrac.com\/fr\/wp-json\/wp\/v2\/media?parent=20633"}],"wp:term":[{"taxonomy":"product_brand","embeddable":true,"href":"https:\/\/www.groupesomavrac.com\/fr\/wp-json\/wp\/v2\/product_brand?post=20633"},{"taxonomy":"product_cat","embeddable":true,"href":"https:\/\/www.groupesomavrac.com\/fr\/wp-json\/wp\/v2\/product_cat?post=20633"},{"taxonomy":"product_tag","embeddable":true,"href":"https:\/\/www.groupesomavrac.com\/fr\/wp-json\/wp\/v2\/product_tag?post=20633"}],"curies":[{"name":"wp","href":"https:\/\/api.w.org\/{rel}","templated":true}]}}