{"id":20637,"date":"2023-12-27T10:34:50","date_gmt":"2023-12-27T15:34:50","guid":{"rendered":"https:\/\/www.groupesomavrac.com\/?post_type=product&#038;p=20637"},"modified":"2024-03-12T09:21:14","modified_gmt":"2024-03-12T13:21:14","slug":"peroxyde-dhydrogene-2","status":"publish","type":"product","link":"https:\/\/www.groupesomavrac.com\/fr\/nos-produits\/peroxyde-dhydrogene-2\/","title":{"rendered":"Peroxyde d&rsquo;hydrog\u00e8ne"},"content":{"rendered":"<h1>PEROXYDE D&rsquo;HYDROG\u00c8NE<\/h1>\n<p>&nbsp;<\/p>\n<p>Le PEROXYDE D\u2019HYDROG\u00c8NE est une substance chimique incolore et inodore constitu\u00e9e de deux atomes d&rsquo;hydrog\u00e8ne et de deux atomes d&rsquo;oxyg\u00e8ne (H2O2). C\u2019est un produit chimique oxydant fr\u00e9quemment utilis\u00e9 comme d\u00e9sinfectant ou de blanchiment puissant dans les industries des p\u00e2tes \u00e0 papier, des textiles, l\u2019exploration mini\u00e8re, etc.<\/p>\n<p>Le PEROXYDE D\u2019HYDROG\u00c8NE peut \u00eatre aussi utilis\u00e9 dans le domaine du traitement de l\u2019eau et d\u2019autres industries pour un besoin de nettoyage.<\/p>\n<h2>Produits disponibles<\/h2>\n<ul>\n<li>Peroxyde d&rsquo;hydrog\u00e8ne 29%<\/li>\n<li>Peroxyde d&rsquo;hydrog\u00e8ne 35%<\/li>\n<li>Peroxyde d&rsquo;hydrog\u00e8ne 50%<\/li>\n<\/ul>\n<h2>Formats disponibles<\/h2>\n<ul>\n<li>Caisse de 4 x 4 L<\/li>\n<li>20 L<\/li>\n<li>55 L<\/li>\n<li>205 L<\/li>\n<li>1 050 L<\/li>\n<\/ul>\n<p><img fetchpriority=\"high\" decoding=\"async\" class=\"alignnone  wp-image-21390\" src=\"https:\/\/www.groupesomavrac.com\/wp-content\/uploads\/2023\/12\/Tous-les-formats-2-300x90.png\" alt=\"\" width=\"530\" height=\"159\" srcset=\"https:\/\/www.groupesomavrac.com\/wp-content\/uploads\/2023\/12\/Tous-les-formats-2-300x90.png 300w, https:\/\/www.groupesomavrac.com\/wp-content\/uploads\/2023\/12\/Tous-les-formats-2-1024x307.png 1024w, https:\/\/www.groupesomavrac.com\/wp-content\/uploads\/2023\/12\/Tous-les-formats-2-768x230.png 768w, https:\/\/www.groupesomavrac.com\/wp-content\/uploads\/2023\/12\/Tous-les-formats-2-1536x461.png 1536w, https:\/\/www.groupesomavrac.com\/wp-content\/uploads\/2023\/12\/Tous-les-formats-2-600x180.png 600w, https:\/\/www.groupesomavrac.com\/wp-content\/uploads\/2023\/12\/Tous-les-formats-2.png 1800w\" sizes=\"(max-width: 530px) 100vw, 530px\" \/><\/p>\n<p>Le peroxyde d\u2019hydrog\u00e8ne est un produit chimique utilis\u00e9 dans de tr\u00e8s nombreuses industries car il rassemble \u00e0 la fois les besoins en tant qu\u2019oxydant, agent de blanchiment, antiseptique et d\u00e9sinfectant. De plus, s\u2019il est mis en contact avec des mati\u00e8res organiques, il se d\u00e9compose en eau et en oxyg\u00e8ne.<\/p>\n<h2>Applications et utilisation<\/h2>\n<ul>\n<li>Agent d\u00e9sinfectant<\/li>\n<li>Agent de blanchiment<\/li>\n<li>Traitement de l&rsquo;eau<\/li>\n<li>P\u00e2tes et papiers<\/li>\n<li>Produits de nettoyage<\/li>\n<li>Produits cosm\u00e9tique<\/li>\n<\/ul>\n<h2>Faites de JBF votre distributeur de peroxyde d&rsquo;hydrog\u00e8ne<\/h2>\n<ul>\n<li>R\u00e9seau de fournisseurs de classe internationale offrant une stabilit\u00e9 d\u2019approvisionnement in\u00e9gal\u00e9e et une qualit\u00e9 irr\u00e9prochable. Nous nous engageons \u00e0 vous offrir les produits dont vous avez besoin, quand vous en avez besoin.<\/li>\n<li>Flotte de camions de livraison modernes, avec conducteurs d\u00e9di\u00e9s, couvrant toutes les r\u00e9gions du Qu\u00e9bec et de l\u2019Est de l\u2019Ontario. Nous avons mis en place un r\u00e9seau logistique efficace pour assurer des livraisons rapides, quel que soit votre emplacement et peu importe la quantit\u00e9 command\u00e9e.<\/li>\n<li>Soutenue par la force du Groupe Somavrac, une entreprise sp\u00e9cialis\u00e9e dans la manutention et la distribution de produits chimiques depuis plus de 60 ans, notre \u00e9quipe professionnelle est \u00e0 votre service. Nous avons b\u00e2ti notre r\u00e9putation sur l\u2019excellence de notre expertise et notre engagement envers la satisfaction de nos clients.<\/li>\n<\/ul>\n","protected":false},"excerpt":{"rendered":"<p>PEROXYDE D&rsquo;HYDROG\u00c8NE &nbsp; Le PEROXYDE D\u2019HYDROG\u00c8NE est une substance chimique incolore et inodore constitu\u00e9e de deux atomes d&rsquo;hydrog\u00e8ne et de deux atomes d&rsquo;oxyg\u00e8ne (H2O2). C\u2019est un produit chimique oxydant fr\u00e9quemment utilis\u00e9 comme d\u00e9sinfectant ou de blanchiment puissant dans les industries des p\u00e2tes \u00e0 papier, des textiles, l\u2019exploration mini\u00e8re, etc. Le PEROXYDE D\u2019HYDROG\u00c8NE peut \u00eatre aussi [&hellip;]<\/p>\n","protected":false},"featured_media":20638,"template":"","meta":{"_acf_changed":false,"inline_featured_image":false},"product_brand":[],"product_cat":[302],"product_tag":[],"class_list":{"0":"post-20637","1":"product","2":"type-product","3":"status-publish","4":"has-post-thumbnail","6":"product_cat-jbf","8":"first","9":"instock","10":"shipping-taxable","11":"product-type-simple"},"acf":[],"yoast_head":"<!-- This site is optimized with the Yoast SEO plugin v27.5 - https:\/\/yoast.com\/product\/yoast-seo-wordpress\/ -->\n<title>Peroxyde d&#039;hydrog\u00e8ne - Groupe Somavrac<\/title>\n<meta name=\"robots\" content=\"index, follow, max-snippet:-1, max-image-preview:large, max-video-preview:-1\" \/>\n<link rel=\"canonical\" href=\"https:\/\/www.groupesomavrac.com\/fr\/nos-produits\/peroxyde-dhydrogene-2\/\" \/>\n<meta property=\"og:locale\" content=\"fr_CA\" \/>\n<meta property=\"og:type\" content=\"article\" \/>\n<meta property=\"og:title\" content=\"Peroxyde d&#039;hydrog\u00e8ne - Groupe Somavrac\" \/>\n<meta property=\"og:description\" content=\"PEROXYDE D&rsquo;HYDROG\u00c8NE &nbsp; Le PEROXYDE D\u2019HYDROG\u00c8NE est une substance chimique incolore et inodore constitu\u00e9e de deux atomes d&rsquo;hydrog\u00e8ne et de deux atomes d&rsquo;oxyg\u00e8ne (H2O2). C\u2019est un produit chimique oxydant fr\u00e9quemment utilis\u00e9 comme d\u00e9sinfectant ou de blanchiment puissant dans les industries des p\u00e2tes \u00e0 papier, des textiles, l\u2019exploration mini\u00e8re, etc. Le PEROXYDE D\u2019HYDROG\u00c8NE peut \u00eatre aussi [&hellip;]\" \/>\n<meta property=\"og:url\" content=\"https:\/\/www.groupesomavrac.com\/fr\/nos-produits\/peroxyde-dhydrogene-2\/\" \/>\n<meta property=\"og:site_name\" content=\"Groupe Somavrac\" \/>\n<meta property=\"article:modified_time\" content=\"2024-03-12T13:21:14+00:00\" \/>\n<meta property=\"og:image\" content=\"https:\/\/www.groupesomavrac.com\/wp-content\/uploads\/2023\/12\/Peroxyde-dhydrogene.png\" \/>\n\t<meta property=\"og:image:width\" content=\"2048\" \/>\n\t<meta property=\"og:image:height\" content=\"2048\" \/>\n\t<meta property=\"og:image:type\" content=\"image\/png\" \/>\n<meta name=\"twitter:card\" content=\"summary_large_image\" \/>\n<meta name=\"twitter:label1\" content=\"Estimation du temps de lecture\" \/>\n\t<meta name=\"twitter:data1\" content=\"2 minutes\" \/>\n<script type=\"application\/ld+json\" class=\"yoast-schema-graph\">{\"@context\":\"https:\\\/\\\/schema.org\",\"@graph\":[{\"@type\":\"WebPage\",\"@id\":\"https:\\\/\\\/www.groupesomavrac.com\\\/fr\\\/nos-produits\\\/peroxyde-dhydrogene-2\\\/\",\"url\":\"https:\\\/\\\/www.groupesomavrac.com\\\/fr\\\/nos-produits\\\/peroxyde-dhydrogene-2\\\/\",\"name\":\"Peroxyde d'hydrog\u00e8ne - Groupe Somavrac\",\"isPartOf\":{\"@id\":\"https:\\\/\\\/www.groupesomavrac.com\\\/fr\\\/#website\"},\"primaryImageOfPage\":{\"@id\":\"https:\\\/\\\/www.groupesomavrac.com\\\/fr\\\/nos-produits\\\/peroxyde-dhydrogene-2\\\/#primaryimage\"},\"image\":{\"@id\":\"https:\\\/\\\/www.groupesomavrac.com\\\/fr\\\/nos-produits\\\/peroxyde-dhydrogene-2\\\/#primaryimage\"},\"thumbnailUrl\":\"https:\\\/\\\/www.groupesomavrac.com\\\/wp-content\\\/uploads\\\/2023\\\/12\\\/Peroxyde-dhydrogene.png\",\"datePublished\":\"2023-12-27T15:34:50+00:00\",\"dateModified\":\"2024-03-12T13:21:14+00:00\",\"breadcrumb\":{\"@id\":\"https:\\\/\\\/www.groupesomavrac.com\\\/fr\\\/nos-produits\\\/peroxyde-dhydrogene-2\\\/#breadcrumb\"},\"inLanguage\":\"fr-CA\",\"potentialAction\":[{\"@type\":\"ReadAction\",\"target\":[\"https:\\\/\\\/www.groupesomavrac.com\\\/fr\\\/nos-produits\\\/peroxyde-dhydrogene-2\\\/\"]}]},{\"@type\":\"ImageObject\",\"inLanguage\":\"fr-CA\",\"@id\":\"https:\\\/\\\/www.groupesomavrac.com\\\/fr\\\/nos-produits\\\/peroxyde-dhydrogene-2\\\/#primaryimage\",\"url\":\"https:\\\/\\\/www.groupesomavrac.com\\\/wp-content\\\/uploads\\\/2023\\\/12\\\/Peroxyde-dhydrogene.png\",\"contentUrl\":\"https:\\\/\\\/www.groupesomavrac.com\\\/wp-content\\\/uploads\\\/2023\\\/12\\\/Peroxyde-dhydrogene.png\",\"width\":2048,\"height\":2048},{\"@type\":\"BreadcrumbList\",\"@id\":\"https:\\\/\\\/www.groupesomavrac.com\\\/fr\\\/nos-produits\\\/peroxyde-dhydrogene-2\\\/#breadcrumb\",\"itemListElement\":[{\"@type\":\"ListItem\",\"position\":1,\"name\":\"Nos produits\",\"item\":\"https:\\\/\\\/www.groupesomavrac.com\\\/fr\\\/nos-produits\\\/\"},{\"@type\":\"ListItem\",\"position\":2,\"name\":\"Peroxyde d&rsquo;hydrog\u00e8ne\"}]},{\"@type\":\"WebSite\",\"@id\":\"https:\\\/\\\/www.groupesomavrac.com\\\/fr\\\/#website\",\"url\":\"https:\\\/\\\/www.groupesomavrac.com\\\/fr\\\/\",\"name\":\"Groupe Somavrac\",\"description\":\"Partenaire de votre cha\u00eene logistique\",\"potentialAction\":[{\"@type\":\"SearchAction\",\"target\":{\"@type\":\"EntryPoint\",\"urlTemplate\":\"https:\\\/\\\/www.groupesomavrac.com\\\/fr\\\/?s={search_term_string}\"},\"query-input\":{\"@type\":\"PropertyValueSpecification\",\"valueRequired\":true,\"valueName\":\"search_term_string\"}}],\"inLanguage\":\"fr-CA\"}]}<\/script>\n<!-- \/ Yoast SEO plugin. -->","yoast_head_json":{"title":"Peroxyde d'hydrog\u00e8ne - Groupe Somavrac","robots":{"index":"index","follow":"follow","max-snippet":"max-snippet:-1","max-image-preview":"max-image-preview:large","max-video-preview":"max-video-preview:-1"},"canonical":"https:\/\/www.groupesomavrac.com\/fr\/nos-produits\/peroxyde-dhydrogene-2\/","og_locale":"fr_CA","og_type":"article","og_title":"Peroxyde d'hydrog\u00e8ne - Groupe Somavrac","og_description":"PEROXYDE D&rsquo;HYDROG\u00c8NE &nbsp; Le PEROXYDE D\u2019HYDROG\u00c8NE est une substance chimique incolore et inodore constitu\u00e9e de deux atomes d&rsquo;hydrog\u00e8ne et de deux atomes d&rsquo;oxyg\u00e8ne (H2O2). C\u2019est un produit chimique oxydant fr\u00e9quemment utilis\u00e9 comme d\u00e9sinfectant ou de blanchiment puissant dans les industries des p\u00e2tes \u00e0 papier, des textiles, l\u2019exploration mini\u00e8re, etc. Le PEROXYDE D\u2019HYDROG\u00c8NE peut \u00eatre aussi [&hellip;]","og_url":"https:\/\/www.groupesomavrac.com\/fr\/nos-produits\/peroxyde-dhydrogene-2\/","og_site_name":"Groupe Somavrac","article_modified_time":"2024-03-12T13:21:14+00:00","og_image":[{"width":2048,"height":2048,"url":"https:\/\/www.groupesomavrac.com\/wp-content\/uploads\/2023\/12\/Peroxyde-dhydrogene.png","type":"image\/png"}],"twitter_card":"summary_large_image","twitter_misc":{"Estimation du temps de lecture":"2 minutes"},"schema":{"@context":"https:\/\/schema.org","@graph":[{"@type":"WebPage","@id":"https:\/\/www.groupesomavrac.com\/fr\/nos-produits\/peroxyde-dhydrogene-2\/","url":"https:\/\/www.groupesomavrac.com\/fr\/nos-produits\/peroxyde-dhydrogene-2\/","name":"Peroxyde d'hydrog\u00e8ne - Groupe Somavrac","isPartOf":{"@id":"https:\/\/www.groupesomavrac.com\/fr\/#website"},"primaryImageOfPage":{"@id":"https:\/\/www.groupesomavrac.com\/fr\/nos-produits\/peroxyde-dhydrogene-2\/#primaryimage"},"image":{"@id":"https:\/\/www.groupesomavrac.com\/fr\/nos-produits\/peroxyde-dhydrogene-2\/#primaryimage"},"thumbnailUrl":"https:\/\/www.groupesomavrac.com\/wp-content\/uploads\/2023\/12\/Peroxyde-dhydrogene.png","datePublished":"2023-12-27T15:34:50+00:00","dateModified":"2024-03-12T13:21:14+00:00","breadcrumb":{"@id":"https:\/\/www.groupesomavrac.com\/fr\/nos-produits\/peroxyde-dhydrogene-2\/#breadcrumb"},"inLanguage":"fr-CA","potentialAction":[{"@type":"ReadAction","target":["https:\/\/www.groupesomavrac.com\/fr\/nos-produits\/peroxyde-dhydrogene-2\/"]}]},{"@type":"ImageObject","inLanguage":"fr-CA","@id":"https:\/\/www.groupesomavrac.com\/fr\/nos-produits\/peroxyde-dhydrogene-2\/#primaryimage","url":"https:\/\/www.groupesomavrac.com\/wp-content\/uploads\/2023\/12\/Peroxyde-dhydrogene.png","contentUrl":"https:\/\/www.groupesomavrac.com\/wp-content\/uploads\/2023\/12\/Peroxyde-dhydrogene.png","width":2048,"height":2048},{"@type":"BreadcrumbList","@id":"https:\/\/www.groupesomavrac.com\/fr\/nos-produits\/peroxyde-dhydrogene-2\/#breadcrumb","itemListElement":[{"@type":"ListItem","position":1,"name":"Nos produits","item":"https:\/\/www.groupesomavrac.com\/fr\/nos-produits\/"},{"@type":"ListItem","position":2,"name":"Peroxyde d&rsquo;hydrog\u00e8ne"}]},{"@type":"WebSite","@id":"https:\/\/www.groupesomavrac.com\/fr\/#website","url":"https:\/\/www.groupesomavrac.com\/fr\/","name":"Groupe Somavrac","description":"Partenaire de votre cha\u00eene logistique","potentialAction":[{"@type":"SearchAction","target":{"@type":"EntryPoint","urlTemplate":"https:\/\/www.groupesomavrac.com\/fr\/?s={search_term_string}"},"query-input":{"@type":"PropertyValueSpecification","valueRequired":true,"valueName":"search_term_string"}}],"inLanguage":"fr-CA"}]}},"_links":{"self":[{"href":"https:\/\/www.groupesomavrac.com\/fr\/wp-json\/wp\/v2\/product\/20637","targetHints":{"allow":["GET"]}}],"collection":[{"href":"https:\/\/www.groupesomavrac.com\/fr\/wp-json\/wp\/v2\/product"}],"about":[{"href":"https:\/\/www.groupesomavrac.com\/fr\/wp-json\/wp\/v2\/types\/product"}],"version-history":[{"count":5,"href":"https:\/\/www.groupesomavrac.com\/fr\/wp-json\/wp\/v2\/product\/20637\/revisions"}],"predecessor-version":[{"id":21400,"href":"https:\/\/www.groupesomavrac.com\/fr\/wp-json\/wp\/v2\/product\/20637\/revisions\/21400"}],"wp:featuredmedia":[{"embeddable":true,"href":"https:\/\/www.groupesomavrac.com\/fr\/wp-json\/wp\/v2\/media\/20638"}],"wp:attachment":[{"href":"https:\/\/www.groupesomavrac.com\/fr\/wp-json\/wp\/v2\/media?parent=20637"}],"wp:term":[{"taxonomy":"product_brand","embeddable":true,"href":"https:\/\/www.groupesomavrac.com\/fr\/wp-json\/wp\/v2\/product_brand?post=20637"},{"taxonomy":"product_cat","embeddable":true,"href":"https:\/\/www.groupesomavrac.com\/fr\/wp-json\/wp\/v2\/product_cat?post=20637"},{"taxonomy":"product_tag","embeddable":true,"href":"https:\/\/www.groupesomavrac.com\/fr\/wp-json\/wp\/v2\/product_tag?post=20637"}],"curies":[{"name":"wp","href":"https:\/\/api.w.org\/{rel}","templated":true}]}}