{"id":5856,"date":"2020-05-29T13:56:34","date_gmt":"2020-05-29T17:56:34","guid":{"rendered":"https:\/\/www.groupesomavrac.com\/?post_type=product&#038;p=5856"},"modified":"2024-02-05T09:51:39","modified_gmt":"2024-02-05T14:51:39","slug":"pm-65","status":"publish","type":"product","link":"https:\/\/www.groupesomavrac.com\/fr\/nos-produits\/pm-65\/","title":{"rendered":"PM-65"},"content":{"rendered":"<h1>Pm-65, D\u00e9gla\u00e7ant industriel<\/h1>\n<p>Le PM-65 est un m\u00e9lange d\u00e9gla\u00e7ant qui a \u00e9t\u00e9 sp\u00e9cialement d\u00e9velopp\u00e9 pour les r\u00e9gions nordiques. Gr\u00e2ce \u00e0 sa haute efficacit\u00e9 sur les routes de graviers et lors des grands froids. Utilis\u00e9 seul ou m\u00e9lang\u00e9 \u00e0 votre abrasif hivernal, le PM-65 est le d\u00e9gla\u00e7ant id\u00e9al pour les routes de gravier.<\/p>\n<p><a role=\"button\" href=\"#pm665\"><br \/>\nApprenez-en davantage<br \/>\n<\/a><\/p>\n<p>Ce produit \u00e0 action rapide d\u00e9glace plus vite que le sel d\u00e9gla\u00e7ant habituel. Efficace jusqu\u2019\u00e0 -30\u00b0C, PM65\u00a0: d\u00e9gla\u00e7ant industriel est compos\u00e9 d\u2019un m\u00e9lange de chlorure de calcium et de chlorure de sodium, ce produit a \u00e9t\u00e9 con\u00e7u pour assurer la s\u00e9curit\u00e9 des v\u00e9hicules lourds que ce soit dans les chemins forestiers,\u00a0<a href=\"https:\/\/www.groupesomavrac.com\/fr\/filiales\/somavrac-c-c\/marches\/minier\/\" target=\"_blank\" rel=\"noopener\">miniers\u00a0<\/a>ou de\u00a0<a href=\"https:\/\/www.groupesomavrac.com\/fr\/filiales\/somavrac-c-c\/marches\/construction\/\" target=\"_blank\" rel=\"noopener\">construction<\/a>.<\/p>\n<h2>Formats disponibles<\/h2>\n<p>Somavrac C.C. offre PM65\u00a0: D\u00e9gla\u00e7ant Industriel en sacs de 1000 kg.<\/p>\n<h2>Pourquoi faire affaires avec Somavrac C.C.<\/h2>\n<p>Depuis plus de 25 ans, Somavrac C.C. con\u00e7oit, d\u00e9veloppe et distribue des d\u00e9gla\u00e7ants et abat-poussi\u00e8res de qualit\u00e9. Son expertise aupr\u00e8s des march\u00e9s municipales, miniers et de la construction lui permet d\u2019offrir des produits de qualit\u00e9 qui sont adapt\u00e9s aux besoins de cette client\u00e8le.<\/p>\n","protected":false},"excerpt":{"rendered":"<p>Pm-65, D\u00e9gla\u00e7ant industriel Le PM-65 est un m\u00e9lange d\u00e9gla\u00e7ant qui a \u00e9t\u00e9 sp\u00e9cialement d\u00e9velopp\u00e9 pour les r\u00e9gions nordiques. Gr\u00e2ce \u00e0 sa haute efficacit\u00e9 sur les routes de graviers et lors des grands froids. Utilis\u00e9 seul ou m\u00e9lang\u00e9 \u00e0 votre abrasif hivernal, le PM-65 est le d\u00e9gla\u00e7ant id\u00e9al pour les routes de gravier. Apprenez-en davantage Ce [&hellip;]<\/p>\n","protected":false},"featured_media":5858,"template":"","meta":{"_acf_changed":false,"inline_featured_image":false},"product_brand":[],"product_cat":[60,276,279],"product_tag":[],"class_list":{"0":"post-5856","1":"product","2":"type-product","3":"status-publish","4":"has-post-thumbnail","6":"product_cat-tous-les-produits-somavrac-cc","7":"product_cat-deglacants-somavrac-cc","8":"product_cat-deglacants-somavrac-cc-mines","10":"first","11":"instock","12":"shipping-taxable","13":"product-type-simple"},"acf":[],"yoast_head":"<!-- This site is optimized with the Yoast SEO plugin v26.9 - https:\/\/yoast.com\/product\/yoast-seo-wordpress\/ -->\n<title>D\u00e9gla\u00e7ant PM-65 | D\u00e9gla\u00e7ant Industriel | Somavrac C.C.<\/title>\n<meta name=\"description\" content=\"D\u00e9gla\u00e7ant industriel pour le domaine minier. Id\u00e9al pour les routes de graviers. Efficace \u00e0 de tr\u00e8s basses temp\u00e9ratures (-30\u00b0C).\" \/>\n<meta name=\"robots\" content=\"index, follow, max-snippet:-1, max-image-preview:large, max-video-preview:-1\" \/>\n<link rel=\"canonical\" href=\"https:\/\/www.groupesomavrac.com\/fr\/nos-produits\/pm-65\/\" \/>\n<meta property=\"og:locale\" content=\"fr_CA\" \/>\n<meta property=\"og:type\" content=\"article\" \/>\n<meta property=\"og:title\" content=\"D\u00e9gla\u00e7ant PM-65 | D\u00e9gla\u00e7ant Industriel | Somavrac C.C.\" \/>\n<meta property=\"og:description\" content=\"D\u00e9gla\u00e7ant industriel pour le domaine minier. Id\u00e9al pour les routes de graviers. Efficace \u00e0 de tr\u00e8s basses temp\u00e9ratures (-30\u00b0C).\" \/>\n<meta property=\"og:url\" content=\"https:\/\/www.groupesomavrac.com\/fr\/nos-produits\/pm-65\/\" \/>\n<meta property=\"og:site_name\" content=\"Groupe Somavrac\" \/>\n<meta property=\"article:modified_time\" content=\"2024-02-05T14:51:39+00:00\" \/>\n<meta property=\"og:image\" content=\"https:\/\/www.groupesomavrac.com\/wp-content\/uploads\/2020\/05\/pm65-web-scaled.jpg\" \/>\n\t<meta property=\"og:image:width\" content=\"2560\" \/>\n\t<meta property=\"og:image:height\" content=\"1714\" \/>\n\t<meta property=\"og:image:type\" content=\"image\/jpeg\" \/>\n<meta name=\"twitter:card\" content=\"summary_large_image\" \/>\n<meta name=\"twitter:label1\" content=\"Estimation du temps de lecture\" \/>\n\t<meta name=\"twitter:data1\" content=\"2 minutes\" \/>\n<script type=\"application\/ld+json\" class=\"yoast-schema-graph\">{\"@context\":\"https:\/\/schema.org\",\"@graph\":[{\"@type\":\"WebPage\",\"@id\":\"https:\/\/www.groupesomavrac.com\/fr\/nos-produits\/pm-65\/\",\"url\":\"https:\/\/www.groupesomavrac.com\/fr\/nos-produits\/pm-65\/\",\"name\":\"D\u00e9gla\u00e7ant PM-65 | D\u00e9gla\u00e7ant Industriel | Somavrac C.C.\",\"isPartOf\":{\"@id\":\"https:\/\/www.groupesomavrac.com\/fr\/#website\"},\"primaryImageOfPage\":{\"@id\":\"https:\/\/www.groupesomavrac.com\/fr\/nos-produits\/pm-65\/#primaryimage\"},\"image\":{\"@id\":\"https:\/\/www.groupesomavrac.com\/fr\/nos-produits\/pm-65\/#primaryimage\"},\"thumbnailUrl\":\"https:\/\/www.groupesomavrac.com\/wp-content\/uploads\/2020\/05\/pm65-web-scaled.jpg\",\"datePublished\":\"2020-05-29T17:56:34+00:00\",\"dateModified\":\"2024-02-05T14:51:39+00:00\",\"description\":\"D\u00e9gla\u00e7ant industriel pour le domaine minier. Id\u00e9al pour les routes de graviers. Efficace \u00e0 de tr\u00e8s basses temp\u00e9ratures (-30\u00b0C).\",\"breadcrumb\":{\"@id\":\"https:\/\/www.groupesomavrac.com\/fr\/nos-produits\/pm-65\/#breadcrumb\"},\"inLanguage\":\"fr-CA\",\"potentialAction\":[{\"@type\":\"ReadAction\",\"target\":[\"https:\/\/www.groupesomavrac.com\/fr\/nos-produits\/pm-65\/\"]}]},{\"@type\":\"ImageObject\",\"inLanguage\":\"fr-CA\",\"@id\":\"https:\/\/www.groupesomavrac.com\/fr\/nos-produits\/pm-65\/#primaryimage\",\"url\":\"https:\/\/www.groupesomavrac.com\/wp-content\/uploads\/2020\/05\/pm65-web-scaled.jpg\",\"contentUrl\":\"https:\/\/www.groupesomavrac.com\/wp-content\/uploads\/2020\/05\/pm65-web-scaled.jpg\",\"width\":2560,\"height\":1714,\"caption\":\"PM 65 - Somavrac C.C., mines et construction\"},{\"@type\":\"BreadcrumbList\",\"@id\":\"https:\/\/www.groupesomavrac.com\/fr\/nos-produits\/pm-65\/#breadcrumb\",\"itemListElement\":[{\"@type\":\"ListItem\",\"position\":1,\"name\":\"Nos produits\",\"item\":\"https:\/\/www.groupesomavrac.com\/fr\/nos-produits\/\"},{\"@type\":\"ListItem\",\"position\":2,\"name\":\"PM-65\"}]},{\"@type\":\"WebSite\",\"@id\":\"https:\/\/www.groupesomavrac.com\/fr\/#website\",\"url\":\"https:\/\/www.groupesomavrac.com\/fr\/\",\"name\":\"Groupe Somavrac\",\"description\":\"Partenaire de votre cha\u00eene logistique\",\"potentialAction\":[{\"@type\":\"SearchAction\",\"target\":{\"@type\":\"EntryPoint\",\"urlTemplate\":\"https:\/\/www.groupesomavrac.com\/fr\/?s={search_term_string}\"},\"query-input\":{\"@type\":\"PropertyValueSpecification\",\"valueRequired\":true,\"valueName\":\"search_term_string\"}}],\"inLanguage\":\"fr-CA\"}]}<\/script>\n<!-- \/ Yoast SEO plugin. -->","yoast_head_json":{"title":"D\u00e9gla\u00e7ant PM-65 | D\u00e9gla\u00e7ant Industriel | Somavrac C.C.","description":"D\u00e9gla\u00e7ant industriel pour le domaine minier. Id\u00e9al pour les routes de graviers. Efficace \u00e0 de tr\u00e8s basses temp\u00e9ratures (-30\u00b0C).","robots":{"index":"index","follow":"follow","max-snippet":"max-snippet:-1","max-image-preview":"max-image-preview:large","max-video-preview":"max-video-preview:-1"},"canonical":"https:\/\/www.groupesomavrac.com\/fr\/nos-produits\/pm-65\/","og_locale":"fr_CA","og_type":"article","og_title":"D\u00e9gla\u00e7ant PM-65 | D\u00e9gla\u00e7ant Industriel | Somavrac C.C.","og_description":"D\u00e9gla\u00e7ant industriel pour le domaine minier. Id\u00e9al pour les routes de graviers. Efficace \u00e0 de tr\u00e8s basses temp\u00e9ratures (-30\u00b0C).","og_url":"https:\/\/www.groupesomavrac.com\/fr\/nos-produits\/pm-65\/","og_site_name":"Groupe Somavrac","article_modified_time":"2024-02-05T14:51:39+00:00","og_image":[{"width":2560,"height":1714,"url":"https:\/\/www.groupesomavrac.com\/wp-content\/uploads\/2020\/05\/pm65-web-scaled.jpg","type":"image\/jpeg"}],"twitter_card":"summary_large_image","twitter_misc":{"Estimation du temps de lecture":"2 minutes"},"schema":{"@context":"https:\/\/schema.org","@graph":[{"@type":"WebPage","@id":"https:\/\/www.groupesomavrac.com\/fr\/nos-produits\/pm-65\/","url":"https:\/\/www.groupesomavrac.com\/fr\/nos-produits\/pm-65\/","name":"D\u00e9gla\u00e7ant PM-65 | D\u00e9gla\u00e7ant Industriel | Somavrac C.C.","isPartOf":{"@id":"https:\/\/www.groupesomavrac.com\/fr\/#website"},"primaryImageOfPage":{"@id":"https:\/\/www.groupesomavrac.com\/fr\/nos-produits\/pm-65\/#primaryimage"},"image":{"@id":"https:\/\/www.groupesomavrac.com\/fr\/nos-produits\/pm-65\/#primaryimage"},"thumbnailUrl":"https:\/\/www.groupesomavrac.com\/wp-content\/uploads\/2020\/05\/pm65-web-scaled.jpg","datePublished":"2020-05-29T17:56:34+00:00","dateModified":"2024-02-05T14:51:39+00:00","description":"D\u00e9gla\u00e7ant industriel pour le domaine minier. Id\u00e9al pour les routes de graviers. Efficace \u00e0 de tr\u00e8s basses temp\u00e9ratures (-30\u00b0C).","breadcrumb":{"@id":"https:\/\/www.groupesomavrac.com\/fr\/nos-produits\/pm-65\/#breadcrumb"},"inLanguage":"fr-CA","potentialAction":[{"@type":"ReadAction","target":["https:\/\/www.groupesomavrac.com\/fr\/nos-produits\/pm-65\/"]}]},{"@type":"ImageObject","inLanguage":"fr-CA","@id":"https:\/\/www.groupesomavrac.com\/fr\/nos-produits\/pm-65\/#primaryimage","url":"https:\/\/www.groupesomavrac.com\/wp-content\/uploads\/2020\/05\/pm65-web-scaled.jpg","contentUrl":"https:\/\/www.groupesomavrac.com\/wp-content\/uploads\/2020\/05\/pm65-web-scaled.jpg","width":2560,"height":1714,"caption":"PM 65 - Somavrac C.C., mines et construction"},{"@type":"BreadcrumbList","@id":"https:\/\/www.groupesomavrac.com\/fr\/nos-produits\/pm-65\/#breadcrumb","itemListElement":[{"@type":"ListItem","position":1,"name":"Nos produits","item":"https:\/\/www.groupesomavrac.com\/fr\/nos-produits\/"},{"@type":"ListItem","position":2,"name":"PM-65"}]},{"@type":"WebSite","@id":"https:\/\/www.groupesomavrac.com\/fr\/#website","url":"https:\/\/www.groupesomavrac.com\/fr\/","name":"Groupe Somavrac","description":"Partenaire de votre cha\u00eene logistique","potentialAction":[{"@type":"SearchAction","target":{"@type":"EntryPoint","urlTemplate":"https:\/\/www.groupesomavrac.com\/fr\/?s={search_term_string}"},"query-input":{"@type":"PropertyValueSpecification","valueRequired":true,"valueName":"search_term_string"}}],"inLanguage":"fr-CA"}]}},"_links":{"self":[{"href":"https:\/\/www.groupesomavrac.com\/fr\/wp-json\/wp\/v2\/product\/5856","targetHints":{"allow":["GET"]}}],"collection":[{"href":"https:\/\/www.groupesomavrac.com\/fr\/wp-json\/wp\/v2\/product"}],"about":[{"href":"https:\/\/www.groupesomavrac.com\/fr\/wp-json\/wp\/v2\/types\/product"}],"version-history":[{"count":25,"href":"https:\/\/www.groupesomavrac.com\/fr\/wp-json\/wp\/v2\/product\/5856\/revisions"}],"predecessor-version":[{"id":21028,"href":"https:\/\/www.groupesomavrac.com\/fr\/wp-json\/wp\/v2\/product\/5856\/revisions\/21028"}],"wp:featuredmedia":[{"embeddable":true,"href":"https:\/\/www.groupesomavrac.com\/fr\/wp-json\/wp\/v2\/media\/5858"}],"wp:attachment":[{"href":"https:\/\/www.groupesomavrac.com\/fr\/wp-json\/wp\/v2\/media?parent=5856"}],"wp:term":[{"taxonomy":"product_brand","embeddable":true,"href":"https:\/\/www.groupesomavrac.com\/fr\/wp-json\/wp\/v2\/product_brand?post=5856"},{"taxonomy":"product_cat","embeddable":true,"href":"https:\/\/www.groupesomavrac.com\/fr\/wp-json\/wp\/v2\/product_cat?post=5856"},{"taxonomy":"product_tag","embeddable":true,"href":"https:\/\/www.groupesomavrac.com\/fr\/wp-json\/wp\/v2\/product_tag?post=5856"}],"curies":[{"name":"wp","href":"https:\/\/api.w.org\/{rel}","templated":true}]}}